{"id":71558,"date":"2026-01-21T14:51:36","date_gmt":"2026-01-21T13:51:36","guid":{"rendered":"https:\/\/varibox.best4u.dev\/?post_type=product&#038;p=71558"},"modified":"2026-01-21T15:04:02","modified_gmt":"2026-01-21T14:04:02","slug":"zestaw-50-nakladek-varibox-safeline-z-epdm-copy","status":"publish","type":"product","link":"https:\/\/varibox.best4u.dev\/pl\/produkt\/zestaw-50-nakladek-varibox-safeline-z-epdm-copy\/","title":{"rendered":"Zestaw 70 nak\u0142adek VARIBOX Safeline z EPDM"},"content":{"rendered":"<p>Kapsel ochronny VARIBOX Safeline Performance EPDM mo\u017cna za\u0142o\u017cy\u0107 na rur\u0119 ss\u0105c\u0105 VARIBOX Safeline w celu jej zabezpieczenia. Kapsel ochronny wykonany jest z ABS, kolor jest bia\u0142y. Kapsel ochronny na rur\u0119 ss\u0105c\u0105 Safeline mo\u017ce by\u0107 zak\u0142adany przez dystrybutora chemii, w celu jej zabezpieczenia podczas transportu VARIBOX do klienta docelowego.<\/p>\n","protected":false},"excerpt":{"rendered":"<p>Nasadk\u0119 ochronn\u0105 VARIBOX Safeline Performance z EPDM mo\u017cna za\u0142o\u017cy\u0107 na rur\u0119 wyci\u0105gow\u0105 VARIBOX Safeline w celu jej zabezpieczenia.<\/p>\n","protected":false},"featured_media":63667,"comment_status":"closed","ping_status":"closed","template":"","meta":{"_acf_changed":false},"product_brand":[],"product_cat":[695,565,712,699,705,688,714,733],"product_tag":[603],"class_list":{"0":"post-71558","1":"product","2":"type-product","3":"status-publish","4":"has-post-thumbnail","6":"product_cat-varibox-drumtainer-pl","7":"product_cat-varibox-cc-250-pl","8":"product_cat-varibox-fc-1000-pl","9":"product_cat-varibox-fc-800-pl","10":"product_cat-caps-pl","11":"product_cat-caps-varibox-cc-250-2-pl","12":"product_cat-caps-varibox-fc-1000-pl","13":"product_cat-caps-varibox-fc-800-pl","14":"product_tag-ecolab-pl","15":"product_shipping_class-deventer-en","16":"pa_packaging-unit-50-pl","18":"first","19":"instock","20":"taxable","21":"shipping-taxable","22":"purchasable","23":"product-type-simple"},"featured_image_urls_v2":{"full":["https:\/\/varibox.best4u.dev\/wp-content\/uploads\/2022\/08\/capslea.png",600,400,false],"thumbnail":["https:\/\/varibox.best4u.dev\/wp-content\/uploads\/2022\/08\/capslea.png",256,171,false],"medium":["https:\/\/varibox.best4u.dev\/wp-content\/uploads\/2022\/08\/capslea.png",512,341,false],"medium_large":["https:\/\/varibox.best4u.dev\/wp-content\/uploads\/2022\/08\/capslea.png",600,400,false],"large":["https:\/\/varibox.best4u.dev\/wp-content\/uploads\/2022\/08\/capslea.png",600,400,false],"1536x1536":["https:\/\/varibox.best4u.dev\/wp-content\/uploads\/2022\/08\/capslea.png",600,400,false],"2048x2048":["https:\/\/varibox.best4u.dev\/wp-content\/uploads\/2022\/08\/capslea.png",600,400,false],"woocommerce_archive_thumbnail":["https:\/\/varibox.best4u.dev\/wp-content\/uploads\/2022\/08\/capslea-270x180.png",270,180,true],"gform-image-choice-sm":["https:\/\/varibox.best4u.dev\/wp-content\/uploads\/2022\/08\/capslea.png",300,200,false],"gform-image-choice-md":["https:\/\/varibox.best4u.dev\/wp-content\/uploads\/2022\/08\/capslea.png",400,267,false],"gform-image-choice-lg":["https:\/\/varibox.best4u.dev\/wp-content\/uploads\/2022\/08\/capslea.png",600,400,false],"woocommerce_thumbnail":["https:\/\/varibox.best4u.dev\/wp-content\/uploads\/2022\/08\/capslea.png",270,180,false],"woocommerce_single":["https:\/\/varibox.best4u.dev\/wp-content\/uploads\/2022\/08\/capslea.png",600,400,false],"woocommerce_gallery_thumbnail":["https:\/\/varibox.best4u.dev\/wp-content\/uploads\/2022\/08\/capslea-100x100.png",100,100,true],"variation_swatches_image_size":["https:\/\/varibox.best4u.dev\/wp-content\/uploads\/2022\/08\/capslea.png",50,33,false],"variation_swatches_tooltip_size":["https:\/\/varibox.best4u.dev\/wp-content\/uploads\/2022\/08\/capslea.png",100,67,false]},"post_excerpt_stackable_v2":"<p>Nasadk\u0119 ochronn\u0105 VARIBOX Safeline Performance z EPDM mo\u017cna za\u0142o\u017cy\u0107 na rur\u0119 wyci\u0105gow\u0105 VARIBOX Safeline w celu jej zabezpieczenia.<\/p>\n","category_list_v2":"","author_info_v2":{"name":"","url":""},"comments_num_v2":"0 comments","acf":[],"_links":{"self":[{"href":"https:\/\/varibox.best4u.dev\/pl\/wp-json\/wp\/v2\/product\/71558","targetHints":{"allow":["GET"]}}],"collection":[{"href":"https:\/\/varibox.best4u.dev\/pl\/wp-json\/wp\/v2\/product"}],"about":[{"href":"https:\/\/varibox.best4u.dev\/pl\/wp-json\/wp\/v2\/types\/product"}],"replies":[{"embeddable":true,"href":"https:\/\/varibox.best4u.dev\/pl\/wp-json\/wp\/v2\/comments?post=71558"}],"wp:featuredmedia":[{"embeddable":true,"href":"https:\/\/varibox.best4u.dev\/pl\/wp-json\/wp\/v2\/media\/63667"}],"wp:attachment":[{"href":"https:\/\/varibox.best4u.dev\/pl\/wp-json\/wp\/v2\/media?parent=71558"}],"wp:term":[{"taxonomy":"product_brand","embeddable":true,"href":"https:\/\/varibox.best4u.dev\/pl\/wp-json\/wp\/v2\/product_brand?post=71558"},{"taxonomy":"product_cat","embeddable":true,"href":"https:\/\/varibox.best4u.dev\/pl\/wp-json\/wp\/v2\/product_cat?post=71558"},{"taxonomy":"product_tag","embeddable":true,"href":"https:\/\/varibox.best4u.dev\/pl\/wp-json\/wp\/v2\/product_tag?post=71558"}],"curies":[{"name":"wp","href":"https:\/\/api.w.org\/{rel}","templated":true}]}}