{"id":70208,"date":"2025-07-29T10:19:09","date_gmt":"2025-07-29T08:19:09","guid":{"rendered":"https:\/\/varibox.best4u.dev\/product\/varibox-single-containment-1000l\/"},"modified":"2025-10-09T14:19:11","modified_gmt":"2025-10-09T12:19:11","slug":"varibox-single-containment-1000l","status":"publish","type":"product","link":"https:\/\/varibox.best4u.dev\/pl\/produkt\/varibox-single-containment-1000l\/","title":{"rendered":"VARIBOX Single Containment 1000L"},"content":{"rendered":"<p>VARIBOX Single Containment (SC) to pojemnik wielokrotnego u\u017cytku (IBC), kt\u00f3ry ma 10-krotnie d\u0142u\u017csz\u0105 \u017cywotno\u015b\u0107 ni\u017c inne pojemniki IBC.<\/p>\n<h2>Bezpieczna i bezproblemowa obs\u0142uga chemikali\u00f3w<\/h2>\n<p>Praca z niebezpiecznymi chemikaliami wymaga opakowa\u0144, kt\u00f3rym mo\u017cna zaufa\u0107. Pojemnik VARIBOX Single Containment 1000L (SC) zosta\u0142 zaprojektowany, aby pom\u00f3c w bezpiecznym przechowywaniu i transporcie cieczy. Jego solidna konstrukcja i zamkni\u0119ty system zmniejszaj\u0105 ryzyko wyciek\u00f3w, nara\u017cenia i zanieczyszczenia. To, co naprawd\u0119 wyr\u00f3\u017cnia ten pojemnik, to zintegrowany zaw\u00f3r kulowy VARIBOX &#8211; mocny, monoblokowy zaw\u00f3r o \u017cywotno\u015bci do 5 lat. Zaw\u00f3r ten zapewnia, \u017ce produkt pozostaje wewn\u0105trz pojemnika przez ca\u0142y czas, chroni\u0105c zar\u00f3wno operator\u00f3w, jak i \u015brodowisko. W pe\u0142ni certyfikowany przez ONZ, SC jest idealny do stosowania w obszarach zabudowanych i spe\u0142nia wszystkie wymagania dotycz\u0105ce transportu towar\u00f3w niebezpiecznych w Europie. Mo\u017cesz na niego liczy\u0107 &#8211; niezale\u017cnie od tego, czy potrzebujesz jednego, dw\u00f3ch czy kilku pojemnik\u00f3w.<\/p>\n<h2>Trwa\u0142e, wielokrotnego u\u017cytku i stworzone do codziennego u\u017cytku<\/h2>\n<p>Pojemnik VARIBOX SC jest przeznaczony do wielokrotnego, d\u0142ugotrwa\u0142ego u\u017cytkowania, a nie do wyrzucania. Dzi\u0119ki \u017cywotno\u015bci do 10 lat ten pojemnik IBC jest solidn\u0105 inwestycj\u0105 dla ka\u017cdego profesjonalisty regularnie korzystaj\u0105cego z chemikali\u00f3w. Pojemnik zosta\u0142 wykonany z polietylenu o wysokiej g\u0119sto\u015bci (HDPE) metod\u0105 formowania rotacyjnego, dzi\u0119ki czemu jego konstrukcja jest gruba, odporna na uderzenia i korozj\u0119. Pojemnik umo\u017cliwia ca\u0142kowite opr\u00f3\u017cnienie, pozostawiaj\u0105c mniej ni\u017c 0,1% pozosta\u0142o\u015bci, dzi\u0119ki czemu jest czysty i ekonomiczny. Dost\u0119pne s\u0105 zar\u00f3wno konfiguracje zawor\u00f3w 1&#8243;, jak i 2&#8243;, a dzi\u0119ki standardowej powierzchni paletowej (1200 x 1000 mm) mo\u017cna je \u0142atwo przenosi\u0107 za pomoc\u0105 w\u00f3zk\u00f3w wid\u0142owych lub podno\u015bnik\u00f3w paletowych. Dost\u0119pne jest kodowanie kolorami w celu \u0142atwej identyfikacji zawarto\u015bci. Wszystko jest dostarczane w pe\u0142ni zmontowane i gotowe do u\u017cycia &#8211; wystarczy rozpakowa\u0107 i gotowe.<\/p>\n<h2>M\u0105drzejszy i bardziej zr\u00f3wnowa\u017cony wyb\u00f3r opakowa\u0144<\/h2>\n<p>Za ka\u017cdym razem, gdy ponownie u\u017cywasz pojemnika VARIBOX SC, oszcz\u0119dzasz na opakowaniach jednorazowych i zmniejszasz ilo\u015b\u0107 odpad\u00f3w. Pojemnik nadaje si\u0119 w 99% do recyklingu i mo\u017ce zawiera\u0107 do 33% materia\u0142\u00f3w pochodz\u0105cych z recyklingu pou\u017cytkowego, wspieraj\u0105c cele zr\u00f3wnowa\u017conego rozwoju. Jego zamkni\u0119ty system i ergonomiczna konstrukcja pomagaj\u0105 zapobiega\u0107 bezpo\u015bredniemu kontaktowi z chemikaliami, oferuj\u0105c czystsze i bezpieczniejsze \u015brodowisko pracy. Niezale\u017cnie od tego, czy pracujesz w bran\u017cy sprz\u0105taj\u0105cej, rolnictwie, uzdatnianiu wody czy przemy\u015ble &#8211; VARIBOX SC zapewnia niezawodn\u0105 wydajno\u015b\u0107, dzie\u0144 po dniu, podr\u00f3\u017c po podr\u00f3\u017cy.<\/p>\n","protected":false},"excerpt":{"rendered":"<p><em>Zewn\u0119trzny pojemnik jest standardowo niebieski<\/em><\/p>\n<p>VARIBOX Single Containment (SC) to pojemnik wielokrotnego u\u017cytku (IBC), kt\u00f3ry ma 10-krotnie d\u0142u\u017csz\u0105 \u017cywotno\u015b\u0107 ni\u017c inne pojemniki IBC.<\/p>\n<p><strong>Czas dostawy: 4 tygodnie<\/strong><\/p>\n","protected":false},"featured_media":69373,"comment_status":"closed","ping_status":"closed","template":"","meta":{"_acf_changed":false},"product_brand":[892],"product_cat":[726],"product_tag":[],"class_list":{"0":"post-70208","1":"product","2":"type-product","3":"status-publish","4":"has-post-thumbnail","6":"product_brand-varibox","7":"product_cat-varibox-sc-1000-pl","8":"product_shipping_class-montoir","10":"first","11":"instock","12":"taxable","13":"shipping-taxable","14":"purchasable","15":"product-type-variable"},"featured_image_urls_v2":{"full":["https:\/\/varibox.best4u.dev\/wp-content\/uploads\/2025\/07\/VARIBOX-SC-Viton.jpg",850,1000,false],"thumbnail":["https:\/\/varibox.best4u.dev\/wp-content\/uploads\/2025\/07\/VARIBOX-SC-Viton-256x256.jpg",256,256,true],"medium":["https:\/\/varibox.best4u.dev\/wp-content\/uploads\/2025\/07\/VARIBOX-SC-Viton-435x512.jpg",435,512,true],"medium_large":["https:\/\/varibox.best4u.dev\/wp-content\/uploads\/2025\/07\/VARIBOX-SC-Viton-768x904.jpg",768,904,true],"large":["https:\/\/varibox.best4u.dev\/wp-content\/uploads\/2025\/07\/VARIBOX-SC-Viton.jpg",850,1000,false],"1536x1536":["https:\/\/varibox.best4u.dev\/wp-content\/uploads\/2025\/07\/VARIBOX-SC-Viton.jpg",850,1000,false],"2048x2048":["https:\/\/varibox.best4u.dev\/wp-content\/uploads\/2025\/07\/VARIBOX-SC-Viton.jpg",850,1000,false],"woocommerce_archive_thumbnail":["https:\/\/varibox.best4u.dev\/wp-content\/uploads\/2025\/07\/VARIBOX-SC-Viton-270x318.jpg",270,318,true],"gform-image-choice-sm":["https:\/\/varibox.best4u.dev\/wp-content\/uploads\/2025\/07\/VARIBOX-SC-Viton.jpg",255,300,false],"gform-image-choice-md":["https:\/\/varibox.best4u.dev\/wp-content\/uploads\/2025\/07\/VARIBOX-SC-Viton.jpg",340,400,false],"gform-image-choice-lg":["https:\/\/varibox.best4u.dev\/wp-content\/uploads\/2025\/07\/VARIBOX-SC-Viton.jpg",510,600,false],"woocommerce_thumbnail":["https:\/\/varibox.best4u.dev\/wp-content\/uploads\/2025\/07\/VARIBOX-SC-Viton-270x318.jpg",270,318,true],"woocommerce_single":["https:\/\/varibox.best4u.dev\/wp-content\/uploads\/2025\/07\/VARIBOX-SC-Viton.jpg",850,1000,false],"woocommerce_gallery_thumbnail":["https:\/\/varibox.best4u.dev\/wp-content\/uploads\/2025\/07\/VARIBOX-SC-Viton-100x100.jpg",100,100,true],"variation_swatches_image_size":["https:\/\/varibox.best4u.dev\/wp-content\/uploads\/2025\/07\/VARIBOX-SC-Viton-50x50.jpg",50,50,true],"variation_swatches_tooltip_size":["https:\/\/varibox.best4u.dev\/wp-content\/uploads\/2025\/07\/VARIBOX-SC-Viton-100x100.jpg",100,100,true]},"post_excerpt_stackable_v2":"<p><em>Zewn\u0119trzny pojemnik jest standardowo niebieski<\/em><\/p>\n<p>VARIBOX Single Containment (SC) to pojemnik wielokrotnego u\u017cytku (IBC), kt\u00f3ry ma 10-krotnie d\u0142u\u017csz\u0105 \u017cywotno\u015b\u0107 ni\u017c inne pojemniki IBC.<\/p>\n<p><strong>Czas dostawy: 4 tygodnie<\/strong><\/p>\n","category_list_v2":"","author_info_v2":{"name":"","url":""},"comments_num_v2":"0 comments","acf":[],"_links":{"self":[{"href":"https:\/\/varibox.best4u.dev\/pl\/wp-json\/wp\/v2\/product\/70208","targetHints":{"allow":["GET"]}}],"collection":[{"href":"https:\/\/varibox.best4u.dev\/pl\/wp-json\/wp\/v2\/product"}],"about":[{"href":"https:\/\/varibox.best4u.dev\/pl\/wp-json\/wp\/v2\/types\/product"}],"replies":[{"embeddable":true,"href":"https:\/\/varibox.best4u.dev\/pl\/wp-json\/wp\/v2\/comments?post=70208"}],"wp:featuredmedia":[{"embeddable":true,"href":"https:\/\/varibox.best4u.dev\/pl\/wp-json\/wp\/v2\/media\/69373"}],"wp:attachment":[{"href":"https:\/\/varibox.best4u.dev\/pl\/wp-json\/wp\/v2\/media?parent=70208"}],"wp:term":[{"taxonomy":"product_brand","embeddable":true,"href":"https:\/\/varibox.best4u.dev\/pl\/wp-json\/wp\/v2\/product_brand?post=70208"},{"taxonomy":"product_cat","embeddable":true,"href":"https:\/\/varibox.best4u.dev\/pl\/wp-json\/wp\/v2\/product_cat?post=70208"},{"taxonomy":"product_tag","embeddable":true,"href":"https:\/\/varibox.best4u.dev\/pl\/wp-json\/wp\/v2\/product_tag?post=70208"}],"curies":[{"name":"wp","href":"https:\/\/api.w.org\/{rel}","templated":true}]}}