{"id":68741,"date":"2025-07-21T14:49:46","date_gmt":"2025-07-21T12:49:46","guid":{"rendered":"https:\/\/varibox.best4u.dev\/?post_type=product&#038;p=68741"},"modified":"2025-07-21T14:57:35","modified_gmt":"2025-07-21T12:57:35","slug":"varibox-wewnetrzna-zatyczka-do-pojemnika-viton","status":"publish","type":"product","link":"https:\/\/varibox.best4u.dev\/pl\/produkt\/varibox-wewnetrzna-zatyczka-do-pojemnika-viton\/","title":{"rendered":"VARIBOX wewn\u0119trzna zatyczka do pojemnika Viton"},"content":{"rendered":"<p data-start=\"286\" data-end=\"628\">Korek zamykaj\u0105cy VARIBOX zosta\u0142 zaprojektowany do bezpiecznego zamykania wewn\u0119trznego pojemnika w sytuacjach, gdy nie jest pod\u0142\u0105czona rura zasysaj\u0105ca. Solidny korpus wykonany z polietylenu (PE) w po\u0142\u0105czeniu z wysokiej jako\u015bci uszczelk\u0105 VITON zapewnia wyj\u0105tkow\u0105 odporno\u015b\u0107 na agresywne substancje chemiczne, w tym rozpuszczalniki i silne kwasy.\u00a0Idealnie sprawdza si\u0119 podczas transportu, magazynowania lub prac serwisowych, gdy system nie jest aktywnie pod\u0142\u0105czony do rury zasysaj\u0105cej. Uszczelka z VITON-u gwarantuje niezawodne uszczelnienie nawet w przypadku podwy\u017cszonych temperatur lub kontaktu z trudnymi mediami, ograniczaj\u0105c ryzyko wyciek\u00f3w i emisji opar\u00f3w.\u00a0Dzi\u0119ki trwa\u0142ej konstrukcji i szerokiej kompatybilno\u015bci chemicznej korek ten doskonale odpowiada potrzebom bran\u017c wymagaj\u0105cych elastyczno\u015bci i niezawodno\u015bci. \u0141atwy w monta\u017cu i demonta\u017cu, pozwala na tymczasowe, lecz szczelne zamkni\u0119cie pojemnika.<\/p>\n","protected":false},"excerpt":{"rendered":"<p>Korek zamykaj\u0105cy VARIBOX zosta\u0142 zaprojektowany do bezpiecznego zamykania wewn\u0119trznego pojemnika w sytuacjach, gdy nie jest pod\u0142\u0105czona rura zasysaj\u0105ca.<\/p>\n","protected":false},"featured_media":68747,"comment_status":"closed","ping_status":"closed","template":"","meta":{"_acf_changed":false},"product_brand":[],"product_cat":[706,713,697,565,712,699],"product_tag":[],"class_list":{"0":"post-68741","1":"product","2":"type-product","3":"status-publish","4":"has-post-thumbnail","6":"product_cat-accessories-varibox-cc-250-pl","7":"product_cat-accessories-pl","8":"product_cat-accessories-varibox-fc-800-pl","9":"product_cat-varibox-cc-250-pl","10":"product_cat-varibox-fc-1000-pl","11":"product_cat-varibox-fc-800-pl","12":"product_shipping_class-deventer-en","13":"pa_packaging-unit-25-en-pl","15":"first","16":"instock","17":"taxable","18":"shipping-taxable","19":"purchasable","20":"product-type-simple"},"featured_image_urls_v2":{"full":["https:\/\/varibox.best4u.dev\/wp-content\/uploads\/2025\/07\/Sealing-plug-inner-container-Viton-3.png",600,800,false],"thumbnail":["https:\/\/varibox.best4u.dev\/wp-content\/uploads\/2025\/07\/Sealing-plug-inner-container-Viton-3-256x256.png",256,256,true],"medium":["https:\/\/varibox.best4u.dev\/wp-content\/uploads\/2025\/07\/Sealing-plug-inner-container-Viton-3-384x512.png",384,512,true],"medium_large":["https:\/\/varibox.best4u.dev\/wp-content\/uploads\/2025\/07\/Sealing-plug-inner-container-Viton-3.png",600,800,false],"large":["https:\/\/varibox.best4u.dev\/wp-content\/uploads\/2025\/07\/Sealing-plug-inner-container-Viton-3.png",600,800,false],"1536x1536":["https:\/\/varibox.best4u.dev\/wp-content\/uploads\/2025\/07\/Sealing-plug-inner-container-Viton-3.png",600,800,false],"2048x2048":["https:\/\/varibox.best4u.dev\/wp-content\/uploads\/2025\/07\/Sealing-plug-inner-container-Viton-3.png",600,800,false],"woocommerce_archive_thumbnail":["https:\/\/varibox.best4u.dev\/wp-content\/uploads\/2025\/07\/Sealing-plug-inner-container-Viton-3-270x360.png",270,360,true],"gform-image-choice-sm":["https:\/\/varibox.best4u.dev\/wp-content\/uploads\/2025\/07\/Sealing-plug-inner-container-Viton-3.png",225,300,false],"gform-image-choice-md":["https:\/\/varibox.best4u.dev\/wp-content\/uploads\/2025\/07\/Sealing-plug-inner-container-Viton-3.png",300,400,false],"gform-image-choice-lg":["https:\/\/varibox.best4u.dev\/wp-content\/uploads\/2025\/07\/Sealing-plug-inner-container-Viton-3.png",450,600,false],"woocommerce_thumbnail":["https:\/\/varibox.best4u.dev\/wp-content\/uploads\/2025\/07\/Sealing-plug-inner-container-Viton-3-270x360.png",270,360,true],"woocommerce_single":["https:\/\/varibox.best4u.dev\/wp-content\/uploads\/2025\/07\/Sealing-plug-inner-container-Viton-3.png",600,800,false],"woocommerce_gallery_thumbnail":["https:\/\/varibox.best4u.dev\/wp-content\/uploads\/2025\/07\/Sealing-plug-inner-container-Viton-3-100x100.png",100,100,true],"variation_swatches_image_size":["https:\/\/varibox.best4u.dev\/wp-content\/uploads\/2025\/07\/Sealing-plug-inner-container-Viton-3-50x50.png",50,50,true],"variation_swatches_tooltip_size":["https:\/\/varibox.best4u.dev\/wp-content\/uploads\/2025\/07\/Sealing-plug-inner-container-Viton-3-100x100.png",100,100,true]},"post_excerpt_stackable_v2":"<p>Korek zamykaj\u0105cy VARIBOX zosta\u0142 zaprojektowany do bezpiecznego zamykania wewn\u0119trznego pojemnika w sytuacjach, gdy nie jest pod\u0142\u0105czona rura zasysaj\u0105ca.<\/p>\n","category_list_v2":"","author_info_v2":{"name":"","url":""},"comments_num_v2":"0 comments","acf":[],"_links":{"self":[{"href":"https:\/\/varibox.best4u.dev\/pl\/wp-json\/wp\/v2\/product\/68741","targetHints":{"allow":["GET"]}}],"collection":[{"href":"https:\/\/varibox.best4u.dev\/pl\/wp-json\/wp\/v2\/product"}],"about":[{"href":"https:\/\/varibox.best4u.dev\/pl\/wp-json\/wp\/v2\/types\/product"}],"replies":[{"embeddable":true,"href":"https:\/\/varibox.best4u.dev\/pl\/wp-json\/wp\/v2\/comments?post=68741"}],"wp:featuredmedia":[{"embeddable":true,"href":"https:\/\/varibox.best4u.dev\/pl\/wp-json\/wp\/v2\/media\/68747"}],"wp:attachment":[{"href":"https:\/\/varibox.best4u.dev\/pl\/wp-json\/wp\/v2\/media?parent=68741"}],"wp:term":[{"taxonomy":"product_brand","embeddable":true,"href":"https:\/\/varibox.best4u.dev\/pl\/wp-json\/wp\/v2\/product_brand?post=68741"},{"taxonomy":"product_cat","embeddable":true,"href":"https:\/\/varibox.best4u.dev\/pl\/wp-json\/wp\/v2\/product_cat?post=68741"},{"taxonomy":"product_tag","embeddable":true,"href":"https:\/\/varibox.best4u.dev\/pl\/wp-json\/wp\/v2\/product_tag?post=68741"}],"curies":[{"name":"wp","href":"https:\/\/api.w.org\/{rel}","templated":true}]}}