{"id":68710,"date":"2025-07-21T13:59:41","date_gmt":"2025-07-21T11:59:41","guid":{"rendered":"https:\/\/varibox.best4u.dev\/?post_type=product&#038;p=68710"},"modified":"2025-07-21T14:13:47","modified_gmt":"2025-07-21T12:13:47","slug":"varibox-wewnetrzna-zatyczka-do-pojemnika-epdm","status":"publish","type":"product","link":"https:\/\/varibox.best4u.dev\/pl\/produkt\/varibox-wewnetrzna-zatyczka-do-pojemnika-epdm\/","title":{"rendered":"VARIBOX wewn\u0119trzna zatyczka do pojemnika EPDM"},"content":{"rendered":"<p data-start=\"211\" data-end=\"546\">Korek zamykaj\u0105cy do wewn\u0119trznego pojemnika VARIBOX zosta\u0142 specjalnie zaprojektowany, aby bezpiecznie zamkn\u0105\u0107 otw\u00f3r, gdy nie jest u\u017cywana <strong data-start=\"348\" data-end=\"367\">rura zasysaj\u0105ca<\/strong>. Korpus korka wykonany jest z wytrzyma\u0142ego polietylenu (PE), a uszczelka z chemicznie odpornego EPDM zapewnia niezawodne uszczelnienie nawet w wymagaj\u0105cych warunkach chemicznych.\u00a0Jest to idealne rozwi\u0105zanie do zamykania wewn\u0119trznego pojemnika VARIBOX podczas transportu, przechowywania lub tymczasowego nieu\u017cywania. Korek zapobiega wyciekom, zanieczyszczeniom oraz emisji opar\u00f3w, wspieraj\u0105c bezpieczne i czyste \u015brodowisko pracy \u2013 nie b\u0119d\u0105c jednocze\u015bnie cz\u0119\u015bci\u0105 zamkni\u0119tego systemu VARIBOX.\u00a0Korek jest \u0142atwy w monta\u017cu i demonta\u017cu, oferuj\u0105c maksymaln\u0105 elastyczno\u015b\u0107 w zastosowaniach bez rury zasysaj\u0105cej. Dzi\u0119ki wysokiej odporno\u015bci chemicznej i solidnej konstrukcji nadaje si\u0119 do szerokiej gamy cieczy, takich jak kwasy, zasady i inne kompatybilne substancje.<\/p>\n","protected":false},"excerpt":{"rendered":"<p>Korek zamykaj\u0105cy do wewn\u0119trznego pojemnika VARIBOX zosta\u0142 specjalnie zaprojektowany, aby bezpiecznie zamkn\u0105\u0107 otw\u00f3r, gdy nie jest u\u017cywana <strong data-start=\"348\" data-end=\"367\">rura zasysaj\u0105ca<\/strong>.<\/p>\n","protected":false},"featured_media":68716,"comment_status":"closed","ping_status":"closed","template":"","meta":{"_acf_changed":false},"product_brand":[],"product_cat":[706,713,697,565,712,699],"product_tag":[],"class_list":{"0":"post-68710","1":"product","2":"type-product","3":"status-publish","4":"has-post-thumbnail","6":"product_cat-accessories-varibox-cc-250-pl","7":"product_cat-accessories-pl","8":"product_cat-accessories-varibox-fc-800-pl","9":"product_cat-varibox-cc-250-pl","10":"product_cat-varibox-fc-1000-pl","11":"product_cat-varibox-fc-800-pl","12":"product_shipping_class-deventer-en","13":"pa_packaging-unit-25-en-pl","15":"first","16":"instock","17":"taxable","18":"shipping-taxable","19":"purchasable","20":"product-type-simple"},"featured_image_urls_v2":{"full":["https:\/\/varibox.best4u.dev\/wp-content\/uploads\/2025\/07\/Sealing-plug-inner-container-EPDM-1.png",600,800,false],"thumbnail":["https:\/\/varibox.best4u.dev\/wp-content\/uploads\/2025\/07\/Sealing-plug-inner-container-EPDM-1-256x256.png",256,256,true],"medium":["https:\/\/varibox.best4u.dev\/wp-content\/uploads\/2025\/07\/Sealing-plug-inner-container-EPDM-1-384x512.png",384,512,true],"medium_large":["https:\/\/varibox.best4u.dev\/wp-content\/uploads\/2025\/07\/Sealing-plug-inner-container-EPDM-1.png",600,800,false],"large":["https:\/\/varibox.best4u.dev\/wp-content\/uploads\/2025\/07\/Sealing-plug-inner-container-EPDM-1.png",600,800,false],"1536x1536":["https:\/\/varibox.best4u.dev\/wp-content\/uploads\/2025\/07\/Sealing-plug-inner-container-EPDM-1.png",600,800,false],"2048x2048":["https:\/\/varibox.best4u.dev\/wp-content\/uploads\/2025\/07\/Sealing-plug-inner-container-EPDM-1.png",600,800,false],"woocommerce_archive_thumbnail":["https:\/\/varibox.best4u.dev\/wp-content\/uploads\/2025\/07\/Sealing-plug-inner-container-EPDM-1-270x360.png",270,360,true],"gform-image-choice-sm":["https:\/\/varibox.best4u.dev\/wp-content\/uploads\/2025\/07\/Sealing-plug-inner-container-EPDM-1.png",225,300,false],"gform-image-choice-md":["https:\/\/varibox.best4u.dev\/wp-content\/uploads\/2025\/07\/Sealing-plug-inner-container-EPDM-1.png",300,400,false],"gform-image-choice-lg":["https:\/\/varibox.best4u.dev\/wp-content\/uploads\/2025\/07\/Sealing-plug-inner-container-EPDM-1.png",450,600,false],"woocommerce_thumbnail":["https:\/\/varibox.best4u.dev\/wp-content\/uploads\/2025\/07\/Sealing-plug-inner-container-EPDM-1-270x360.png",270,360,true],"woocommerce_single":["https:\/\/varibox.best4u.dev\/wp-content\/uploads\/2025\/07\/Sealing-plug-inner-container-EPDM-1.png",600,800,false],"woocommerce_gallery_thumbnail":["https:\/\/varibox.best4u.dev\/wp-content\/uploads\/2025\/07\/Sealing-plug-inner-container-EPDM-1-100x100.png",100,100,true],"variation_swatches_image_size":["https:\/\/varibox.best4u.dev\/wp-content\/uploads\/2025\/07\/Sealing-plug-inner-container-EPDM-1-50x50.png",50,50,true],"variation_swatches_tooltip_size":["https:\/\/varibox.best4u.dev\/wp-content\/uploads\/2025\/07\/Sealing-plug-inner-container-EPDM-1-100x100.png",100,100,true]},"post_excerpt_stackable_v2":"<p>Korek zamykaj\u0105cy do wewn\u0119trznego pojemnika VARIBOX zosta\u0142 specjalnie zaprojektowany, aby bezpiecznie zamkn\u0105\u0107 otw\u00f3r, gdy nie jest u\u017cywana <strong data-start=\"348\" data-end=\"367\">rura zasysaj\u0105ca<\/strong>.<\/p>\n","category_list_v2":"","author_info_v2":{"name":"","url":""},"comments_num_v2":"0 comments","acf":[],"_links":{"self":[{"href":"https:\/\/varibox.best4u.dev\/pl\/wp-json\/wp\/v2\/product\/68710","targetHints":{"allow":["GET"]}}],"collection":[{"href":"https:\/\/varibox.best4u.dev\/pl\/wp-json\/wp\/v2\/product"}],"about":[{"href":"https:\/\/varibox.best4u.dev\/pl\/wp-json\/wp\/v2\/types\/product"}],"replies":[{"embeddable":true,"href":"https:\/\/varibox.best4u.dev\/pl\/wp-json\/wp\/v2\/comments?post=68710"}],"wp:featuredmedia":[{"embeddable":true,"href":"https:\/\/varibox.best4u.dev\/pl\/wp-json\/wp\/v2\/media\/68716"}],"wp:attachment":[{"href":"https:\/\/varibox.best4u.dev\/pl\/wp-json\/wp\/v2\/media?parent=68710"}],"wp:term":[{"taxonomy":"product_brand","embeddable":true,"href":"https:\/\/varibox.best4u.dev\/pl\/wp-json\/wp\/v2\/product_brand?post=68710"},{"taxonomy":"product_cat","embeddable":true,"href":"https:\/\/varibox.best4u.dev\/pl\/wp-json\/wp\/v2\/product_cat?post=68710"},{"taxonomy":"product_tag","embeddable":true,"href":"https:\/\/varibox.best4u.dev\/pl\/wp-json\/wp\/v2\/product_tag?post=68710"}],"curies":[{"name":"wp","href":"https:\/\/api.w.org\/{rel}","templated":true}]}}