{"id":68703,"date":"2025-07-21T12:22:02","date_gmt":"2025-07-21T10:22:02","guid":{"rendered":"https:\/\/varibox.best4u.dev\/?post_type=product&#038;p=68703"},"modified":"2025-07-21T12:26:17","modified_gmt":"2025-07-21T10:26:17","slug":"naklejka-varibox-sc-na-wentylacje-prozniowa","status":"publish","type":"product","link":"https:\/\/varibox.best4u.dev\/pl\/produkt\/naklejka-varibox-sc-na-wentylacje-prozniowa\/","title":{"rendered":"Naklejka VARIBOX SC na wentylacj\u0119 pr\u00f3\u017cniow\u0105"},"content":{"rendered":"<p>Ka\u017cdy VARIBOX posiada automatyczn\u0105 wentylacj\u0119. Naklejk\u0119 VARIBOX SC mo\u017cna przyklei\u0107 na kapsel z odpowietrznikiem Vacuum vent (pr\u00f3\u017cniowym). Naklejka na ten kapsel wykonana jest z PE, kolor jest bia\u0142y. Naklejka wskazuje, \u017ce kapsel jest tylko z odpowietrznikiem pr\u00f3\u017cniowym.<\/p>\n","protected":false},"excerpt":{"rendered":"<p>Ka\u017cdy VARIBOX posiada automatyczny odpowietrznik. Naklejk\u0119 VARIBOX SC mo\u017cna przyklei\u0107 na pokrywie odpowietrznika pr\u00f3\u017cniowego.<\/p>\n","protected":false},"featured_media":63632,"comment_status":"closed","ping_status":"closed","template":"","meta":{"_acf_changed":false},"product_brand":[],"product_cat":[721,727,726,720],"product_tag":[],"class_list":{"0":"post-68703","1":"product","2":"type-product","3":"status-publish","4":"has-post-thumbnail","6":"product_cat-accessories-varibox-sc-800-pl","7":"product_cat-accessories-varibox-sc-1000-pl","8":"product_cat-varibox-sc-1000-pl","9":"product_cat-varibox-sc-800-pl","10":"product_shipping_class-deventer-en","11":"pa_packaging-unit-50-pl","13":"first","14":"instock","15":"taxable","16":"shipping-taxable","17":"purchasable","18":"product-type-simple"},"featured_image_urls_v2":{"full":["https:\/\/varibox.best4u.dev\/wp-content\/uploads\/2022\/08\/labelvac.png",600,400,false],"thumbnail":["https:\/\/varibox.best4u.dev\/wp-content\/uploads\/2022\/08\/labelvac.png",256,171,false],"medium":["https:\/\/varibox.best4u.dev\/wp-content\/uploads\/2022\/08\/labelvac.png",512,341,false],"medium_large":["https:\/\/varibox.best4u.dev\/wp-content\/uploads\/2022\/08\/labelvac.png",600,400,false],"large":["https:\/\/varibox.best4u.dev\/wp-content\/uploads\/2022\/08\/labelvac.png",600,400,false],"1536x1536":["https:\/\/varibox.best4u.dev\/wp-content\/uploads\/2022\/08\/labelvac.png",600,400,false],"2048x2048":["https:\/\/varibox.best4u.dev\/wp-content\/uploads\/2022\/08\/labelvac.png",600,400,false],"woocommerce_archive_thumbnail":["https:\/\/varibox.best4u.dev\/wp-content\/uploads\/2022\/08\/labelvac-270x180.png",270,180,true],"gform-image-choice-sm":["https:\/\/varibox.best4u.dev\/wp-content\/uploads\/2022\/08\/labelvac.png",300,200,false],"gform-image-choice-md":["https:\/\/varibox.best4u.dev\/wp-content\/uploads\/2022\/08\/labelvac.png",400,267,false],"gform-image-choice-lg":["https:\/\/varibox.best4u.dev\/wp-content\/uploads\/2022\/08\/labelvac.png",600,400,false],"woocommerce_thumbnail":["https:\/\/varibox.best4u.dev\/wp-content\/uploads\/2022\/08\/labelvac.png",270,180,false],"woocommerce_single":["https:\/\/varibox.best4u.dev\/wp-content\/uploads\/2022\/08\/labelvac.png",600,400,false],"woocommerce_gallery_thumbnail":["https:\/\/varibox.best4u.dev\/wp-content\/uploads\/2022\/08\/labelvac-100x100.png",100,100,true],"variation_swatches_image_size":["https:\/\/varibox.best4u.dev\/wp-content\/uploads\/2022\/08\/labelvac.png",50,33,false],"variation_swatches_tooltip_size":["https:\/\/varibox.best4u.dev\/wp-content\/uploads\/2022\/08\/labelvac.png",100,67,false]},"post_excerpt_stackable_v2":"<p>Ka\u017cdy VARIBOX posiada automatyczny odpowietrznik. Naklejk\u0119 VARIBOX SC mo\u017cna przyklei\u0107 na pokrywie odpowietrznika pr\u00f3\u017cniowego.<\/p>\n","category_list_v2":"","author_info_v2":{"name":"","url":""},"comments_num_v2":"0 comments","acf":[],"_links":{"self":[{"href":"https:\/\/varibox.best4u.dev\/pl\/wp-json\/wp\/v2\/product\/68703","targetHints":{"allow":["GET"]}}],"collection":[{"href":"https:\/\/varibox.best4u.dev\/pl\/wp-json\/wp\/v2\/product"}],"about":[{"href":"https:\/\/varibox.best4u.dev\/pl\/wp-json\/wp\/v2\/types\/product"}],"replies":[{"embeddable":true,"href":"https:\/\/varibox.best4u.dev\/pl\/wp-json\/wp\/v2\/comments?post=68703"}],"wp:featuredmedia":[{"embeddable":true,"href":"https:\/\/varibox.best4u.dev\/pl\/wp-json\/wp\/v2\/media\/63632"}],"wp:attachment":[{"href":"https:\/\/varibox.best4u.dev\/pl\/wp-json\/wp\/v2\/media?parent=68703"}],"wp:term":[{"taxonomy":"product_brand","embeddable":true,"href":"https:\/\/varibox.best4u.dev\/pl\/wp-json\/wp\/v2\/product_brand?post=68703"},{"taxonomy":"product_cat","embeddable":true,"href":"https:\/\/varibox.best4u.dev\/pl\/wp-json\/wp\/v2\/product_cat?post=68703"},{"taxonomy":"product_tag","embeddable":true,"href":"https:\/\/varibox.best4u.dev\/pl\/wp-json\/wp\/v2\/product_tag?post=68703"}],"curies":[{"name":"wp","href":"https:\/\/api.w.org\/{rel}","templated":true}]}}