{"id":68696,"date":"2025-07-21T12:10:36","date_gmt":"2025-07-21T10:10:36","guid":{"rendered":"https:\/\/varibox.best4u.dev\/?post_type=product&#038;p=68696"},"modified":"2025-07-21T12:17:13","modified_gmt":"2025-07-21T10:17:13","slug":"naklejka-varibox-sc-combi-vent","status":"publish","type":"product","link":"https:\/\/varibox.best4u.dev\/pl\/produkt\/naklejka-varibox-sc-combi-vent\/","title":{"rendered":"Naklejka VARIBOX SC Combi-vent"},"content":{"rendered":"<p>Ka\u017cdy VARIBOX posiada automatyczn\u0105 wentylacj\u0119. Naklejk\u0119 VARIBOX SC Combi-vent mo\u017cna przyklei\u0107 na kapsel z zaworami combi-vent (pr\u00f3\u017cniowym i nadci\u015bnieniowym). Naklejka na kapsel Combi-vent wykonana jest z PE, kolor \u017c\u00f3\u0142ty. Naklejka wskazuje, \u017ce kapsel wypoa\u017cony jest w zaw\u00f3r combi-vent ( pr\u00f3\u017cniowy i nadci\u015bnieniowy).<\/p>\n","protected":false},"excerpt":{"rendered":"<p>Ka\u017cdy VARIBOX posiada automatyczny odpowietrznik. Naklejk\u0119 VARIBOX SC Combi-vent mo\u017cna przyklei\u0107 na pokrywie odpowietrznika Combi-vent.<\/p>\n","protected":false},"featured_media":63630,"comment_status":"closed","ping_status":"closed","template":"","meta":{"_acf_changed":false},"product_brand":[],"product_cat":[721,727,726,720],"product_tag":[603],"class_list":{"0":"post-68696","1":"product","2":"type-product","3":"status-publish","4":"has-post-thumbnail","6":"product_cat-accessories-varibox-sc-800-pl","7":"product_cat-accessories-varibox-sc-1000-pl","8":"product_cat-varibox-sc-1000-pl","9":"product_cat-varibox-sc-800-pl","10":"product_tag-ecolab-pl","11":"product_shipping_class-montoir","12":"pa_packaging-unit-50-pl","14":"first","15":"instock","16":"taxable","17":"shipping-taxable","18":"purchasable","19":"product-type-simple"},"featured_image_urls_v2":{"full":["https:\/\/varibox.best4u.dev\/wp-content\/uploads\/2022\/08\/labelcombi.png",600,400,false],"thumbnail":["https:\/\/varibox.best4u.dev\/wp-content\/uploads\/2022\/08\/labelcombi.png",256,171,false],"medium":["https:\/\/varibox.best4u.dev\/wp-content\/uploads\/2022\/08\/labelcombi.png",512,341,false],"medium_large":["https:\/\/varibox.best4u.dev\/wp-content\/uploads\/2022\/08\/labelcombi.png",600,400,false],"large":["https:\/\/varibox.best4u.dev\/wp-content\/uploads\/2022\/08\/labelcombi.png",600,400,false],"1536x1536":["https:\/\/varibox.best4u.dev\/wp-content\/uploads\/2022\/08\/labelcombi.png",600,400,false],"2048x2048":["https:\/\/varibox.best4u.dev\/wp-content\/uploads\/2022\/08\/labelcombi.png",600,400,false],"woocommerce_archive_thumbnail":["https:\/\/varibox.best4u.dev\/wp-content\/uploads\/2022\/08\/labelcombi-270x180.png",270,180,true],"gform-image-choice-sm":["https:\/\/varibox.best4u.dev\/wp-content\/uploads\/2022\/08\/labelcombi.png",300,200,false],"gform-image-choice-md":["https:\/\/varibox.best4u.dev\/wp-content\/uploads\/2022\/08\/labelcombi.png",400,267,false],"gform-image-choice-lg":["https:\/\/varibox.best4u.dev\/wp-content\/uploads\/2022\/08\/labelcombi.png",600,400,false],"woocommerce_thumbnail":["https:\/\/varibox.best4u.dev\/wp-content\/uploads\/2022\/08\/labelcombi.png",270,180,false],"woocommerce_single":["https:\/\/varibox.best4u.dev\/wp-content\/uploads\/2022\/08\/labelcombi.png",600,400,false],"woocommerce_gallery_thumbnail":["https:\/\/varibox.best4u.dev\/wp-content\/uploads\/2022\/08\/labelcombi-100x100.png",100,100,true],"variation_swatches_image_size":["https:\/\/varibox.best4u.dev\/wp-content\/uploads\/2022\/08\/labelcombi.png",50,33,false],"variation_swatches_tooltip_size":["https:\/\/varibox.best4u.dev\/wp-content\/uploads\/2022\/08\/labelcombi.png",100,67,false]},"post_excerpt_stackable_v2":"<p>Ka\u017cdy VARIBOX posiada automatyczny odpowietrznik. Naklejk\u0119 VARIBOX SC Combi-vent mo\u017cna przyklei\u0107 na pokrywie odpowietrznika Combi-vent.<\/p>\n","category_list_v2":"","author_info_v2":{"name":"","url":""},"comments_num_v2":"0 comments","acf":[],"_links":{"self":[{"href":"https:\/\/varibox.best4u.dev\/pl\/wp-json\/wp\/v2\/product\/68696","targetHints":{"allow":["GET"]}}],"collection":[{"href":"https:\/\/varibox.best4u.dev\/pl\/wp-json\/wp\/v2\/product"}],"about":[{"href":"https:\/\/varibox.best4u.dev\/pl\/wp-json\/wp\/v2\/types\/product"}],"replies":[{"embeddable":true,"href":"https:\/\/varibox.best4u.dev\/pl\/wp-json\/wp\/v2\/comments?post=68696"}],"wp:featuredmedia":[{"embeddable":true,"href":"https:\/\/varibox.best4u.dev\/pl\/wp-json\/wp\/v2\/media\/63630"}],"wp:attachment":[{"href":"https:\/\/varibox.best4u.dev\/pl\/wp-json\/wp\/v2\/media?parent=68696"}],"wp:term":[{"taxonomy":"product_brand","embeddable":true,"href":"https:\/\/varibox.best4u.dev\/pl\/wp-json\/wp\/v2\/product_brand?post=68696"},{"taxonomy":"product_cat","embeddable":true,"href":"https:\/\/varibox.best4u.dev\/pl\/wp-json\/wp\/v2\/product_cat?post=68696"},{"taxonomy":"product_tag","embeddable":true,"href":"https:\/\/varibox.best4u.dev\/pl\/wp-json\/wp\/v2\/product_tag?post=68696"}],"curies":[{"name":"wp","href":"https:\/\/api.w.org\/{rel}","templated":true}]}}