{"id":68687,"date":"2025-07-21T11:27:56","date_gmt":"2025-07-21T09:27:56","guid":{"rendered":"https:\/\/varibox.best4u.dev\/?post_type=product&#038;p=68687"},"modified":"2025-07-21T11:45:43","modified_gmt":"2025-07-21T09:45:43","slug":"varibox-sc-push-lock-cap-r-proznia-combi-vent","status":"publish","type":"product","link":"https:\/\/varibox.best4u.dev\/pl\/produkt\/varibox-sc-push-lock-cap-r-proznia-combi-vent\/","title":{"rendered":"VARIBOX SC Push-Lock cap r Pr\u00f3\u017cnia \/ Combi-vent"},"content":{"rendered":"<p>Aby chroni\u0107 ka\u017cdy VARIBOX SC przed wod\u0105 deszczow\u0105, nale\u017cy za\u0142o\u017cy\u0107 obowi\u0105zkow\u0105 nasadk\u0119 na odpowietrznik pr\u00f3\u017cniowy lub kombinowany. Specjalna nasadka jest wykonana z PE, a kolor ka\u017cdej nasadki jest bia\u0142y.<\/p>\n","protected":false},"excerpt":{"rendered":"<p>Aby zabezpieczy\u0107 ka\u017cdy VARIBOX SC przed wod\u0105 deszczow\u0105, nale\u017cy za\u0142o\u017cy\u0107 obowi\u0105zkow\u0105 nasadk\u0119 VARIBOX Push-Lock r Vacuum \/ Combi-vent na wentylator pr\u00f3\u017cniowy lub wentylator kombinowany.<\/p>\n","protected":false},"featured_media":63540,"comment_status":"closed","ping_status":"closed","template":"","meta":{"_acf_changed":false},"product_brand":[],"product_cat":[726,720,728,722],"product_tag":[],"class_list":{"0":"post-68687","1":"product","2":"type-product","3":"status-publish","4":"has-post-thumbnail","6":"product_cat-varibox-sc-1000-pl","7":"product_cat-varibox-sc-800-pl","8":"product_cat-caps-varibox-sc-1000-pl","9":"product_cat-caps-varibox-sc-800-pl","10":"product_shipping_class-montoir","11":"pa_packaging-unit-50-pl","13":"first","14":"instock","15":"taxable","16":"shipping-taxable","17":"purchasable","18":"product-type-simple"},"featured_image_urls_v2":{"full":["https:\/\/varibox.best4u.dev\/wp-content\/uploads\/2023\/03\/Push-Lock-r-1.png",2000,1402,false],"thumbnail":["https:\/\/varibox.best4u.dev\/wp-content\/uploads\/2023\/03\/Push-Lock-r-1-256x256.png",256,256,true],"medium":["https:\/\/varibox.best4u.dev\/wp-content\/uploads\/2023\/03\/Push-Lock-r-1-512x359.png",512,359,true],"medium_large":["https:\/\/varibox.best4u.dev\/wp-content\/uploads\/2023\/03\/Push-Lock-r-1-768x538.png",768,538,true],"large":["https:\/\/varibox.best4u.dev\/wp-content\/uploads\/2023\/03\/Push-Lock-r-1-1024x718.png",1024,718,true],"1536x1536":["https:\/\/varibox.best4u.dev\/wp-content\/uploads\/2023\/03\/Push-Lock-r-1-1536x1077.png",1536,1077,true],"2048x2048":["https:\/\/varibox.best4u.dev\/wp-content\/uploads\/2023\/03\/Push-Lock-r-1.png",2000,1402,false],"woocommerce_archive_thumbnail":["https:\/\/varibox.best4u.dev\/wp-content\/uploads\/2023\/03\/Push-Lock-r-1-270x189.png",270,189,true],"gform-image-choice-sm":["https:\/\/varibox.best4u.dev\/wp-content\/uploads\/2023\/03\/Push-Lock-r-1.png",300,210,false],"gform-image-choice-md":["https:\/\/varibox.best4u.dev\/wp-content\/uploads\/2023\/03\/Push-Lock-r-1.png",400,280,false],"gform-image-choice-lg":["https:\/\/varibox.best4u.dev\/wp-content\/uploads\/2023\/03\/Push-Lock-r-1.png",600,421,false],"woocommerce_thumbnail":["https:\/\/varibox.best4u.dev\/wp-content\/uploads\/2023\/03\/Push-Lock-r-1-270x189.png",270,189,true],"woocommerce_single":["https:\/\/varibox.best4u.dev\/wp-content\/uploads\/2023\/03\/Push-Lock-r-1-1200x841.png",1200,841,true],"woocommerce_gallery_thumbnail":["https:\/\/varibox.best4u.dev\/wp-content\/uploads\/2023\/03\/Push-Lock-r-1-100x100.png",100,100,true],"variation_swatches_image_size":["https:\/\/varibox.best4u.dev\/wp-content\/uploads\/2023\/03\/Push-Lock-r-1-50x50.png",50,50,true],"variation_swatches_tooltip_size":["https:\/\/varibox.best4u.dev\/wp-content\/uploads\/2023\/03\/Push-Lock-r-1-100x100.png",100,100,true]},"post_excerpt_stackable_v2":"<p>Aby zabezpieczy\u0107 ka\u017cdy VARIBOX SC przed wod\u0105 deszczow\u0105, nale\u017cy za\u0142o\u017cy\u0107 obowi\u0105zkow\u0105 nasadk\u0119 VARIBOX Push-Lock r Vacuum \/ Combi-vent na wentylator pr\u00f3\u017cniowy lub wentylator kombinowany.<\/p>\n","category_list_v2":"","author_info_v2":{"name":"","url":""},"comments_num_v2":"0 comments","acf":[],"_links":{"self":[{"href":"https:\/\/varibox.best4u.dev\/pl\/wp-json\/wp\/v2\/product\/68687","targetHints":{"allow":["GET"]}}],"collection":[{"href":"https:\/\/varibox.best4u.dev\/pl\/wp-json\/wp\/v2\/product"}],"about":[{"href":"https:\/\/varibox.best4u.dev\/pl\/wp-json\/wp\/v2\/types\/product"}],"replies":[{"embeddable":true,"href":"https:\/\/varibox.best4u.dev\/pl\/wp-json\/wp\/v2\/comments?post=68687"}],"wp:featuredmedia":[{"embeddable":true,"href":"https:\/\/varibox.best4u.dev\/pl\/wp-json\/wp\/v2\/media\/63540"}],"wp:attachment":[{"href":"https:\/\/varibox.best4u.dev\/pl\/wp-json\/wp\/v2\/media?parent=68687"}],"wp:term":[{"taxonomy":"product_brand","embeddable":true,"href":"https:\/\/varibox.best4u.dev\/pl\/wp-json\/wp\/v2\/product_brand?post=68687"},{"taxonomy":"product_cat","embeddable":true,"href":"https:\/\/varibox.best4u.dev\/pl\/wp-json\/wp\/v2\/product_cat?post=68687"},{"taxonomy":"product_tag","embeddable":true,"href":"https:\/\/varibox.best4u.dev\/pl\/wp-json\/wp\/v2\/product_tag?post=68687"}],"curies":[{"name":"wp","href":"https:\/\/api.w.org\/{rel}","templated":true}]}}