{"id":63761,"date":"2022-08-10T10:52:38","date_gmt":"2022-08-10T08:52:38","guid":{"rendered":"https:\/\/varibox.best4u.dev\/product\/varibox-fc-800-and-drumtainer-safeline-performance-epdm\/"},"modified":"2025-07-17T09:18:15","modified_gmt":"2025-07-17T07:18:15","slug":"varibox-fc-800-and-drumtainer-safeline-performance-epdm","status":"publish","type":"product","link":"https:\/\/varibox.best4u.dev\/pl\/produkt\/varibox-fc-800-and-drumtainer-safeline-performance-epdm\/","title":{"rendered":"VARIBOX FC 800 and Drumtainer Safeline Performance EPDM"},"content":{"rendered":"<p>Rura ss\u0105ca do VARIBOX FC 800 i do beczki drumtainera Safeline Performance wykonana jest z EPDM, PE i stali nierdzewnej 316. Rura ma neutralny kolor, a punkt pod\u0142\u0105czenia na g\u00f3rze jest czerwony. Rura ss\u0105ca jest cz\u0119\u015bci\u0105 \u0142atwego w obs\u0142udze uk\u0142adu, kt\u00f3ry mo\u017cna pod\u0142\u0105czy\u0107 do systemu za pomoc\u0105 z\u0142\u0105cza Safeline. Pozwala to na wypompowanie produktu z VARIBOX bez otwierania IBC. Gwarantuje to, \u017ce produkty chemiczne i toksyczne opary nie wydostan\u0105 si\u0119 z IBC.<\/p>\n","protected":false},"excerpt":{"rendered":"<p>VARIBOX FC 800 i Drumtainer Safeline Performance rura wyci\u0105gowa EPDM to rura w VARIBOX, kt\u00f3ra si\u0119ga najni\u017cszego punktu pojemnika wewn\u0119trznego.<\/p>\n","protected":false},"featured_media":63762,"comment_status":"closed","ping_status":"closed","template":"","meta":{"_acf_changed":false},"product_brand":[],"product_cat":[695,702,735,699],"product_tag":[],"class_list":{"0":"post-63761","1":"product","2":"type-product","3":"status-publish","4":"has-post-thumbnail","6":"product_cat-varibox-drumtainer-pl","7":"product_cat-extractor-tubes-varibox-drumtainer-2-pl","8":"product_cat-extractor-tubes-varibox-fc-800-pl","9":"product_cat-varibox-fc-800-pl","10":"product_shipping_class-deventer-en","11":"pa_packaging-unit-1-pl","13":"first","14":"instock","15":"taxable","16":"shipping-taxable","17":"purchasable","18":"product-type-simple"},"featured_image_urls_v2":{"full":["https:\/\/varibox.best4u.dev\/wp-content\/uploads\/2022\/08\/slperea-1.png",600,400,false],"thumbnail":["https:\/\/varibox.best4u.dev\/wp-content\/uploads\/2022\/08\/slperea-1-256x256.png",256,256,true],"medium":["https:\/\/varibox.best4u.dev\/wp-content\/uploads\/2022\/08\/slperea-1-512x341.png",512,341,true],"medium_large":["https:\/\/varibox.best4u.dev\/wp-content\/uploads\/2022\/08\/slperea-1.png",600,400,false],"large":["https:\/\/varibox.best4u.dev\/wp-content\/uploads\/2022\/08\/slperea-1.png",600,400,false],"1536x1536":["https:\/\/varibox.best4u.dev\/wp-content\/uploads\/2022\/08\/slperea-1.png",600,400,false],"2048x2048":["https:\/\/varibox.best4u.dev\/wp-content\/uploads\/2022\/08\/slperea-1.png",600,400,false],"woocommerce_archive_thumbnail":["https:\/\/varibox.best4u.dev\/wp-content\/uploads\/2022\/08\/slperea-1-270x180.png",270,180,true],"gform-image-choice-sm":["https:\/\/varibox.best4u.dev\/wp-content\/uploads\/2022\/08\/slperea-1.png",300,200,false],"gform-image-choice-md":["https:\/\/varibox.best4u.dev\/wp-content\/uploads\/2022\/08\/slperea-1.png",400,267,false],"gform-image-choice-lg":["https:\/\/varibox.best4u.dev\/wp-content\/uploads\/2022\/08\/slperea-1.png",600,400,false],"woocommerce_thumbnail":["https:\/\/varibox.best4u.dev\/wp-content\/uploads\/2022\/08\/slperea-1-270x180.png",270,180,true],"woocommerce_single":["https:\/\/varibox.best4u.dev\/wp-content\/uploads\/2022\/08\/slperea-1.png",600,400,false],"woocommerce_gallery_thumbnail":["https:\/\/varibox.best4u.dev\/wp-content\/uploads\/2022\/08\/slperea-1-100x100.png",100,100,true],"variation_swatches_image_size":["https:\/\/varibox.best4u.dev\/wp-content\/uploads\/2022\/08\/slperea-1-50x50.png",50,50,true],"variation_swatches_tooltip_size":["https:\/\/varibox.best4u.dev\/wp-content\/uploads\/2022\/08\/slperea-1-100x100.png",100,100,true]},"post_excerpt_stackable_v2":"<p>VARIBOX FC 800 i Drumtainer Safeline Performance rura wyci\u0105gowa EPDM to rura w VARIBOX, kt\u00f3ra si\u0119ga najni\u017cszego punktu pojemnika wewn\u0119trznego.<\/p>\n","category_list_v2":"","author_info_v2":{"name":"","url":""},"comments_num_v2":"0 comments","acf":[],"_links":{"self":[{"href":"https:\/\/varibox.best4u.dev\/pl\/wp-json\/wp\/v2\/product\/63761","targetHints":{"allow":["GET"]}}],"collection":[{"href":"https:\/\/varibox.best4u.dev\/pl\/wp-json\/wp\/v2\/product"}],"about":[{"href":"https:\/\/varibox.best4u.dev\/pl\/wp-json\/wp\/v2\/types\/product"}],"replies":[{"embeddable":true,"href":"https:\/\/varibox.best4u.dev\/pl\/wp-json\/wp\/v2\/comments?post=63761"}],"wp:featuredmedia":[{"embeddable":true,"href":"https:\/\/varibox.best4u.dev\/pl\/wp-json\/wp\/v2\/media\/63762"}],"wp:attachment":[{"href":"https:\/\/varibox.best4u.dev\/pl\/wp-json\/wp\/v2\/media?parent=63761"}],"wp:term":[{"taxonomy":"product_brand","embeddable":true,"href":"https:\/\/varibox.best4u.dev\/pl\/wp-json\/wp\/v2\/product_brand?post=63761"},{"taxonomy":"product_cat","embeddable":true,"href":"https:\/\/varibox.best4u.dev\/pl\/wp-json\/wp\/v2\/product_cat?post=63761"},{"taxonomy":"product_tag","embeddable":true,"href":"https:\/\/varibox.best4u.dev\/pl\/wp-json\/wp\/v2\/product_tag?post=63761"}],"curies":[{"name":"wp","href":"https:\/\/api.w.org\/{rel}","templated":true}]}}