{"id":63757,"date":"2022-08-10T10:52:38","date_gmt":"2022-08-10T08:52:38","guid":{"rendered":"https:\/\/varibox.best4u.dev\/product\/varibox-fc-800-ns4-extractor-tube-viton\/"},"modified":"2025-07-17T09:17:54","modified_gmt":"2025-07-17T07:17:54","slug":"varibox-fc-800-ns4-extractor-tube-viton","status":"publish","type":"product","link":"https:\/\/varibox.best4u.dev\/pl\/produkt\/varibox-fc-800-ns4-extractor-tube-viton\/","title":{"rendered":"VARIBOX FC 800 NS4 rura wyci\u0105gowa Viton"},"content":{"rendered":"<p>Rura ss\u0105ca VARIBOX FC 800 NS4 wykonana jest z VITONU, PE, PP, TPV i Hastelloy. W opakowaniu znajduje si\u0119 1 sztuka, poniewa\u017c rury te s\u0105 r\u0119cznie sk\u0142adane. Ich konstrukcja pozwala na dok\u0142adne dozowanie. Rura ss\u0105ca NS4 to rura w VARIBOX IBC, kt\u00f3ra dociera do najni\u017cszego punktu pojemnika wewn\u0119trznego. Z\u0142\u0105czk\u0119 mo\u017cna pod\u0142\u0105czy\u0107 do g\u00f3rnej cz\u0119\u015bci rury odci\u0105gowej NS4. Rura ss\u0105ca NS4 jest opcj\u0105 w VARIBOX, kt\u00f3ra umo\u017cliwia wypompowywanie produktu z VARIBOX bez otwierania VARIBOX. Dzi\u0119ki temu mo\u017cliwa jest bezpieczna praca z chemikaliami, opary i chemikalia nie wydostaj\u0105 si\u0119 z VARIBOX. W przypadku niekt\u00f3rych system\u00f3w dozowania wymagany jest zaw\u00f3r zwrotny, kt\u00f3re jest standardowym elementem umieszczonym na g\u00f3rze rury ss\u0105cej NS4.<\/p>\n","protected":false},"excerpt":{"rendered":"<p>Rurka wyci\u0105gowa VARIBOX FC 800 NS4 Viton to rurka w pojemniku VARIBOX IBC, kt\u00f3ra si\u0119ga najni\u017cszego punktu pojemnika wewn\u0119trznego.<\/p>\n","protected":false},"featured_media":63758,"comment_status":"closed","ping_status":"closed","template":"","meta":{"_acf_changed":false},"product_brand":[],"product_cat":[735,699],"product_tag":[],"class_list":{"0":"post-63757","1":"product","2":"type-product","3":"status-publish","4":"has-post-thumbnail","6":"product_cat-extractor-tubes-varibox-fc-800-pl","7":"product_cat-varibox-fc-800-pl","8":"product_shipping_class-deventer-en","9":"pa_packaging-unit-1-pl","11":"first","12":"instock","13":"taxable","14":"shipping-taxable","15":"purchasable","16":"product-type-simple"},"featured_image_urls_v2":{"full":["https:\/\/varibox.best4u.dev\/wp-content\/uploads\/2022\/08\/ns4va.png",600,400,false],"thumbnail":["https:\/\/varibox.best4u.dev\/wp-content\/uploads\/2022\/08\/ns4va-256x256.png",256,256,true],"medium":["https:\/\/varibox.best4u.dev\/wp-content\/uploads\/2022\/08\/ns4va-512x341.png",512,341,true],"medium_large":["https:\/\/varibox.best4u.dev\/wp-content\/uploads\/2022\/08\/ns4va.png",600,400,false],"large":["https:\/\/varibox.best4u.dev\/wp-content\/uploads\/2022\/08\/ns4va.png",600,400,false],"1536x1536":["https:\/\/varibox.best4u.dev\/wp-content\/uploads\/2022\/08\/ns4va.png",600,400,false],"2048x2048":["https:\/\/varibox.best4u.dev\/wp-content\/uploads\/2022\/08\/ns4va.png",600,400,false],"woocommerce_archive_thumbnail":["https:\/\/varibox.best4u.dev\/wp-content\/uploads\/2022\/08\/ns4va-270x180.png",270,180,true],"gform-image-choice-sm":["https:\/\/varibox.best4u.dev\/wp-content\/uploads\/2022\/08\/ns4va.png",300,200,false],"gform-image-choice-md":["https:\/\/varibox.best4u.dev\/wp-content\/uploads\/2022\/08\/ns4va.png",400,267,false],"gform-image-choice-lg":["https:\/\/varibox.best4u.dev\/wp-content\/uploads\/2022\/08\/ns4va.png",600,400,false],"woocommerce_thumbnail":["https:\/\/varibox.best4u.dev\/wp-content\/uploads\/2022\/08\/ns4va-270x180.png",270,180,true],"woocommerce_single":["https:\/\/varibox.best4u.dev\/wp-content\/uploads\/2022\/08\/ns4va.png",600,400,false],"woocommerce_gallery_thumbnail":["https:\/\/varibox.best4u.dev\/wp-content\/uploads\/2022\/08\/ns4va-100x100.png",100,100,true],"variation_swatches_image_size":["https:\/\/varibox.best4u.dev\/wp-content\/uploads\/2022\/08\/ns4va-50x50.png",50,50,true],"variation_swatches_tooltip_size":["https:\/\/varibox.best4u.dev\/wp-content\/uploads\/2022\/08\/ns4va-100x100.png",100,100,true]},"post_excerpt_stackable_v2":"<p>Rurka wyci\u0105gowa VARIBOX FC 800 NS4 Viton to rurka w pojemniku VARIBOX IBC, kt\u00f3ra si\u0119ga najni\u017cszego punktu pojemnika wewn\u0119trznego.<\/p>\n","category_list_v2":"","author_info_v2":{"name":"","url":""},"comments_num_v2":"0 comments","acf":[],"_links":{"self":[{"href":"https:\/\/varibox.best4u.dev\/pl\/wp-json\/wp\/v2\/product\/63757","targetHints":{"allow":["GET"]}}],"collection":[{"href":"https:\/\/varibox.best4u.dev\/pl\/wp-json\/wp\/v2\/product"}],"about":[{"href":"https:\/\/varibox.best4u.dev\/pl\/wp-json\/wp\/v2\/types\/product"}],"replies":[{"embeddable":true,"href":"https:\/\/varibox.best4u.dev\/pl\/wp-json\/wp\/v2\/comments?post=63757"}],"wp:featuredmedia":[{"embeddable":true,"href":"https:\/\/varibox.best4u.dev\/pl\/wp-json\/wp\/v2\/media\/63758"}],"wp:attachment":[{"href":"https:\/\/varibox.best4u.dev\/pl\/wp-json\/wp\/v2\/media?parent=63757"}],"wp:term":[{"taxonomy":"product_brand","embeddable":true,"href":"https:\/\/varibox.best4u.dev\/pl\/wp-json\/wp\/v2\/product_brand?post=63757"},{"taxonomy":"product_cat","embeddable":true,"href":"https:\/\/varibox.best4u.dev\/pl\/wp-json\/wp\/v2\/product_cat?post=63757"},{"taxonomy":"product_tag","embeddable":true,"href":"https:\/\/varibox.best4u.dev\/pl\/wp-json\/wp\/v2\/product_tag?post=63757"}],"curies":[{"name":"wp","href":"https:\/\/api.w.org\/{rel}","templated":true}]}}