{"id":63747,"date":"2022-08-10T10:52:38","date_gmt":"2022-08-10T08:52:38","guid":{"rendered":"https:\/\/varibox.best4u.dev\/product\/varibox-fc-1000-dipstick\/"},"modified":"2025-07-17T09:15:13","modified_gmt":"2025-07-17T07:15:13","slug":"varibox-fc-1000-dipstick","status":"publish","type":"product","link":"https:\/\/varibox.best4u.dev\/pl\/produkt\/varibox-fc-1000-dipstick\/","title":{"rendered":"Zestaw 10 pr\u0119t\u00f3w pomiarowych VARIBOX FC 1000"},"content":{"rendered":"<p>Bagnet w VARIBOX FC 1000 wykonany jest z PE (polietylenu). Kolor czarny, a opakowanie jednostkowe tej cz\u0119\u015bci zamiennej to 10 sztuk. Bagnet s\u0142u\u017cy do sprawdzania, czy pojemnik wewn\u0119trzny jest szczelny. Jest to bardzo \u0142atwy proces, kt\u00f3ry mo\u017cna wykona\u0107 w 4 krokach. Przede wszystkim nale\u017cy upewni\u0107 si\u0119, \u017ce VARIBOX jest czysty i stosujesz odpowiednie \u015brodki ochrony osobistej. Nale\u017cy zdj\u0105\u0107 za\u015blepk\u0119 otworu rewizyjnego. Drugim krokiem jest wyj\u0119cie bagnetu z pojemnika. Nale\u017cy sprawd\u017a, czy bagnet nie jest mokry.W przypadku gdy jest suchy, nale\u017cy w\u0142\u00f3\u017cy\u0107 go z powrotem do pojemnika. Czwartym i ostatnim krokiem jest ponowne za\u0142o\u017cenie za\u015blepki na otw\u00f3r inspekcyjny.<\/p>\n","protected":false},"excerpt":{"rendered":"<p>Miernik poziomu VARIBOX FC 1000 s\u0142u\u017cy do sprawdzania szczelno\u015bci pojemnika wewn\u0119trznego.<\/p>\n","protected":false},"featured_media":63748,"comment_status":"closed","ping_status":"closed","template":"","meta":{"_acf_changed":false},"product_brand":[],"product_cat":[713,712],"product_tag":[603],"class_list":{"0":"post-63747","1":"product","2":"type-product","3":"status-publish","4":"has-post-thumbnail","6":"product_cat-accessories-pl","7":"product_cat-varibox-fc-1000-pl","8":"product_tag-ecolab-pl","9":"product_shipping_class-deventer-en","10":"pa_packaging-unit-10-pl","12":"first","13":"instock","14":"taxable","15":"shipping-taxable","16":"purchasable","17":"product-type-simple"},"featured_image_urls_v2":{"full":["https:\/\/varibox.best4u.dev\/wp-content\/uploads\/2022\/08\/dipa.png",600,400,false],"thumbnail":["https:\/\/varibox.best4u.dev\/wp-content\/uploads\/2022\/08\/dipa-256x256.png",256,256,true],"medium":["https:\/\/varibox.best4u.dev\/wp-content\/uploads\/2022\/08\/dipa-512x341.png",512,341,true],"medium_large":["https:\/\/varibox.best4u.dev\/wp-content\/uploads\/2022\/08\/dipa.png",600,400,false],"large":["https:\/\/varibox.best4u.dev\/wp-content\/uploads\/2022\/08\/dipa.png",600,400,false],"1536x1536":["https:\/\/varibox.best4u.dev\/wp-content\/uploads\/2022\/08\/dipa.png",600,400,false],"2048x2048":["https:\/\/varibox.best4u.dev\/wp-content\/uploads\/2022\/08\/dipa.png",600,400,false],"woocommerce_archive_thumbnail":["https:\/\/varibox.best4u.dev\/wp-content\/uploads\/2022\/08\/dipa-270x180.png",270,180,true],"gform-image-choice-sm":["https:\/\/varibox.best4u.dev\/wp-content\/uploads\/2022\/08\/dipa.png",300,200,false],"gform-image-choice-md":["https:\/\/varibox.best4u.dev\/wp-content\/uploads\/2022\/08\/dipa.png",400,267,false],"gform-image-choice-lg":["https:\/\/varibox.best4u.dev\/wp-content\/uploads\/2022\/08\/dipa.png",600,400,false],"woocommerce_thumbnail":["https:\/\/varibox.best4u.dev\/wp-content\/uploads\/2022\/08\/dipa-270x180.png",270,180,true],"woocommerce_single":["https:\/\/varibox.best4u.dev\/wp-content\/uploads\/2022\/08\/dipa.png",600,400,false],"woocommerce_gallery_thumbnail":["https:\/\/varibox.best4u.dev\/wp-content\/uploads\/2022\/08\/dipa-100x100.png",100,100,true],"variation_swatches_image_size":["https:\/\/varibox.best4u.dev\/wp-content\/uploads\/2022\/08\/dipa-50x50.png",50,50,true],"variation_swatches_tooltip_size":["https:\/\/varibox.best4u.dev\/wp-content\/uploads\/2022\/08\/dipa-100x100.png",100,100,true]},"post_excerpt_stackable_v2":"<p>Miernik poziomu VARIBOX FC 1000 s\u0142u\u017cy do sprawdzania szczelno\u015bci pojemnika wewn\u0119trznego.<\/p>\n","category_list_v2":"","author_info_v2":{"name":"","url":""},"comments_num_v2":"0 comments","acf":[],"_links":{"self":[{"href":"https:\/\/varibox.best4u.dev\/pl\/wp-json\/wp\/v2\/product\/63747","targetHints":{"allow":["GET"]}}],"collection":[{"href":"https:\/\/varibox.best4u.dev\/pl\/wp-json\/wp\/v2\/product"}],"about":[{"href":"https:\/\/varibox.best4u.dev\/pl\/wp-json\/wp\/v2\/types\/product"}],"replies":[{"embeddable":true,"href":"https:\/\/varibox.best4u.dev\/pl\/wp-json\/wp\/v2\/comments?post=63747"}],"wp:featuredmedia":[{"embeddable":true,"href":"https:\/\/varibox.best4u.dev\/pl\/wp-json\/wp\/v2\/media\/63748"}],"wp:attachment":[{"href":"https:\/\/varibox.best4u.dev\/pl\/wp-json\/wp\/v2\/media?parent=63747"}],"wp:term":[{"taxonomy":"product_brand","embeddable":true,"href":"https:\/\/varibox.best4u.dev\/pl\/wp-json\/wp\/v2\/product_brand?post=63747"},{"taxonomy":"product_cat","embeddable":true,"href":"https:\/\/varibox.best4u.dev\/pl\/wp-json\/wp\/v2\/product_cat?post=63747"},{"taxonomy":"product_tag","embeddable":true,"href":"https:\/\/varibox.best4u.dev\/pl\/wp-json\/wp\/v2\/product_tag?post=63747"}],"curies":[{"name":"wp","href":"https:\/\/api.w.org\/{rel}","templated":true}]}}