{"id":63744,"date":"2022-08-10T10:52:38","date_gmt":"2022-08-10T08:52:38","guid":{"rendered":"https:\/\/varibox.best4u.dev\/product\/varibox-overpressure-vent\/"},"modified":"2025-07-17T09:14:52","modified_gmt":"2025-07-17T07:14:52","slug":"varibox-overpressure-vent","status":"publish","type":"product","link":"https:\/\/varibox.best4u.dev\/pl\/produkt\/varibox-overpressure-vent\/","title":{"rendered":"Zestaw 100 odpowietrznik\u00f3w nadci\u015bnieniowych VARIBOX"},"content":{"rendered":"<p>Zaw\u00f3r nadci\u015bnieniowy VARIBOX wykonany jest z PTFE, PP i PE i jest bia\u0142y. VARIBOX jest standardowo wyposa\u017cony w zaw\u00f3r pr\u00f3\u017aniowy i odpowietrznik nadmiaru ci\u015bnienia. Odpowietrznik nadmiaru ci\u015bnienia to membrana w kapslu VARIBOX. Ta membrana przepuszcza gaz, ale nie ciecz. Dzi\u0119ki temu odpowietrznik nadmiaru ci\u015bnienia wyr\u00f3wnuje nadci\u015bnienie w zbiornikach VARIBOX. Je\u015bli w VARIBOX wyst\u0105pi nadci\u015bnienie, opary stopniowo ulotni\u0105 si\u0119 przez odpowietrznik nadmiaru ci\u015bnienia a\u017c do wyr\u00f3wniania cisnienia. Je\u015bli wyst\u0105pi podci\u015bnienie, powietrze mo\u017ce stopniowo uchodzi\u0107 przez odpowietrznik nadmiaru ci\u015bnienia..<\/p>\n","protected":false},"excerpt":{"rendered":"<p>Nadci\u015bnieniowy zaw\u00f3r odpowietrzaj\u0105cy VARIBOX to membrana umieszczona w zakr\u0119tce pojemnik\u00f3w IBC VARIBOX.<\/p>\n","protected":false},"featured_media":63461,"comment_status":"closed","ping_status":"closed","template":"","meta":{"_acf_changed":false},"product_brand":[],"product_cat":[706,713,697,565,712,699],"product_tag":[603],"class_list":{"0":"post-63744","1":"product","2":"type-product","3":"status-publish","4":"has-post-thumbnail","6":"product_cat-accessories-varibox-cc-250-pl","7":"product_cat-accessories-pl","8":"product_cat-accessories-varibox-fc-800-pl","9":"product_cat-varibox-cc-250-pl","10":"product_cat-varibox-fc-1000-pl","11":"product_cat-varibox-fc-800-pl","12":"product_tag-ecolab-pl","13":"product_shipping_class-deventer-en","14":"pa_packaging-unit-100-pl","16":"first","17":"instock","18":"taxable","19":"shipping-taxable","20":"purchasable","21":"product-type-simple"},"featured_image_urls_v2":{"full":["https:\/\/varibox.best4u.dev\/wp-content\/uploads\/2022\/08\/D38a.png",600,400,false],"thumbnail":["https:\/\/varibox.best4u.dev\/wp-content\/uploads\/2022\/08\/D38a.png",256,171,false],"medium":["https:\/\/varibox.best4u.dev\/wp-content\/uploads\/2022\/08\/D38a.png",512,341,false],"medium_large":["https:\/\/varibox.best4u.dev\/wp-content\/uploads\/2022\/08\/D38a.png",600,400,false],"large":["https:\/\/varibox.best4u.dev\/wp-content\/uploads\/2022\/08\/D38a.png",600,400,false],"1536x1536":["https:\/\/varibox.best4u.dev\/wp-content\/uploads\/2022\/08\/D38a.png",600,400,false],"2048x2048":["https:\/\/varibox.best4u.dev\/wp-content\/uploads\/2022\/08\/D38a.png",600,400,false],"woocommerce_archive_thumbnail":["https:\/\/varibox.best4u.dev\/wp-content\/uploads\/2022\/08\/D38a-270x180.png",270,180,true],"gform-image-choice-sm":["https:\/\/varibox.best4u.dev\/wp-content\/uploads\/2022\/08\/D38a.png",300,200,false],"gform-image-choice-md":["https:\/\/varibox.best4u.dev\/wp-content\/uploads\/2022\/08\/D38a.png",400,267,false],"gform-image-choice-lg":["https:\/\/varibox.best4u.dev\/wp-content\/uploads\/2022\/08\/D38a.png",600,400,false],"woocommerce_thumbnail":["https:\/\/varibox.best4u.dev\/wp-content\/uploads\/2022\/08\/D38a.png",270,180,false],"woocommerce_single":["https:\/\/varibox.best4u.dev\/wp-content\/uploads\/2022\/08\/D38a.png",600,400,false],"woocommerce_gallery_thumbnail":["https:\/\/varibox.best4u.dev\/wp-content\/uploads\/2022\/08\/D38a-100x100.png",100,100,true],"variation_swatches_image_size":["https:\/\/varibox.best4u.dev\/wp-content\/uploads\/2022\/08\/D38a.png",50,33,false],"variation_swatches_tooltip_size":["https:\/\/varibox.best4u.dev\/wp-content\/uploads\/2022\/08\/D38a.png",100,67,false]},"post_excerpt_stackable_v2":"<p>Nadci\u015bnieniowy zaw\u00f3r odpowietrzaj\u0105cy VARIBOX to membrana umieszczona w zakr\u0119tce pojemnik\u00f3w IBC VARIBOX.<\/p>\n","category_list_v2":"","author_info_v2":{"name":"","url":""},"comments_num_v2":"0 comments","acf":[],"_links":{"self":[{"href":"https:\/\/varibox.best4u.dev\/pl\/wp-json\/wp\/v2\/product\/63744","targetHints":{"allow":["GET"]}}],"collection":[{"href":"https:\/\/varibox.best4u.dev\/pl\/wp-json\/wp\/v2\/product"}],"about":[{"href":"https:\/\/varibox.best4u.dev\/pl\/wp-json\/wp\/v2\/types\/product"}],"replies":[{"embeddable":true,"href":"https:\/\/varibox.best4u.dev\/pl\/wp-json\/wp\/v2\/comments?post=63744"}],"wp:featuredmedia":[{"embeddable":true,"href":"https:\/\/varibox.best4u.dev\/pl\/wp-json\/wp\/v2\/media\/63461"}],"wp:attachment":[{"href":"https:\/\/varibox.best4u.dev\/pl\/wp-json\/wp\/v2\/media?parent=63744"}],"wp:term":[{"taxonomy":"product_brand","embeddable":true,"href":"https:\/\/varibox.best4u.dev\/pl\/wp-json\/wp\/v2\/product_brand?post=63744"},{"taxonomy":"product_cat","embeddable":true,"href":"https:\/\/varibox.best4u.dev\/pl\/wp-json\/wp\/v2\/product_cat?post=63744"},{"taxonomy":"product_tag","embeddable":true,"href":"https:\/\/varibox.best4u.dev\/pl\/wp-json\/wp\/v2\/product_tag?post=63744"}],"curies":[{"name":"wp","href":"https:\/\/api.w.org\/{rel}","templated":true}]}}