{"id":63742,"date":"2022-08-10T10:52:38","date_gmt":"2022-08-10T08:52:38","guid":{"rendered":"https:\/\/varibox.best4u.dev\/product\/varibox-cap-vacuum-combi-vent\/"},"modified":"2025-07-17T09:13:47","modified_gmt":"2025-07-17T07:13:47","slug":"samba-cap-r-proznia-wentylacja-kombinowana","status":"publish","type":"product","link":"https:\/\/varibox.best4u.dev\/pl\/produkt\/samba-cap-r-proznia-wentylacja-kombinowana\/","title":{"rendered":"VARIBOX Samba cap r Pr\u00f3\u017cnia \/ Wentylacja kombinowana"},"content":{"rendered":"<p>W celu zabezpieczenia VARIBOX przed wod\u0105 deszczow\u0105,na g\u00f3rn\u0105 pokryw\u0119 VARIBOX nale\u017cy za\u0142o\u017cy\u0107 wymagany kapsel zabezpieczaj\u0105cy z zaworem pr\u00f3\u017cniowym lub pr\u00f3\u017cniowo- ci\u015bnieniowym. Kapsel zabezpieczaj\u0105cy wykonany jest z PE, kolor bia\u0142y.<\/p>\n","protected":false},"excerpt":{"rendered":"<p>Aby zabezpieczy\u0107 ka\u017cdy VARIBOX przed wod\u0105 deszczow\u0105, nale\u017cy za\u0142o\u017cy\u0107 obowi\u0105zkow\u0105 nasadk\u0119 na odpowietrznik pr\u00f3\u017cniowy lub kombinowany.<\/p>\n","protected":false},"featured_media":63743,"comment_status":"closed","ping_status":"closed","template":"","meta":{"_acf_changed":false},"product_brand":[],"product_cat":[565,712,699,714,733,688],"product_tag":[603],"class_list":{"0":"post-63742","1":"product","2":"type-product","3":"status-publish","4":"has-post-thumbnail","6":"product_cat-varibox-cc-250-pl","7":"product_cat-varibox-fc-1000-pl","8":"product_cat-varibox-fc-800-pl","9":"product_cat-caps-varibox-fc-1000-pl","10":"product_cat-caps-varibox-fc-800-pl","11":"product_cat-caps-varibox-cc-250-2-pl","12":"product_tag-ecolab-pl","13":"product_shipping_class-deventer-en","14":"pa_packaging-unit-50-pl","16":"first","17":"instock","18":"taxable","19":"shipping-taxable","20":"purchasable","21":"product-type-simple"},"featured_image_urls_v2":{"full":["https:\/\/varibox.best4u.dev\/wp-content\/uploads\/2022\/08\/capventa.png",600,400,false],"thumbnail":["https:\/\/varibox.best4u.dev\/wp-content\/uploads\/2022\/08\/capventa.png",256,171,false],"medium":["https:\/\/varibox.best4u.dev\/wp-content\/uploads\/2022\/08\/capventa.png",512,341,false],"medium_large":["https:\/\/varibox.best4u.dev\/wp-content\/uploads\/2022\/08\/capventa.png",600,400,false],"large":["https:\/\/varibox.best4u.dev\/wp-content\/uploads\/2022\/08\/capventa.png",600,400,false],"1536x1536":["https:\/\/varibox.best4u.dev\/wp-content\/uploads\/2022\/08\/capventa.png",600,400,false],"2048x2048":["https:\/\/varibox.best4u.dev\/wp-content\/uploads\/2022\/08\/capventa.png",600,400,false],"woocommerce_archive_thumbnail":["https:\/\/varibox.best4u.dev\/wp-content\/uploads\/2022\/08\/capventa-270x180.png",270,180,true],"gform-image-choice-sm":["https:\/\/varibox.best4u.dev\/wp-content\/uploads\/2022\/08\/capventa.png",300,200,false],"gform-image-choice-md":["https:\/\/varibox.best4u.dev\/wp-content\/uploads\/2022\/08\/capventa.png",400,267,false],"gform-image-choice-lg":["https:\/\/varibox.best4u.dev\/wp-content\/uploads\/2022\/08\/capventa.png",600,400,false],"woocommerce_thumbnail":["https:\/\/varibox.best4u.dev\/wp-content\/uploads\/2022\/08\/capventa.png",270,180,false],"woocommerce_single":["https:\/\/varibox.best4u.dev\/wp-content\/uploads\/2022\/08\/capventa.png",600,400,false],"woocommerce_gallery_thumbnail":["https:\/\/varibox.best4u.dev\/wp-content\/uploads\/2022\/08\/capventa-100x100.png",100,100,true],"variation_swatches_image_size":["https:\/\/varibox.best4u.dev\/wp-content\/uploads\/2022\/08\/capventa.png",50,33,false],"variation_swatches_tooltip_size":["https:\/\/varibox.best4u.dev\/wp-content\/uploads\/2022\/08\/capventa.png",100,67,false]},"post_excerpt_stackable_v2":"<p>Aby zabezpieczy\u0107 ka\u017cdy VARIBOX przed wod\u0105 deszczow\u0105, nale\u017cy za\u0142o\u017cy\u0107 obowi\u0105zkow\u0105 nasadk\u0119 na odpowietrznik pr\u00f3\u017cniowy lub kombinowany.<\/p>\n","category_list_v2":"","author_info_v2":{"name":"","url":""},"comments_num_v2":"0 comments","acf":[],"_links":{"self":[{"href":"https:\/\/varibox.best4u.dev\/pl\/wp-json\/wp\/v2\/product\/63742","targetHints":{"allow":["GET"]}}],"collection":[{"href":"https:\/\/varibox.best4u.dev\/pl\/wp-json\/wp\/v2\/product"}],"about":[{"href":"https:\/\/varibox.best4u.dev\/pl\/wp-json\/wp\/v2\/types\/product"}],"replies":[{"embeddable":true,"href":"https:\/\/varibox.best4u.dev\/pl\/wp-json\/wp\/v2\/comments?post=63742"}],"wp:featuredmedia":[{"embeddable":true,"href":"https:\/\/varibox.best4u.dev\/pl\/wp-json\/wp\/v2\/media\/63743"}],"wp:attachment":[{"href":"https:\/\/varibox.best4u.dev\/pl\/wp-json\/wp\/v2\/media?parent=63742"}],"wp:term":[{"taxonomy":"product_brand","embeddable":true,"href":"https:\/\/varibox.best4u.dev\/pl\/wp-json\/wp\/v2\/product_brand?post=63742"},{"taxonomy":"product_cat","embeddable":true,"href":"https:\/\/varibox.best4u.dev\/pl\/wp-json\/wp\/v2\/product_cat?post=63742"},{"taxonomy":"product_tag","embeddable":true,"href":"https:\/\/varibox.best4u.dev\/pl\/wp-json\/wp\/v2\/product_tag?post=63742"}],"curies":[{"name":"wp","href":"https:\/\/api.w.org\/{rel}","templated":true}]}}