{"id":63732,"date":"2022-08-10T10:52:38","date_gmt":"2022-08-10T08:52:38","guid":{"rendered":"https:\/\/varibox.best4u.dev\/product\/coupler-ns4-insert-%c2%bc-viton\/"},"modified":"2025-07-17T09:09:16","modified_gmt":"2025-07-17T07:09:16","slug":"coupler-ns4-insert-%c2%bc-viton","status":"publish","type":"product","link":"https:\/\/varibox.best4u.dev\/pl\/produkt\/coupler-ns4-insert-%c2%bc-viton\/","title":{"rendered":"Z\u0142\u0105cze NS4 wk\u0142adka \u00bc Viton"},"content":{"rendered":"<p>Z\u0142\u0105czka NS4 Viton wykonana jest z VITON, PP, TPV i Hastelloy. Z\u0142\u0105czka zapewni szczelne po\u0142\u0105czenie z rur\u0105 ss\u0105c\u0105 VARIBOX NS4. W tym samym czasie rura ss\u0105ca NS4 i z\u0142\u0105czka NS4 pozostaj\u0105 otwarte, a ciecz mo\u017ce swobodnie przep\u0142ywa\u0107. Opary i produkty chemiczne nie wydostaj\u0105 si\u0119 na zewn\u0105trz -uk\u0142ad zamkni\u0119ty<\/p>\n","protected":false},"excerpt":{"rendered":"<p>Z\u0142\u0105cze NS4 z wk\u0142adk\u0105 \u00bc Viton zapewnia szczelne po\u0142\u0105czenie z rur\u0105 wyci\u0105gow\u0105 VARIBOX NS4. Jednocze\u015bnie rura wyci\u0105gowa NS4 i z\u0142\u0105cze NS4 s\u0105 otwarte, dzi\u0119ki czemu ciecz mo\u017ce swobodnie przep\u0142ywa\u0107. W tym zamkni\u0119tym systemie opary i produkty chemiczne nie mog\u0105 si\u0119 ulatnia\u0107.<\/p>\n","protected":false},"featured_media":63733,"comment_status":"closed","ping_status":"closed","template":"","meta":{"_acf_changed":false},"product_brand":[],"product_cat":[712,699,715,734],"product_tag":[],"class_list":{"0":"post-63732","1":"product","2":"type-product","3":"status-publish","4":"has-post-thumbnail","6":"product_cat-varibox-fc-1000-pl","7":"product_cat-varibox-fc-800-pl","8":"product_cat-couplers-varibox-fc-1000-pl","9":"product_cat-couplers-varibox-fc-800-2-pl","10":"product_shipping_class-deventer-en","11":"pa_packaging-unit-1-pl","13":"first","14":"instock","15":"taxable","16":"shipping-taxable","17":"purchasable","18":"product-type-simple"},"featured_image_urls_v2":{"full":["https:\/\/varibox.best4u.dev\/wp-content\/uploads\/2022\/08\/ns4vm.png",600,400,false],"thumbnail":["https:\/\/varibox.best4u.dev\/wp-content\/uploads\/2022\/08\/ns4vm.png",256,171,false],"medium":["https:\/\/varibox.best4u.dev\/wp-content\/uploads\/2022\/08\/ns4vm.png",512,341,false],"medium_large":["https:\/\/varibox.best4u.dev\/wp-content\/uploads\/2022\/08\/ns4vm.png",600,400,false],"large":["https:\/\/varibox.best4u.dev\/wp-content\/uploads\/2022\/08\/ns4vm.png",600,400,false],"1536x1536":["https:\/\/varibox.best4u.dev\/wp-content\/uploads\/2022\/08\/ns4vm.png",600,400,false],"2048x2048":["https:\/\/varibox.best4u.dev\/wp-content\/uploads\/2022\/08\/ns4vm.png",600,400,false],"woocommerce_archive_thumbnail":["https:\/\/varibox.best4u.dev\/wp-content\/uploads\/2022\/08\/ns4vm-270x180.png",270,180,true],"gform-image-choice-sm":["https:\/\/varibox.best4u.dev\/wp-content\/uploads\/2022\/08\/ns4vm.png",300,200,false],"gform-image-choice-md":["https:\/\/varibox.best4u.dev\/wp-content\/uploads\/2022\/08\/ns4vm.png",400,267,false],"gform-image-choice-lg":["https:\/\/varibox.best4u.dev\/wp-content\/uploads\/2022\/08\/ns4vm.png",600,400,false],"woocommerce_thumbnail":["https:\/\/varibox.best4u.dev\/wp-content\/uploads\/2022\/08\/ns4vm.png",270,180,false],"woocommerce_single":["https:\/\/varibox.best4u.dev\/wp-content\/uploads\/2022\/08\/ns4vm.png",600,400,false],"woocommerce_gallery_thumbnail":["https:\/\/varibox.best4u.dev\/wp-content\/uploads\/2022\/08\/ns4vm-100x100.png",100,100,true],"variation_swatches_image_size":["https:\/\/varibox.best4u.dev\/wp-content\/uploads\/2022\/08\/ns4vm.png",50,33,false],"variation_swatches_tooltip_size":["https:\/\/varibox.best4u.dev\/wp-content\/uploads\/2022\/08\/ns4vm.png",100,67,false]},"post_excerpt_stackable_v2":"<p>Z\u0142\u0105cze NS4 z wk\u0142adk\u0105 \u00bc Viton zapewnia szczelne po\u0142\u0105czenie z rur\u0105 wyci\u0105gow\u0105 VARIBOX NS4. Jednocze\u015bnie rura wyci\u0105gowa NS4 i z\u0142\u0105cze NS4 s\u0105 otwarte, dzi\u0119ki czemu ciecz mo\u017ce swobodnie przep\u0142ywa\u0107. W tym zamkni\u0119tym systemie opary i produkty chemiczne nie mog\u0105 si\u0119 ulatnia\u0107.<\/p>\n","category_list_v2":"","author_info_v2":{"name":"","url":""},"comments_num_v2":"0 comments","acf":[],"_links":{"self":[{"href":"https:\/\/varibox.best4u.dev\/pl\/wp-json\/wp\/v2\/product\/63732","targetHints":{"allow":["GET"]}}],"collection":[{"href":"https:\/\/varibox.best4u.dev\/pl\/wp-json\/wp\/v2\/product"}],"about":[{"href":"https:\/\/varibox.best4u.dev\/pl\/wp-json\/wp\/v2\/types\/product"}],"replies":[{"embeddable":true,"href":"https:\/\/varibox.best4u.dev\/pl\/wp-json\/wp\/v2\/comments?post=63732"}],"wp:featuredmedia":[{"embeddable":true,"href":"https:\/\/varibox.best4u.dev\/pl\/wp-json\/wp\/v2\/media\/63733"}],"wp:attachment":[{"href":"https:\/\/varibox.best4u.dev\/pl\/wp-json\/wp\/v2\/media?parent=63732"}],"wp:term":[{"taxonomy":"product_brand","embeddable":true,"href":"https:\/\/varibox.best4u.dev\/pl\/wp-json\/wp\/v2\/product_brand?post=63732"},{"taxonomy":"product_cat","embeddable":true,"href":"https:\/\/varibox.best4u.dev\/pl\/wp-json\/wp\/v2\/product_cat?post=63732"},{"taxonomy":"product_tag","embeddable":true,"href":"https:\/\/varibox.best4u.dev\/pl\/wp-json\/wp\/v2\/product_tag?post=63732"}],"curies":[{"name":"wp","href":"https:\/\/api.w.org\/{rel}","templated":true}]}}