{"id":63729,"date":"2022-08-10T10:52:38","date_gmt":"2022-08-10T08:52:38","guid":{"rendered":"https:\/\/varibox.best4u.dev\/product\/cap-dipstick\/"},"modified":"2025-07-17T09:08:14","modified_gmt":"2025-07-17T07:08:14","slug":"cap-dipstick","status":"publish","type":"product","link":"https:\/\/varibox.best4u.dev\/pl\/produkt\/cap-dipstick\/","title":{"rendered":"Zestaw 25 nasadek do bagnet\u00f3w"},"content":{"rendered":"<p>Kapsel ochronny na bagnet ma za zadanie zapobiec przedostawaniu si\u0119 wody deszczowej do pojemnika na wyciek i zagwarantowa\u0107 100% kontrol\u0119 wycieku. Kapsel ochronny na bagnet wykonany jest z PE i ma naturalny kolor.<\/p>\n","protected":false},"excerpt":{"rendered":"<p>Nasadka do bagnetu ma za zadanie zapobiega\u0107 przedostawaniu si\u0119 wody deszczowej do pojemnika na wycieki i zapewni\u0107 100% dok\u0142adno\u015b\u0107 kontroli wyciek\u00f3w.<\/p>\n","protected":false},"featured_media":63730,"comment_status":"closed","ping_status":"closed","template":"","meta":{"_acf_changed":false},"product_brand":[],"product_cat":[565,712,699,714,733,688],"product_tag":[603],"class_list":{"0":"post-63729","1":"product","2":"type-product","3":"status-publish","4":"has-post-thumbnail","6":"product_cat-varibox-cc-250-pl","7":"product_cat-varibox-fc-1000-pl","8":"product_cat-varibox-fc-800-pl","9":"product_cat-caps-varibox-fc-1000-pl","10":"product_cat-caps-varibox-fc-800-pl","11":"product_cat-caps-varibox-cc-250-2-pl","12":"product_tag-ecolab-pl","13":"product_shipping_class-deventer-en","14":"pa_packaging-unit-25-en-pl","16":"first","17":"instock","18":"taxable","19":"shipping-taxable","20":"purchasable","21":"product-type-simple"},"featured_image_urls_v2":{"full":["https:\/\/varibox.best4u.dev\/wp-content\/uploads\/2022\/08\/capa.png",600,400,false],"thumbnail":["https:\/\/varibox.best4u.dev\/wp-content\/uploads\/2022\/08\/capa.png",256,171,false],"medium":["https:\/\/varibox.best4u.dev\/wp-content\/uploads\/2022\/08\/capa.png",512,341,false],"medium_large":["https:\/\/varibox.best4u.dev\/wp-content\/uploads\/2022\/08\/capa.png",600,400,false],"large":["https:\/\/varibox.best4u.dev\/wp-content\/uploads\/2022\/08\/capa.png",600,400,false],"1536x1536":["https:\/\/varibox.best4u.dev\/wp-content\/uploads\/2022\/08\/capa.png",600,400,false],"2048x2048":["https:\/\/varibox.best4u.dev\/wp-content\/uploads\/2022\/08\/capa.png",600,400,false],"woocommerce_archive_thumbnail":["https:\/\/varibox.best4u.dev\/wp-content\/uploads\/2022\/08\/capa-270x180.png",270,180,true],"gform-image-choice-sm":["https:\/\/varibox.best4u.dev\/wp-content\/uploads\/2022\/08\/capa.png",300,200,false],"gform-image-choice-md":["https:\/\/varibox.best4u.dev\/wp-content\/uploads\/2022\/08\/capa.png",400,267,false],"gform-image-choice-lg":["https:\/\/varibox.best4u.dev\/wp-content\/uploads\/2022\/08\/capa.png",600,400,false],"woocommerce_thumbnail":["https:\/\/varibox.best4u.dev\/wp-content\/uploads\/2022\/08\/capa.png",270,180,false],"woocommerce_single":["https:\/\/varibox.best4u.dev\/wp-content\/uploads\/2022\/08\/capa.png",600,400,false],"woocommerce_gallery_thumbnail":["https:\/\/varibox.best4u.dev\/wp-content\/uploads\/2022\/08\/capa-100x100.png",100,100,true],"variation_swatches_image_size":["https:\/\/varibox.best4u.dev\/wp-content\/uploads\/2022\/08\/capa.png",50,33,false],"variation_swatches_tooltip_size":["https:\/\/varibox.best4u.dev\/wp-content\/uploads\/2022\/08\/capa.png",100,67,false]},"post_excerpt_stackable_v2":"<p>Nasadka do bagnetu ma za zadanie zapobiega\u0107 przedostawaniu si\u0119 wody deszczowej do pojemnika na wycieki i zapewni\u0107 100% dok\u0142adno\u015b\u0107 kontroli wyciek\u00f3w.<\/p>\n","category_list_v2":"","author_info_v2":{"name":"","url":""},"comments_num_v2":"0 comments","acf":[],"_links":{"self":[{"href":"https:\/\/varibox.best4u.dev\/pl\/wp-json\/wp\/v2\/product\/63729","targetHints":{"allow":["GET"]}}],"collection":[{"href":"https:\/\/varibox.best4u.dev\/pl\/wp-json\/wp\/v2\/product"}],"about":[{"href":"https:\/\/varibox.best4u.dev\/pl\/wp-json\/wp\/v2\/types\/product"}],"replies":[{"embeddable":true,"href":"https:\/\/varibox.best4u.dev\/pl\/wp-json\/wp\/v2\/comments?post=63729"}],"wp:featuredmedia":[{"embeddable":true,"href":"https:\/\/varibox.best4u.dev\/pl\/wp-json\/wp\/v2\/media\/63730"}],"wp:attachment":[{"href":"https:\/\/varibox.best4u.dev\/pl\/wp-json\/wp\/v2\/media?parent=63729"}],"wp:term":[{"taxonomy":"product_brand","embeddable":true,"href":"https:\/\/varibox.best4u.dev\/pl\/wp-json\/wp\/v2\/product_brand?post=63729"},{"taxonomy":"product_cat","embeddable":true,"href":"https:\/\/varibox.best4u.dev\/pl\/wp-json\/wp\/v2\/product_cat?post=63729"},{"taxonomy":"product_tag","embeddable":true,"href":"https:\/\/varibox.best4u.dev\/pl\/wp-json\/wp\/v2\/product_tag?post=63729"}],"curies":[{"name":"wp","href":"https:\/\/api.w.org\/{rel}","templated":true}]}}