{"id":63719,"date":"2022-08-10T10:52:38","date_gmt":"2022-08-10T08:52:38","guid":{"rendered":"https:\/\/varibox.best4u.dev\/product\/varibox-connection-strip-short\/"},"modified":"2025-07-17T09:19:32","modified_gmt":"2025-07-17T07:19:32","slug":"varibox-connection-strip-short","status":"publish","type":"product","link":"https:\/\/varibox.best4u.dev\/pl\/produkt\/varibox-connection-strip-short\/","title":{"rendered":"Zestaw 2 kr\u00f3tkich listew \u0142\u0105cz\u0105cych VARIBOX"},"content":{"rendered":"<p>Kr\u00f3tka listwa \u0142\u0105cz\u0105ca VARIBOX jest cz\u0119\u015bci\u0105 wzmocnienia \u015bciany, aby zapewni\u0107 bezpieczn\u0105 konstrukcj\u0119 VARIBOX. Cz\u0119\u015bci metalowe wykonane s\u0105 ze stali ocynkowanej. Kolor cz\u0119\u015bci jest srebrny. Listwy s\u0105 umieszczane na stalowych profilach umoeszczonych wewn\u0105trz \u015bcian VARIBOX.<\/p>\n","protected":false},"excerpt":{"rendered":"<p>Kr\u00f3tka listwa \u0142\u0105cz\u0105ca VARIBOX stanowi element wzmocnienia \u015bciany, zapewniaj\u0105cy bezpiecze\u0144stwo konstrukcji VARIBOX.<\/p>\n","protected":false},"featured_media":63722,"comment_status":"closed","ping_status":"closed","template":"","meta":{"_acf_changed":false},"product_brand":[],"product_cat":[736,717,712,699],"product_tag":[],"class_list":{"0":"post-63719","1":"product","2":"type-product","3":"status-publish","4":"has-post-thumbnail","6":"product_cat-metal-bars-varibox-fc-800-2-pl","7":"product_cat-metal-bars-pl","8":"product_cat-varibox-fc-1000-pl","9":"product_cat-varibox-fc-800-pl","10":"product_shipping_class-deventer-en","11":"pa_packaging-unit-2-pl","13":"first","14":"instock","15":"taxable","16":"shipping-taxable","17":"purchasable","18":"product-type-simple"},"featured_image_urls_v2":{"full":["https:\/\/varibox.best4u.dev\/wp-content\/uploads\/2022\/08\/connstrip.png",600,400,false],"thumbnail":["https:\/\/varibox.best4u.dev\/wp-content\/uploads\/2022\/08\/connstrip.png",256,171,false],"medium":["https:\/\/varibox.best4u.dev\/wp-content\/uploads\/2022\/08\/connstrip.png",512,341,false],"medium_large":["https:\/\/varibox.best4u.dev\/wp-content\/uploads\/2022\/08\/connstrip.png",600,400,false],"large":["https:\/\/varibox.best4u.dev\/wp-content\/uploads\/2022\/08\/connstrip.png",600,400,false],"1536x1536":["https:\/\/varibox.best4u.dev\/wp-content\/uploads\/2022\/08\/connstrip.png",600,400,false],"2048x2048":["https:\/\/varibox.best4u.dev\/wp-content\/uploads\/2022\/08\/connstrip.png",600,400,false],"woocommerce_archive_thumbnail":["https:\/\/varibox.best4u.dev\/wp-content\/uploads\/2022\/08\/connstrip-270x180.png",270,180,true],"gform-image-choice-sm":["https:\/\/varibox.best4u.dev\/wp-content\/uploads\/2022\/08\/connstrip.png",300,200,false],"gform-image-choice-md":["https:\/\/varibox.best4u.dev\/wp-content\/uploads\/2022\/08\/connstrip.png",400,267,false],"gform-image-choice-lg":["https:\/\/varibox.best4u.dev\/wp-content\/uploads\/2022\/08\/connstrip.png",600,400,false],"woocommerce_thumbnail":["https:\/\/varibox.best4u.dev\/wp-content\/uploads\/2022\/08\/connstrip.png",270,180,false],"woocommerce_single":["https:\/\/varibox.best4u.dev\/wp-content\/uploads\/2022\/08\/connstrip.png",600,400,false],"woocommerce_gallery_thumbnail":["https:\/\/varibox.best4u.dev\/wp-content\/uploads\/2022\/08\/connstrip-100x100.png",100,100,true],"variation_swatches_image_size":["https:\/\/varibox.best4u.dev\/wp-content\/uploads\/2022\/08\/connstrip.png",50,33,false],"variation_swatches_tooltip_size":["https:\/\/varibox.best4u.dev\/wp-content\/uploads\/2022\/08\/connstrip.png",100,67,false]},"post_excerpt_stackable_v2":"<p>Kr\u00f3tka listwa \u0142\u0105cz\u0105ca VARIBOX stanowi element wzmocnienia \u015bciany, zapewniaj\u0105cy bezpiecze\u0144stwo konstrukcji VARIBOX.<\/p>\n","category_list_v2":"","author_info_v2":{"name":"","url":""},"comments_num_v2":"0 comments","acf":[],"_links":{"self":[{"href":"https:\/\/varibox.best4u.dev\/pl\/wp-json\/wp\/v2\/product\/63719","targetHints":{"allow":["GET"]}}],"collection":[{"href":"https:\/\/varibox.best4u.dev\/pl\/wp-json\/wp\/v2\/product"}],"about":[{"href":"https:\/\/varibox.best4u.dev\/pl\/wp-json\/wp\/v2\/types\/product"}],"replies":[{"embeddable":true,"href":"https:\/\/varibox.best4u.dev\/pl\/wp-json\/wp\/v2\/comments?post=63719"}],"wp:featuredmedia":[{"embeddable":true,"href":"https:\/\/varibox.best4u.dev\/pl\/wp-json\/wp\/v2\/media\/63722"}],"wp:attachment":[{"href":"https:\/\/varibox.best4u.dev\/pl\/wp-json\/wp\/v2\/media?parent=63719"}],"wp:term":[{"taxonomy":"product_brand","embeddable":true,"href":"https:\/\/varibox.best4u.dev\/pl\/wp-json\/wp\/v2\/product_brand?post=63719"},{"taxonomy":"product_cat","embeddable":true,"href":"https:\/\/varibox.best4u.dev\/pl\/wp-json\/wp\/v2\/product_cat?post=63719"},{"taxonomy":"product_tag","embeddable":true,"href":"https:\/\/varibox.best4u.dev\/pl\/wp-json\/wp\/v2\/product_tag?post=63719"}],"curies":[{"name":"wp","href":"https:\/\/api.w.org\/{rel}","templated":true}]}}