{"id":63714,"date":"2022-08-10T10:52:38","date_gmt":"2022-08-10T08:52:38","guid":{"rendered":"https:\/\/varibox.best4u.dev\/product\/varibox-fc-1000-stacking-pipes\/"},"modified":"2025-07-17T09:20:21","modified_gmt":"2025-07-17T07:20:21","slug":"varibox-fc-1000-stacking-pipes","status":"publish","type":"product","link":"https:\/\/varibox.best4u.dev\/pl\/produkt\/varibox-fc-1000-stacking-pipes\/","title":{"rendered":"Zestaw 4 rur do uk\u0142adania w stos VARIBOX FC 1000"},"content":{"rendered":"<p>Piny boczne umo\u017cliwiaj\u0105ce pi\u0119trowanie VARIBOX FC 1000 zapewniaj\u0105 bezpieczne pi\u0119trowanie IBC. Piny boczne umo\u017cliwiaj\u0105ce pi\u0119trowanie VARIBOX FC 1000 wykonane s\u0105 ze stali ocynkowanej. Ko\u0144c\u00f3wka pina bocznego umo\u017cliwiaj\u0105cego pietrowanie zabezpieczona jest za\u015blepk\u0105 wykonan\u0105 z PE. Ka\u017cdy VARIBOX FC 1000 ma 4 piny boczne umo\u017cliwiaj\u0105ce pi\u0119trowanie, kt\u00f3re s\u0105 umieszczone w ka\u017cdym rogu zakryte czarn\u0105 za\u015blepk\u0105. Piny te te stanowi\u0105 dodatkowe zabezpieczenie, kt\u00f3re gwarantuje bezpieczne pi\u0119trowanie przez dystrybutora, jak r\u00f3wnie\u017c przez u\u017cytkownik\u00f3w pojemnik\u00f3w IBC (Intermediate Bulk Containers)<\/p>\n","protected":false},"excerpt":{"rendered":"<p>Rura do uk\u0142adania w stosy VARIBOX FC 1000 zapewnia bezpieczne uk\u0142adanie w stosy ka\u017cdego pojemnika IBC.<\/p>\n","protected":false},"featured_media":63715,"comment_status":"closed","ping_status":"closed","template":"","meta":{"_acf_changed":false},"product_brand":[],"product_cat":[717,712],"product_tag":[603],"class_list":{"0":"post-63714","1":"product","2":"type-product","3":"status-publish","4":"has-post-thumbnail","6":"product_cat-metal-bars-pl","7":"product_cat-varibox-fc-1000-pl","8":"product_tag-ecolab-pl","9":"product_shipping_class-deventer-en","10":"pa_packaging-unit-4-pl","12":"first","13":"instock","14":"taxable","15":"shipping-taxable","16":"purchasable","17":"product-type-simple"},"featured_image_urls_v2":{"full":["https:\/\/varibox.best4u.dev\/wp-content\/uploads\/2022\/08\/stacka.png",600,400,false],"thumbnail":["https:\/\/varibox.best4u.dev\/wp-content\/uploads\/2022\/08\/stacka.png",256,171,false],"medium":["https:\/\/varibox.best4u.dev\/wp-content\/uploads\/2022\/08\/stacka.png",512,341,false],"medium_large":["https:\/\/varibox.best4u.dev\/wp-content\/uploads\/2022\/08\/stacka.png",600,400,false],"large":["https:\/\/varibox.best4u.dev\/wp-content\/uploads\/2022\/08\/stacka.png",600,400,false],"1536x1536":["https:\/\/varibox.best4u.dev\/wp-content\/uploads\/2022\/08\/stacka.png",600,400,false],"2048x2048":["https:\/\/varibox.best4u.dev\/wp-content\/uploads\/2022\/08\/stacka.png",600,400,false],"woocommerce_archive_thumbnail":["https:\/\/varibox.best4u.dev\/wp-content\/uploads\/2022\/08\/stacka-270x180.png",270,180,true],"gform-image-choice-sm":["https:\/\/varibox.best4u.dev\/wp-content\/uploads\/2022\/08\/stacka.png",300,200,false],"gform-image-choice-md":["https:\/\/varibox.best4u.dev\/wp-content\/uploads\/2022\/08\/stacka.png",400,267,false],"gform-image-choice-lg":["https:\/\/varibox.best4u.dev\/wp-content\/uploads\/2022\/08\/stacka.png",600,400,false],"woocommerce_thumbnail":["https:\/\/varibox.best4u.dev\/wp-content\/uploads\/2022\/08\/stacka.png",270,180,false],"woocommerce_single":["https:\/\/varibox.best4u.dev\/wp-content\/uploads\/2022\/08\/stacka.png",600,400,false],"woocommerce_gallery_thumbnail":["https:\/\/varibox.best4u.dev\/wp-content\/uploads\/2022\/08\/stacka-100x100.png",100,100,true],"variation_swatches_image_size":["https:\/\/varibox.best4u.dev\/wp-content\/uploads\/2022\/08\/stacka.png",50,33,false],"variation_swatches_tooltip_size":["https:\/\/varibox.best4u.dev\/wp-content\/uploads\/2022\/08\/stacka.png",100,67,false]},"post_excerpt_stackable_v2":"<p>Rura do uk\u0142adania w stosy VARIBOX FC 1000 zapewnia bezpieczne uk\u0142adanie w stosy ka\u017cdego pojemnika IBC.<\/p>\n","category_list_v2":"","author_info_v2":{"name":"","url":""},"comments_num_v2":"0 comments","acf":[],"_links":{"self":[{"href":"https:\/\/varibox.best4u.dev\/pl\/wp-json\/wp\/v2\/product\/63714","targetHints":{"allow":["GET"]}}],"collection":[{"href":"https:\/\/varibox.best4u.dev\/pl\/wp-json\/wp\/v2\/product"}],"about":[{"href":"https:\/\/varibox.best4u.dev\/pl\/wp-json\/wp\/v2\/types\/product"}],"replies":[{"embeddable":true,"href":"https:\/\/varibox.best4u.dev\/pl\/wp-json\/wp\/v2\/comments?post=63714"}],"wp:featuredmedia":[{"embeddable":true,"href":"https:\/\/varibox.best4u.dev\/pl\/wp-json\/wp\/v2\/media\/63715"}],"wp:attachment":[{"href":"https:\/\/varibox.best4u.dev\/pl\/wp-json\/wp\/v2\/media?parent=63714"}],"wp:term":[{"taxonomy":"product_brand","embeddable":true,"href":"https:\/\/varibox.best4u.dev\/pl\/wp-json\/wp\/v2\/product_brand?post=63714"},{"taxonomy":"product_cat","embeddable":true,"href":"https:\/\/varibox.best4u.dev\/pl\/wp-json\/wp\/v2\/product_cat?post=63714"},{"taxonomy":"product_tag","embeddable":true,"href":"https:\/\/varibox.best4u.dev\/pl\/wp-json\/wp\/v2\/product_tag?post=63714"}],"curies":[{"name":"wp","href":"https:\/\/api.w.org\/{rel}","templated":true}]}}