{"id":63710,"date":"2022-08-10T10:52:53","date_gmt":"2022-08-10T08:52:53","guid":{"rendered":"https:\/\/varibox.best4u.dev\/product\/varibox-cc-safeline-extractor-tube-neck-seal\/"},"modified":"2025-07-17T09:34:49","modified_gmt":"2025-07-17T07:34:49","slug":"varibox-cc-safeline-extractor-tube-neck-seal","status":"publish","type":"product","link":"https:\/\/varibox.best4u.dev\/pl\/produkt\/varibox-cc-safeline-extractor-tube-neck-seal\/","title":{"rendered":"Zestaw 10 uszczelek szyjki rurki wyci\u0105gowej VARIBOX CC Safeline"},"content":{"rendered":"<p>Uszczelka szyjki rury ss\u0105cej Safeline w VARIBOX CC chroni VARIBOX przed przedostaniem si\u0119 substancji do pojemnika na wyciek. Uszczelka szyjki wykonana jest z EPDM, kolor jest czarny. Uszczelnia ona przestrze\u0144 mi\u0119dzy pokryw\u0105 Varibox a punktem pod\u0142\u0105czenia na g\u00f3rze rury ss\u0105cej, zapobiegaj\u0105c przedostawaniu si\u0119 chemikali\u00f3w, detergent\u00f3w lub wody deszczowej do zewn\u0119trznego pojemnika VARIBOX.<\/p>\n","protected":false},"excerpt":{"rendered":"<p>Uszczelka szyjki rurki wyci\u0105gowej VARIBOX CC Safeline chroni VARIBOX przed substancjami dostaj\u0105cymi si\u0119 do zewn\u0119trznego pojemnika.<\/p>\n","protected":false},"featured_media":63713,"comment_status":"closed","ping_status":"closed","template":"","meta":{"_acf_changed":false},"product_brand":[],"product_cat":[706,565],"product_tag":[],"class_list":{"0":"post-63710","1":"product","2":"type-product","3":"status-publish","4":"has-post-thumbnail","6":"product_cat-accessories-varibox-cc-250-pl","7":"product_cat-varibox-cc-250-pl","8":"product_shipping_class-deventer-en","9":"pa_packaging-unit-10-pl","11":"first","12":"instock","13":"taxable","14":"shipping-taxable","15":"purchasable","16":"product-type-simple"},"featured_image_urls_v2":{"full":["https:\/\/varibox.best4u.dev\/wp-content\/uploads\/2022\/08\/Set-of-10-VARIBOX-CC-Safeline-extractor-tube-neck-seals-1.png",1890,1260,false],"thumbnail":["https:\/\/varibox.best4u.dev\/wp-content\/uploads\/2022\/08\/Set-of-10-VARIBOX-CC-Safeline-extractor-tube-neck-seals-1-256x256.png",256,256,true],"medium":["https:\/\/varibox.best4u.dev\/wp-content\/uploads\/2022\/08\/Set-of-10-VARIBOX-CC-Safeline-extractor-tube-neck-seals-1-512x341.png",512,341,true],"medium_large":["https:\/\/varibox.best4u.dev\/wp-content\/uploads\/2022\/08\/Set-of-10-VARIBOX-CC-Safeline-extractor-tube-neck-seals-1-768x512.png",768,512,true],"large":["https:\/\/varibox.best4u.dev\/wp-content\/uploads\/2022\/08\/Set-of-10-VARIBOX-CC-Safeline-extractor-tube-neck-seals-1-1024x683.png",1024,683,true],"1536x1536":["https:\/\/varibox.best4u.dev\/wp-content\/uploads\/2022\/08\/Set-of-10-VARIBOX-CC-Safeline-extractor-tube-neck-seals-1-1536x1024.png",1536,1024,true],"2048x2048":["https:\/\/varibox.best4u.dev\/wp-content\/uploads\/2022\/08\/Set-of-10-VARIBOX-CC-Safeline-extractor-tube-neck-seals-1.png",1890,1260,false],"woocommerce_archive_thumbnail":["https:\/\/varibox.best4u.dev\/wp-content\/uploads\/2022\/08\/Set-of-10-VARIBOX-CC-Safeline-extractor-tube-neck-seals-1-270x180.png",270,180,true],"gform-image-choice-sm":["https:\/\/varibox.best4u.dev\/wp-content\/uploads\/2022\/08\/Set-of-10-VARIBOX-CC-Safeline-extractor-tube-neck-seals-1.png",300,200,false],"gform-image-choice-md":["https:\/\/varibox.best4u.dev\/wp-content\/uploads\/2022\/08\/Set-of-10-VARIBOX-CC-Safeline-extractor-tube-neck-seals-1.png",400,267,false],"gform-image-choice-lg":["https:\/\/varibox.best4u.dev\/wp-content\/uploads\/2022\/08\/Set-of-10-VARIBOX-CC-Safeline-extractor-tube-neck-seals-1.png",600,400,false],"woocommerce_thumbnail":["https:\/\/varibox.best4u.dev\/wp-content\/uploads\/2022\/08\/Set-of-10-VARIBOX-CC-Safeline-extractor-tube-neck-seals-1-270x180.png",270,180,true],"woocommerce_single":["https:\/\/varibox.best4u.dev\/wp-content\/uploads\/2022\/08\/Set-of-10-VARIBOX-CC-Safeline-extractor-tube-neck-seals-1-1200x800.png",1200,800,true],"woocommerce_gallery_thumbnail":["https:\/\/varibox.best4u.dev\/wp-content\/uploads\/2022\/08\/Set-of-10-VARIBOX-CC-Safeline-extractor-tube-neck-seals-1-100x100.png",100,100,true],"variation_swatches_image_size":["https:\/\/varibox.best4u.dev\/wp-content\/uploads\/2022\/08\/Set-of-10-VARIBOX-CC-Safeline-extractor-tube-neck-seals-1-50x50.png",50,50,true],"variation_swatches_tooltip_size":["https:\/\/varibox.best4u.dev\/wp-content\/uploads\/2022\/08\/Set-of-10-VARIBOX-CC-Safeline-extractor-tube-neck-seals-1-100x100.png",100,100,true]},"post_excerpt_stackable_v2":"<p>Uszczelka szyjki rurki wyci\u0105gowej VARIBOX CC Safeline chroni VARIBOX przed substancjami dostaj\u0105cymi si\u0119 do zewn\u0119trznego pojemnika.<\/p>\n","category_list_v2":"","author_info_v2":{"name":"","url":""},"comments_num_v2":"0 comments","acf":[],"_links":{"self":[{"href":"https:\/\/varibox.best4u.dev\/pl\/wp-json\/wp\/v2\/product\/63710","targetHints":{"allow":["GET"]}}],"collection":[{"href":"https:\/\/varibox.best4u.dev\/pl\/wp-json\/wp\/v2\/product"}],"about":[{"href":"https:\/\/varibox.best4u.dev\/pl\/wp-json\/wp\/v2\/types\/product"}],"replies":[{"embeddable":true,"href":"https:\/\/varibox.best4u.dev\/pl\/wp-json\/wp\/v2\/comments?post=63710"}],"wp:featuredmedia":[{"embeddable":true,"href":"https:\/\/varibox.best4u.dev\/pl\/wp-json\/wp\/v2\/media\/63713"}],"wp:attachment":[{"href":"https:\/\/varibox.best4u.dev\/pl\/wp-json\/wp\/v2\/media?parent=63710"}],"wp:term":[{"taxonomy":"product_brand","embeddable":true,"href":"https:\/\/varibox.best4u.dev\/pl\/wp-json\/wp\/v2\/product_brand?post=63710"},{"taxonomy":"product_cat","embeddable":true,"href":"https:\/\/varibox.best4u.dev\/pl\/wp-json\/wp\/v2\/product_cat?post=63710"},{"taxonomy":"product_tag","embeddable":true,"href":"https:\/\/varibox.best4u.dev\/pl\/wp-json\/wp\/v2\/product_tag?post=63710"}],"curies":[{"name":"wp","href":"https:\/\/api.w.org\/{rel}","templated":true}]}}