{"id":63691,"date":"2022-08-10T10:52:53","date_gmt":"2022-08-10T08:52:53","guid":{"rendered":"https:\/\/varibox.best4u.dev\/product\/varibox-cc-250-safeline-performance-viton\/"},"modified":"2025-07-17T09:28:00","modified_gmt":"2025-07-17T07:28:00","slug":"varibox-cc-250-safeline-performance-viton","status":"publish","type":"product","link":"https:\/\/varibox.best4u.dev\/pl\/produkt\/varibox-cc-250-safeline-performance-viton\/","title":{"rendered":"VARIBOX CC 250 Safeline Performance Viton"},"content":{"rendered":"<p>Rura ss\u0105ca VARIBOX CC 250 Safeline Performance Viton jest wykonana z Aflas, PE i Hastelloy. Rura ma neutralny kolor, a punkt po\u0142\u0105czenia na g\u00f3rze jest zielony. Rura ss\u0105ca jest cz\u0119\u015bci\u0105 \u0142atwego w u\u017cyciu systemu, kt\u00f3ry mo\u017cna pod\u0142\u0105czy\u0107 do systemu\/pompy za pomoc\u0105 z\u0142\u0105cza Safeline. Pozwala to na wypompowanie produktu z VARIBOX bez otwierania IBC. Gwarantuje to, \u017ce produkty chemiczne i toksyczne opary nie wydostan\u0105 si\u0119 z IBC.<\/p>\n","protected":false},"excerpt":{"rendered":"<p>Rurka wyci\u0105gowa VARIBOX CC 250 Safeline Performance Viton to rurka w systemie VARIBOX, kt\u00f3ra si\u0119ga najni\u017cszego punktu pojemnika wewn\u0119trznego.<\/p>\n","protected":false},"featured_media":63692,"comment_status":"closed","ping_status":"closed","template":"","meta":{"_acf_changed":false},"product_brand":[],"product_cat":[690,565],"product_tag":[],"class_list":{"0":"post-63691","1":"product","2":"type-product","3":"status-publish","4":"has-post-thumbnail","6":"product_cat-extractor-tubes-varibox-cc-250-pl","7":"product_cat-varibox-cc-250-pl","8":"product_shipping_class-deventer-en","9":"pa_packaging-unit-1-pl","11":"first","12":"instock","13":"taxable","14":"shipping-taxable","15":"purchasable","16":"product-type-simple"},"featured_image_urls_v2":{"full":["https:\/\/varibox.best4u.dev\/wp-content\/uploads\/2022\/08\/slperva-2.png",600,400,false],"thumbnail":["https:\/\/varibox.best4u.dev\/wp-content\/uploads\/2022\/08\/slperva-2-256x256.png",256,256,true],"medium":["https:\/\/varibox.best4u.dev\/wp-content\/uploads\/2022\/08\/slperva-2-512x341.png",512,341,true],"medium_large":["https:\/\/varibox.best4u.dev\/wp-content\/uploads\/2022\/08\/slperva-2.png",600,400,false],"large":["https:\/\/varibox.best4u.dev\/wp-content\/uploads\/2022\/08\/slperva-2.png",600,400,false],"1536x1536":["https:\/\/varibox.best4u.dev\/wp-content\/uploads\/2022\/08\/slperva-2.png",600,400,false],"2048x2048":["https:\/\/varibox.best4u.dev\/wp-content\/uploads\/2022\/08\/slperva-2.png",600,400,false],"woocommerce_archive_thumbnail":["https:\/\/varibox.best4u.dev\/wp-content\/uploads\/2022\/08\/slperva-2-270x180.png",270,180,true],"gform-image-choice-sm":["https:\/\/varibox.best4u.dev\/wp-content\/uploads\/2022\/08\/slperva-2.png",300,200,false],"gform-image-choice-md":["https:\/\/varibox.best4u.dev\/wp-content\/uploads\/2022\/08\/slperva-2.png",400,267,false],"gform-image-choice-lg":["https:\/\/varibox.best4u.dev\/wp-content\/uploads\/2022\/08\/slperva-2.png",600,400,false],"woocommerce_thumbnail":["https:\/\/varibox.best4u.dev\/wp-content\/uploads\/2022\/08\/slperva-2-270x180.png",270,180,true],"woocommerce_single":["https:\/\/varibox.best4u.dev\/wp-content\/uploads\/2022\/08\/slperva-2.png",600,400,false],"woocommerce_gallery_thumbnail":["https:\/\/varibox.best4u.dev\/wp-content\/uploads\/2022\/08\/slperva-2-100x100.png",100,100,true],"variation_swatches_image_size":["https:\/\/varibox.best4u.dev\/wp-content\/uploads\/2022\/08\/slperva-2-50x50.png",50,50,true],"variation_swatches_tooltip_size":["https:\/\/varibox.best4u.dev\/wp-content\/uploads\/2022\/08\/slperva-2-100x100.png",100,100,true]},"post_excerpt_stackable_v2":"<p>Rurka wyci\u0105gowa VARIBOX CC 250 Safeline Performance Viton to rurka w systemie VARIBOX, kt\u00f3ra si\u0119ga najni\u017cszego punktu pojemnika wewn\u0119trznego.<\/p>\n","category_list_v2":"","author_info_v2":{"name":"","url":""},"comments_num_v2":"0 comments","acf":[],"_links":{"self":[{"href":"https:\/\/varibox.best4u.dev\/pl\/wp-json\/wp\/v2\/product\/63691","targetHints":{"allow":["GET"]}}],"collection":[{"href":"https:\/\/varibox.best4u.dev\/pl\/wp-json\/wp\/v2\/product"}],"about":[{"href":"https:\/\/varibox.best4u.dev\/pl\/wp-json\/wp\/v2\/types\/product"}],"replies":[{"embeddable":true,"href":"https:\/\/varibox.best4u.dev\/pl\/wp-json\/wp\/v2\/comments?post=63691"}],"wp:featuredmedia":[{"embeddable":true,"href":"https:\/\/varibox.best4u.dev\/pl\/wp-json\/wp\/v2\/media\/63692"}],"wp:attachment":[{"href":"https:\/\/varibox.best4u.dev\/pl\/wp-json\/wp\/v2\/media?parent=63691"}],"wp:term":[{"taxonomy":"product_brand","embeddable":true,"href":"https:\/\/varibox.best4u.dev\/pl\/wp-json\/wp\/v2\/product_brand?post=63691"},{"taxonomy":"product_cat","embeddable":true,"href":"https:\/\/varibox.best4u.dev\/pl\/wp-json\/wp\/v2\/product_cat?post=63691"},{"taxonomy":"product_tag","embeddable":true,"href":"https:\/\/varibox.best4u.dev\/pl\/wp-json\/wp\/v2\/product_tag?post=63691"}],"curies":[{"name":"wp","href":"https:\/\/api.w.org\/{rel}","templated":true}]}}