{"id":63672,"date":"2022-08-10T10:52:53","date_gmt":"2022-08-10T08:52:53","guid":{"rendered":"https:\/\/varibox.best4u.dev\/product\/varibox-safeline-coupler-viton\/"},"modified":"2025-07-17T09:23:48","modified_gmt":"2025-07-17T07:23:48","slug":"varibox-safeline-coupler-viton","status":"publish","type":"product","link":"https:\/\/varibox.best4u.dev\/pl\/produkt\/varibox-safeline-coupler-viton\/","title":{"rendered":"VARIBOX \u0141\u0105cznik Safeline Viton"},"content":{"rendered":"<p>Z\u0142\u0105czka VARIBOX Safeline Viton jest wykonana z Hastelloy i PVDF. Z\u0142\u0105czk\u0119 VARIBOX Safeline Viton mo\u017cna pod\u0142\u0105czy\u0107 do g\u00f3rnej cz\u0119\u015bci rury ss\u0105cej Viton Safeline. Dzi\u0119ki zastosowaniu oryginalnej z\u0142\u0105czki Safeline pod\u0142\u0105czonej do systemu\/pompy, rura ss\u0105ca VARIBOX Safeline i z\u0142\u0105czka Safeline s\u0105 otwierane w tym samym czasie. Tw\u00f3j produkt mo\u017ce swobodnie przep\u0142ywa\u0107, a powietrze dostaje si\u0119 do \u015brodka. Opary i produkty nie wydostaja si\u0119 na zewn\u0105trz. Ta wyj\u0105tkowa konstrukcja chroni ludzi i \u015brodowisko podczas u\u017cytkowania.<\/p>\n","protected":false},"excerpt":{"rendered":"<p>Z\u0142\u0105cze VARIBOX Safeline Viton zapewnia szczelne po\u0142\u0105czenie podczas pod\u0142\u0105czania do rurki wyci\u0105gowej Viton VARIBOX Safeline.<\/p>\n","protected":false},"featured_media":63673,"comment_status":"closed","ping_status":"closed","template":"","meta":{"_acf_changed":false},"product_brand":[],"product_cat":[695,565,712,699,704,689,715,734],"product_tag":[603],"class_list":{"0":"post-63672","1":"product","2":"type-product","3":"status-publish","4":"has-post-thumbnail","6":"product_cat-varibox-drumtainer-pl","7":"product_cat-varibox-cc-250-pl","8":"product_cat-varibox-fc-1000-pl","9":"product_cat-varibox-fc-800-pl","10":"product_cat-couplers-pl","11":"product_cat-couplers-varibox-cc-250-2-pl","12":"product_cat-couplers-varibox-fc-1000-pl","13":"product_cat-couplers-varibox-fc-800-2-pl","14":"product_tag-ecolab-pl","15":"product_shipping_class-deventer-en","16":"pa_packaging-unit-1-pl","18":"first","19":"onbackorder","20":"taxable","21":"shipping-taxable","22":"purchasable","23":"product-type-simple"},"featured_image_urls_v2":{"full":["https:\/\/varibox.best4u.dev\/wp-content\/uploads\/2022\/08\/coupslva.png",600,400,false],"thumbnail":["https:\/\/varibox.best4u.dev\/wp-content\/uploads\/2022\/08\/coupslva.png",256,171,false],"medium":["https:\/\/varibox.best4u.dev\/wp-content\/uploads\/2022\/08\/coupslva.png",512,341,false],"medium_large":["https:\/\/varibox.best4u.dev\/wp-content\/uploads\/2022\/08\/coupslva.png",600,400,false],"large":["https:\/\/varibox.best4u.dev\/wp-content\/uploads\/2022\/08\/coupslva.png",600,400,false],"1536x1536":["https:\/\/varibox.best4u.dev\/wp-content\/uploads\/2022\/08\/coupslva.png",600,400,false],"2048x2048":["https:\/\/varibox.best4u.dev\/wp-content\/uploads\/2022\/08\/coupslva.png",600,400,false],"woocommerce_archive_thumbnail":["https:\/\/varibox.best4u.dev\/wp-content\/uploads\/2022\/08\/coupslva-270x180.png",270,180,true],"gform-image-choice-sm":["https:\/\/varibox.best4u.dev\/wp-content\/uploads\/2022\/08\/coupslva.png",300,200,false],"gform-image-choice-md":["https:\/\/varibox.best4u.dev\/wp-content\/uploads\/2022\/08\/coupslva.png",400,267,false],"gform-image-choice-lg":["https:\/\/varibox.best4u.dev\/wp-content\/uploads\/2022\/08\/coupslva.png",600,400,false],"woocommerce_thumbnail":["https:\/\/varibox.best4u.dev\/wp-content\/uploads\/2022\/08\/coupslva.png",270,180,false],"woocommerce_single":["https:\/\/varibox.best4u.dev\/wp-content\/uploads\/2022\/08\/coupslva.png",600,400,false],"woocommerce_gallery_thumbnail":["https:\/\/varibox.best4u.dev\/wp-content\/uploads\/2022\/08\/coupslva-100x100.png",100,100,true],"variation_swatches_image_size":["https:\/\/varibox.best4u.dev\/wp-content\/uploads\/2022\/08\/coupslva.png",50,33,false],"variation_swatches_tooltip_size":["https:\/\/varibox.best4u.dev\/wp-content\/uploads\/2022\/08\/coupslva.png",100,67,false]},"post_excerpt_stackable_v2":"<p>Z\u0142\u0105cze VARIBOX Safeline Viton zapewnia szczelne po\u0142\u0105czenie podczas pod\u0142\u0105czania do rurki wyci\u0105gowej Viton VARIBOX Safeline.<\/p>\n","category_list_v2":"","author_info_v2":{"name":"","url":""},"comments_num_v2":"0 comments","acf":[],"_links":{"self":[{"href":"https:\/\/varibox.best4u.dev\/pl\/wp-json\/wp\/v2\/product\/63672","targetHints":{"allow":["GET"]}}],"collection":[{"href":"https:\/\/varibox.best4u.dev\/pl\/wp-json\/wp\/v2\/product"}],"about":[{"href":"https:\/\/varibox.best4u.dev\/pl\/wp-json\/wp\/v2\/types\/product"}],"replies":[{"embeddable":true,"href":"https:\/\/varibox.best4u.dev\/pl\/wp-json\/wp\/v2\/comments?post=63672"}],"wp:featuredmedia":[{"embeddable":true,"href":"https:\/\/varibox.best4u.dev\/pl\/wp-json\/wp\/v2\/media\/63673"}],"wp:attachment":[{"href":"https:\/\/varibox.best4u.dev\/pl\/wp-json\/wp\/v2\/media?parent=63672"}],"wp:term":[{"taxonomy":"product_brand","embeddable":true,"href":"https:\/\/varibox.best4u.dev\/pl\/wp-json\/wp\/v2\/product_brand?post=63672"},{"taxonomy":"product_cat","embeddable":true,"href":"https:\/\/varibox.best4u.dev\/pl\/wp-json\/wp\/v2\/product_cat?post=63672"},{"taxonomy":"product_tag","embeddable":true,"href":"https:\/\/varibox.best4u.dev\/pl\/wp-json\/wp\/v2\/product_tag?post=63672"}],"curies":[{"name":"wp","href":"https:\/\/api.w.org\/{rel}","templated":true}]}}