{"id":63663,"date":"2022-08-10T10:52:53","date_gmt":"2022-08-10T08:52:53","guid":{"rendered":"https:\/\/varibox.best4u.dev\/product\/varibox-safeline-coupler-epdm\/"},"modified":"2025-10-23T14:49:16","modified_gmt":"2025-10-23T12:49:16","slug":"varibox-safeline-coupler-epdm","status":"publish","type":"product","link":"https:\/\/varibox.best4u.dev\/pl\/produkt\/varibox-safeline-coupler-epdm\/","title":{"rendered":"VARIBOX \u0141\u0105cznik Safeline EPDM"},"content":{"rendered":"<p>Z\u0142\u0105czka CDS EPDM wykonana jest z EPDM, Hastelloy i PVDF. Z\u0142\u0105czk\u0119 CDS Viton mo\u017cna pod\u0142\u0105czy\u0107 do g\u00f3rnej cz\u0119\u015bci rury ss\u0105cej CDS. Dzi\u0119ki oryginalnej z\u0142\u0105czce CDS pod\u0142\u0105czonej do systemu\/pompy, rura ss\u0105ca CDS Viton i z\u0142\u0105czka CDS otwieraj\u0105 si\u0119 w tym samym czasie. Produkt swobodnie przep\u0142ywa, a powietrze dostaje si\u0119 do \u015brodka. Opary i produkty nie wydostaj\u0105 si\u0119 na zewn\u0105trz. Ta wyj\u0105tkowa konstrukcja chroni ludzi i \u015brodowisko podczas u\u017cytkowania.<\/p>\n","protected":false},"excerpt":{"rendered":"<p>Z\u0142\u0105cze VARIBOX Safeline Coupler EPDM zapewnia szczelne po\u0142\u0105czenie podczas pod\u0142\u0105czania do rury wyci\u0105gowej VARIBOX Safeline Performance.<\/p>\n","protected":false},"featured_media":63664,"comment_status":"closed","ping_status":"closed","template":"","meta":{"_acf_changed":false},"product_brand":[],"product_cat":[695,565,712,699,715,734,704,689],"product_tag":[],"class_list":{"0":"post-63663","1":"product","2":"type-product","3":"status-publish","4":"has-post-thumbnail","6":"product_cat-varibox-drumtainer-pl","7":"product_cat-varibox-cc-250-pl","8":"product_cat-varibox-fc-1000-pl","9":"product_cat-varibox-fc-800-pl","10":"product_cat-couplers-varibox-fc-1000-pl","11":"product_cat-couplers-varibox-fc-800-2-pl","12":"product_cat-couplers-pl","13":"product_cat-couplers-varibox-cc-250-2-pl","14":"product_shipping_class-deventer-en","15":"pa_packaging-unit-1-pl","17":"first","18":"instock","19":"taxable","20":"shipping-taxable","21":"purchasable","22":"product-type-simple"},"featured_image_urls_v2":{"full":["https:\/\/varibox.best4u.dev\/wp-content\/uploads\/2022\/08\/coupslea.png",600,400,false],"thumbnail":["https:\/\/varibox.best4u.dev\/wp-content\/uploads\/2022\/08\/coupslea.png",256,171,false],"medium":["https:\/\/varibox.best4u.dev\/wp-content\/uploads\/2022\/08\/coupslea.png",512,341,false],"medium_large":["https:\/\/varibox.best4u.dev\/wp-content\/uploads\/2022\/08\/coupslea.png",600,400,false],"large":["https:\/\/varibox.best4u.dev\/wp-content\/uploads\/2022\/08\/coupslea.png",600,400,false],"1536x1536":["https:\/\/varibox.best4u.dev\/wp-content\/uploads\/2022\/08\/coupslea.png",600,400,false],"2048x2048":["https:\/\/varibox.best4u.dev\/wp-content\/uploads\/2022\/08\/coupslea.png",600,400,false],"woocommerce_archive_thumbnail":["https:\/\/varibox.best4u.dev\/wp-content\/uploads\/2022\/08\/coupslea-270x180.png",270,180,true],"gform-image-choice-sm":["https:\/\/varibox.best4u.dev\/wp-content\/uploads\/2022\/08\/coupslea.png",300,200,false],"gform-image-choice-md":["https:\/\/varibox.best4u.dev\/wp-content\/uploads\/2022\/08\/coupslea.png",400,267,false],"gform-image-choice-lg":["https:\/\/varibox.best4u.dev\/wp-content\/uploads\/2022\/08\/coupslea.png",600,400,false],"woocommerce_thumbnail":["https:\/\/varibox.best4u.dev\/wp-content\/uploads\/2022\/08\/coupslea.png",270,180,false],"woocommerce_single":["https:\/\/varibox.best4u.dev\/wp-content\/uploads\/2022\/08\/coupslea.png",600,400,false],"woocommerce_gallery_thumbnail":["https:\/\/varibox.best4u.dev\/wp-content\/uploads\/2022\/08\/coupslea-100x100.png",100,100,true],"variation_swatches_image_size":["https:\/\/varibox.best4u.dev\/wp-content\/uploads\/2022\/08\/coupslea.png",50,33,false],"variation_swatches_tooltip_size":["https:\/\/varibox.best4u.dev\/wp-content\/uploads\/2022\/08\/coupslea.png",100,67,false]},"post_excerpt_stackable_v2":"<p>Z\u0142\u0105cze VARIBOX Safeline Coupler EPDM zapewnia szczelne po\u0142\u0105czenie podczas pod\u0142\u0105czania do rury wyci\u0105gowej VARIBOX Safeline Performance.<\/p>\n","category_list_v2":"","author_info_v2":{"name":"","url":""},"comments_num_v2":"0 comments","acf":[],"_links":{"self":[{"href":"https:\/\/varibox.best4u.dev\/pl\/wp-json\/wp\/v2\/product\/63663","targetHints":{"allow":["GET"]}}],"collection":[{"href":"https:\/\/varibox.best4u.dev\/pl\/wp-json\/wp\/v2\/product"}],"about":[{"href":"https:\/\/varibox.best4u.dev\/pl\/wp-json\/wp\/v2\/types\/product"}],"replies":[{"embeddable":true,"href":"https:\/\/varibox.best4u.dev\/pl\/wp-json\/wp\/v2\/comments?post=63663"}],"wp:featuredmedia":[{"embeddable":true,"href":"https:\/\/varibox.best4u.dev\/pl\/wp-json\/wp\/v2\/media\/63664"}],"wp:attachment":[{"href":"https:\/\/varibox.best4u.dev\/pl\/wp-json\/wp\/v2\/media?parent=63663"}],"wp:term":[{"taxonomy":"product_brand","embeddable":true,"href":"https:\/\/varibox.best4u.dev\/pl\/wp-json\/wp\/v2\/product_brand?post=63663"},{"taxonomy":"product_cat","embeddable":true,"href":"https:\/\/varibox.best4u.dev\/pl\/wp-json\/wp\/v2\/product_cat?post=63663"},{"taxonomy":"product_tag","embeddable":true,"href":"https:\/\/varibox.best4u.dev\/pl\/wp-json\/wp\/v2\/product_tag?post=63663"}],"curies":[{"name":"wp","href":"https:\/\/api.w.org\/{rel}","templated":true}]}}