{"id":63661,"date":"2022-08-10T10:52:53","date_gmt":"2022-08-10T08:52:53","guid":{"rendered":"https:\/\/varibox.best4u.dev\/product\/cds-coupler-whiteround-viton\/"},"modified":"2025-07-17T09:31:40","modified_gmt":"2025-07-17T07:31:40","slug":"cds-coupler-whiteround-viton","status":"publish","type":"product","link":"https:\/\/varibox.best4u.dev\/pl\/produkt\/cds-coupler-whiteround-viton\/","title":{"rendered":"\u0141\u0105cznik CDS (bia\u0142y i okr\u0105g\u0142y) Viton"},"content":{"rendered":"<p>Z\u0142\u0105czka CDS Viton wykonana jest z Hastelloy i PVDF. Z\u0142\u0105czk\u0119 CDS Viton mo\u017cna pod\u0142\u0105czy\u0107 do g\u00f3rnej cz\u0119\u015bci rury ss\u0105cej CDS. Dzi\u0119ki oryginalnej z\u0142\u0105czce CDS pod\u0142\u0105czonej do systemu\/pompy, rura ss\u0105ca CDS Viton i z\u0142\u0105czka CDS otwieraj\u0105 si\u0119 w tym samym czasie.Produkt swobodnie przep\u0142ywa, a powietrze dostaje si\u0119 do \u015brodka. Opary i produkty nie wydostaj\u0105 si\u0119 na zewn\u0105trz. Ta wyj\u0105tkowa konstrukcja chroni ludzi i \u015brodowisko podczas u\u017cytkowania.<\/p>\n","protected":false},"excerpt":{"rendered":"<p>\u0141\u0105cznik CDS Viton zapewnia szczelne po\u0142\u0105czenie podczas \u0142\u0105czenia z rurk\u0105 wyci\u0105gow\u0105 CDS Viton.<\/p>\n","protected":false},"featured_media":63662,"comment_status":"closed","ping_status":"closed","template":"","meta":{"_acf_changed":false},"product_brand":[],"product_cat":[712,715],"product_tag":[],"class_list":{"0":"post-63661","1":"product","2":"type-product","3":"status-publish","4":"has-post-thumbnail","6":"product_cat-varibox-fc-1000-pl","7":"product_cat-couplers-varibox-fc-1000-pl","8":"product_shipping_class-deventer-en","9":"pa_packaging-unit-1-pl","11":"first","12":"instock","13":"taxable","14":"shipping-taxable","15":"purchasable","16":"product-type-simple"},"featured_image_urls_v2":{"full":["https:\/\/varibox.best4u.dev\/wp-content\/uploads\/2022\/08\/coupcdseb.png",600,400,false],"thumbnail":["https:\/\/varibox.best4u.dev\/wp-content\/uploads\/2022\/08\/coupcdseb-256x256.png",256,256,true],"medium":["https:\/\/varibox.best4u.dev\/wp-content\/uploads\/2022\/08\/coupcdseb-512x341.png",512,341,true],"medium_large":["https:\/\/varibox.best4u.dev\/wp-content\/uploads\/2022\/08\/coupcdseb.png",600,400,false],"large":["https:\/\/varibox.best4u.dev\/wp-content\/uploads\/2022\/08\/coupcdseb.png",600,400,false],"1536x1536":["https:\/\/varibox.best4u.dev\/wp-content\/uploads\/2022\/08\/coupcdseb.png",600,400,false],"2048x2048":["https:\/\/varibox.best4u.dev\/wp-content\/uploads\/2022\/08\/coupcdseb.png",600,400,false],"woocommerce_archive_thumbnail":["https:\/\/varibox.best4u.dev\/wp-content\/uploads\/2022\/08\/coupcdseb-270x180.png",270,180,true],"gform-image-choice-sm":["https:\/\/varibox.best4u.dev\/wp-content\/uploads\/2022\/08\/coupcdseb.png",300,200,false],"gform-image-choice-md":["https:\/\/varibox.best4u.dev\/wp-content\/uploads\/2022\/08\/coupcdseb.png",400,267,false],"gform-image-choice-lg":["https:\/\/varibox.best4u.dev\/wp-content\/uploads\/2022\/08\/coupcdseb.png",600,400,false],"woocommerce_thumbnail":["https:\/\/varibox.best4u.dev\/wp-content\/uploads\/2022\/08\/coupcdseb-270x180.png",270,180,true],"woocommerce_single":["https:\/\/varibox.best4u.dev\/wp-content\/uploads\/2022\/08\/coupcdseb.png",600,400,false],"woocommerce_gallery_thumbnail":["https:\/\/varibox.best4u.dev\/wp-content\/uploads\/2022\/08\/coupcdseb-100x100.png",100,100,true],"variation_swatches_image_size":["https:\/\/varibox.best4u.dev\/wp-content\/uploads\/2022\/08\/coupcdseb-50x50.png",50,50,true],"variation_swatches_tooltip_size":["https:\/\/varibox.best4u.dev\/wp-content\/uploads\/2022\/08\/coupcdseb-100x100.png",100,100,true]},"post_excerpt_stackable_v2":"<p>\u0141\u0105cznik CDS Viton zapewnia szczelne po\u0142\u0105czenie podczas \u0142\u0105czenia z rurk\u0105 wyci\u0105gow\u0105 CDS Viton.<\/p>\n","category_list_v2":"","author_info_v2":{"name":"","url":""},"comments_num_v2":"0 comments","acf":[],"_links":{"self":[{"href":"https:\/\/varibox.best4u.dev\/pl\/wp-json\/wp\/v2\/product\/63661","targetHints":{"allow":["GET"]}}],"collection":[{"href":"https:\/\/varibox.best4u.dev\/pl\/wp-json\/wp\/v2\/product"}],"about":[{"href":"https:\/\/varibox.best4u.dev\/pl\/wp-json\/wp\/v2\/types\/product"}],"replies":[{"embeddable":true,"href":"https:\/\/varibox.best4u.dev\/pl\/wp-json\/wp\/v2\/comments?post=63661"}],"wp:featuredmedia":[{"embeddable":true,"href":"https:\/\/varibox.best4u.dev\/pl\/wp-json\/wp\/v2\/media\/63662"}],"wp:attachment":[{"href":"https:\/\/varibox.best4u.dev\/pl\/wp-json\/wp\/v2\/media?parent=63661"}],"wp:term":[{"taxonomy":"product_brand","embeddable":true,"href":"https:\/\/varibox.best4u.dev\/pl\/wp-json\/wp\/v2\/product_brand?post=63661"},{"taxonomy":"product_cat","embeddable":true,"href":"https:\/\/varibox.best4u.dev\/pl\/wp-json\/wp\/v2\/product_cat?post=63661"},{"taxonomy":"product_tag","embeddable":true,"href":"https:\/\/varibox.best4u.dev\/pl\/wp-json\/wp\/v2\/product_tag?post=63661"}],"curies":[{"name":"wp","href":"https:\/\/api.w.org\/{rel}","templated":true}]}}