{"id":63641,"date":"2022-08-10T10:53:12","date_gmt":"2022-08-10T08:53:12","guid":{"rendered":"https:\/\/varibox.best4u.dev\/product\/varibox-screwcap-d160-epdm-combi-vent\/"},"modified":"2025-07-17T09:43:04","modified_gmt":"2025-07-17T07:43:04","slug":"varibox-screwcap-d160-epdm-combi-vent","status":"publish","type":"product","link":"https:\/\/varibox.best4u.dev\/pl\/produkt\/varibox-screwcap-d160-epdm-combi-vent\/","title":{"rendered":"VARIBOX FC \/ CC z zakr\u0119tk\u0105 D160 EPDM Combi-vent"},"content":{"rendered":"<p>Kapsel z gwintem VARIBOX D160 EPDM combi-vent s\u0142u\u017cy do zamykania otworu do nape\u0142niania. Kapsel wykonany jest z EPDM, PE, PTFE i PP, a jego kolor jest czerwony. Kolor czerwony kolor pasuje do innych czerwonych cz\u0119\u015bci systemu EPDM Safeline VARIBOX. Ten typ kapsla posiada zawory combi-vent do automatycznej wentylacji, a tak\u017ce nadci\u015bnienia.<\/p>\n","protected":false},"excerpt":{"rendered":"<p>Kombinowany otw\u00f3r wentylacyjny VARIBOX z zakr\u0119tk\u0105 D160 EPDM s\u0142u\u017cy do zamykania otworu nape\u0142niaj\u0105cego.<\/p>\n","protected":false},"featured_media":63451,"comment_status":"closed","ping_status":"closed","template":"","meta":{"_acf_changed":false},"product_brand":[],"product_cat":[718,737,691,565,712,699],"product_tag":[],"class_list":{"0":"post-63641","1":"product","2":"type-product","3":"status-publish","4":"has-post-thumbnail","6":"product_cat-screwcaps-varibox-fc-1000-pl","7":"product_cat-screwcaps-varibox-fc-800-2-pl","8":"product_cat-screwcaps-varibox-cc-250-2-pl","9":"product_cat-varibox-cc-250-pl","10":"product_cat-varibox-fc-1000-pl","11":"product_cat-varibox-fc-800-pl","12":"product_shipping_class-deventer-en","13":"pa_packaging-unit-1-pl","15":"first","16":"instock","17":"taxable","18":"shipping-taxable","19":"purchasable","20":"product-type-simple"},"featured_image_urls_v2":{"full":["https:\/\/varibox.best4u.dev\/wp-content\/uploads\/2022\/08\/screweya.png",600,400,false],"thumbnail":["https:\/\/varibox.best4u.dev\/wp-content\/uploads\/2022\/08\/screweya.png",256,171,false],"medium":["https:\/\/varibox.best4u.dev\/wp-content\/uploads\/2022\/08\/screweya.png",512,341,false],"medium_large":["https:\/\/varibox.best4u.dev\/wp-content\/uploads\/2022\/08\/screweya.png",600,400,false],"large":["https:\/\/varibox.best4u.dev\/wp-content\/uploads\/2022\/08\/screweya.png",600,400,false],"1536x1536":["https:\/\/varibox.best4u.dev\/wp-content\/uploads\/2022\/08\/screweya.png",600,400,false],"2048x2048":["https:\/\/varibox.best4u.dev\/wp-content\/uploads\/2022\/08\/screweya.png",600,400,false],"woocommerce_archive_thumbnail":["https:\/\/varibox.best4u.dev\/wp-content\/uploads\/2022\/08\/screweya-270x180.png",270,180,true],"gform-image-choice-sm":["https:\/\/varibox.best4u.dev\/wp-content\/uploads\/2022\/08\/screweya.png",300,200,false],"gform-image-choice-md":["https:\/\/varibox.best4u.dev\/wp-content\/uploads\/2022\/08\/screweya.png",400,267,false],"gform-image-choice-lg":["https:\/\/varibox.best4u.dev\/wp-content\/uploads\/2022\/08\/screweya.png",600,400,false],"woocommerce_thumbnail":["https:\/\/varibox.best4u.dev\/wp-content\/uploads\/2022\/08\/screweya.png",270,180,false],"woocommerce_single":["https:\/\/varibox.best4u.dev\/wp-content\/uploads\/2022\/08\/screweya.png",600,400,false],"woocommerce_gallery_thumbnail":["https:\/\/varibox.best4u.dev\/wp-content\/uploads\/2022\/08\/screweya-100x100.png",100,100,true],"variation_swatches_image_size":["https:\/\/varibox.best4u.dev\/wp-content\/uploads\/2022\/08\/screweya.png",50,33,false],"variation_swatches_tooltip_size":["https:\/\/varibox.best4u.dev\/wp-content\/uploads\/2022\/08\/screweya.png",100,67,false]},"post_excerpt_stackable_v2":"<p>Kombinowany otw\u00f3r wentylacyjny VARIBOX z zakr\u0119tk\u0105 D160 EPDM s\u0142u\u017cy do zamykania otworu nape\u0142niaj\u0105cego.<\/p>\n","category_list_v2":"","author_info_v2":{"name":"","url":""},"comments_num_v2":"0 comments","acf":[],"_links":{"self":[{"href":"https:\/\/varibox.best4u.dev\/pl\/wp-json\/wp\/v2\/product\/63641","targetHints":{"allow":["GET"]}}],"collection":[{"href":"https:\/\/varibox.best4u.dev\/pl\/wp-json\/wp\/v2\/product"}],"about":[{"href":"https:\/\/varibox.best4u.dev\/pl\/wp-json\/wp\/v2\/types\/product"}],"replies":[{"embeddable":true,"href":"https:\/\/varibox.best4u.dev\/pl\/wp-json\/wp\/v2\/comments?post=63641"}],"wp:featuredmedia":[{"embeddable":true,"href":"https:\/\/varibox.best4u.dev\/pl\/wp-json\/wp\/v2\/media\/63451"}],"wp:attachment":[{"href":"https:\/\/varibox.best4u.dev\/pl\/wp-json\/wp\/v2\/media?parent=63641"}],"wp:term":[{"taxonomy":"product_brand","embeddable":true,"href":"https:\/\/varibox.best4u.dev\/pl\/wp-json\/wp\/v2\/product_brand?post=63641"},{"taxonomy":"product_cat","embeddable":true,"href":"https:\/\/varibox.best4u.dev\/pl\/wp-json\/wp\/v2\/product_cat?post=63641"},{"taxonomy":"product_tag","embeddable":true,"href":"https:\/\/varibox.best4u.dev\/pl\/wp-json\/wp\/v2\/product_tag?post=63641"}],"curies":[{"name":"wp","href":"https:\/\/api.w.org\/{rel}","templated":true}]}}