{"id":63636,"date":"2022-08-10T10:53:12","date_gmt":"2022-08-10T08:53:12","guid":{"rendered":"https:\/\/varibox.best4u.dev\/product\/varibox-drumtainer-swivel-caster\/"},"modified":"2025-07-17T09:47:21","modified_gmt":"2025-07-17T07:47:21","slug":"varibox-drumtainer-swivel-caster","status":"publish","type":"product","link":"https:\/\/varibox.best4u.dev\/pl\/produkt\/varibox-drumtainer-swivel-caster\/","title":{"rendered":"VARIBOX Drumtainer obrotowe k\u00f3\u0142ka"},"content":{"rendered":"<p>K\u00f3\u0142ko skr\u0119tne Drumtainera to solidne ko\u0142o skr\u0119tne, zamontowane z przodu Drumtainera. Ko\u0142o skr\u0119tne wykonane jest z bia\u0142ego PE w rdzeniu i ma niebiesk\u0105 &#8222;opon\u0119&#8221; PU. To ko\u0142o ma specjaln\u0105 konstrukcj\u0119 ze stali nierdzewnej do blokowania ko\u0142a (hamulca), aby zapobiec przesuwaniu si\u0119 Drumtainera po nier\u00f3wnych powierzchniach.<\/p>\n","protected":false},"excerpt":{"rendered":"<p>Obrotowe k\u00f3\u0142ko VARIBOX Drumtainer to solidne, skr\u0119tne k\u00f3\u0142ko zamontowane z przodu Drumtainera.<\/p>\n","protected":false},"featured_media":63637,"comment_status":"closed","ping_status":"closed","template":"","meta":{"_acf_changed":false},"product_brand":[],"product_cat":[696,695],"product_tag":[],"class_list":{"0":"post-63636","1":"product","2":"type-product","3":"status-publish","4":"has-post-thumbnail","6":"product_cat-accessories-varibox-drumtainer-pl","7":"product_cat-varibox-drumtainer-pl","8":"product_shipping_class-deventer-en","9":"pa_packaging-unit-1-pl","11":"first","12":"instock","13":"taxable","14":"shipping-taxable","15":"purchasable","16":"product-type-simple"},"featured_image_urls_v2":{"full":["https:\/\/varibox.best4u.dev\/wp-content\/uploads\/2022\/08\/swivela.png",600,400,false],"thumbnail":["https:\/\/varibox.best4u.dev\/wp-content\/uploads\/2022\/08\/swivela-256x256.png",256,256,true],"medium":["https:\/\/varibox.best4u.dev\/wp-content\/uploads\/2022\/08\/swivela-512x341.png",512,341,true],"medium_large":["https:\/\/varibox.best4u.dev\/wp-content\/uploads\/2022\/08\/swivela.png",600,400,false],"large":["https:\/\/varibox.best4u.dev\/wp-content\/uploads\/2022\/08\/swivela.png",600,400,false],"1536x1536":["https:\/\/varibox.best4u.dev\/wp-content\/uploads\/2022\/08\/swivela.png",600,400,false],"2048x2048":["https:\/\/varibox.best4u.dev\/wp-content\/uploads\/2022\/08\/swivela.png",600,400,false],"woocommerce_archive_thumbnail":["https:\/\/varibox.best4u.dev\/wp-content\/uploads\/2022\/08\/swivela-270x180.png",270,180,true],"gform-image-choice-sm":["https:\/\/varibox.best4u.dev\/wp-content\/uploads\/2022\/08\/swivela.png",300,200,false],"gform-image-choice-md":["https:\/\/varibox.best4u.dev\/wp-content\/uploads\/2022\/08\/swivela.png",400,267,false],"gform-image-choice-lg":["https:\/\/varibox.best4u.dev\/wp-content\/uploads\/2022\/08\/swivela.png",600,400,false],"woocommerce_thumbnail":["https:\/\/varibox.best4u.dev\/wp-content\/uploads\/2022\/08\/swivela-270x180.png",270,180,true],"woocommerce_single":["https:\/\/varibox.best4u.dev\/wp-content\/uploads\/2022\/08\/swivela.png",600,400,false],"woocommerce_gallery_thumbnail":["https:\/\/varibox.best4u.dev\/wp-content\/uploads\/2022\/08\/swivela-100x100.png",100,100,true],"variation_swatches_image_size":["https:\/\/varibox.best4u.dev\/wp-content\/uploads\/2022\/08\/swivela-50x50.png",50,50,true],"variation_swatches_tooltip_size":["https:\/\/varibox.best4u.dev\/wp-content\/uploads\/2022\/08\/swivela-100x100.png",100,100,true]},"post_excerpt_stackable_v2":"<p>Obrotowe k\u00f3\u0142ko VARIBOX Drumtainer to solidne, skr\u0119tne k\u00f3\u0142ko zamontowane z przodu Drumtainera.<\/p>\n","category_list_v2":"","author_info_v2":{"name":"","url":""},"comments_num_v2":"0 comments","acf":[],"_links":{"self":[{"href":"https:\/\/varibox.best4u.dev\/pl\/wp-json\/wp\/v2\/product\/63636","targetHints":{"allow":["GET"]}}],"collection":[{"href":"https:\/\/varibox.best4u.dev\/pl\/wp-json\/wp\/v2\/product"}],"about":[{"href":"https:\/\/varibox.best4u.dev\/pl\/wp-json\/wp\/v2\/types\/product"}],"replies":[{"embeddable":true,"href":"https:\/\/varibox.best4u.dev\/pl\/wp-json\/wp\/v2\/comments?post=63636"}],"wp:featuredmedia":[{"embeddable":true,"href":"https:\/\/varibox.best4u.dev\/pl\/wp-json\/wp\/v2\/media\/63637"}],"wp:attachment":[{"href":"https:\/\/varibox.best4u.dev\/pl\/wp-json\/wp\/v2\/media?parent=63636"}],"wp:term":[{"taxonomy":"product_brand","embeddable":true,"href":"https:\/\/varibox.best4u.dev\/pl\/wp-json\/wp\/v2\/product_brand?post=63636"},{"taxonomy":"product_cat","embeddable":true,"href":"https:\/\/varibox.best4u.dev\/pl\/wp-json\/wp\/v2\/product_cat?post=63636"},{"taxonomy":"product_tag","embeddable":true,"href":"https:\/\/varibox.best4u.dev\/pl\/wp-json\/wp\/v2\/product_tag?post=63636"}],"curies":[{"name":"wp","href":"https:\/\/api.w.org\/{rel}","templated":true}]}}