{"id":63631,"date":"2022-08-10T10:53:12","date_gmt":"2022-08-10T08:53:12","guid":{"rendered":"https:\/\/varibox.best4u.dev\/product\/varibox-sticker-cap-vacuum-vent\/"},"modified":"2025-07-17T09:48:24","modified_gmt":"2025-07-17T07:48:24","slug":"varibox-sticker-cap-vacuum-vent","status":"publish","type":"product","link":"https:\/\/varibox.best4u.dev\/pl\/produkt\/varibox-sticker-cap-vacuum-vent\/","title":{"rendered":"Naklejka VARIBOX na wentylacj\u0119 pr\u00f3\u017cniow\u0105"},"content":{"rendered":"<p>Ka\u017cdy VARIBOX posiada automatyczn\u0105 wentylacj\u0119. Naklejk\u0119 VARIBOX mo\u017cna przyklei\u0107 na kapsel z odpowietrznikiem Vacuum vent (pr\u00f3\u017cniowym). Naklejka na ten kapsel wykonana jest z PE, kolor jest bia\u0142y. Naklejka wskazuje, \u017ce kapsel jest tylko z odpowietrznikiem pr\u00f3\u017cniowym.<\/p>\n","protected":false},"excerpt":{"rendered":"<p>Ka\u017cdy VARIBOX posiada automatyczny odpowietrznik. Naklejk\u0119 VARIBOX mo\u017cna przyklei\u0107 na pokrywie odpowietrznika pr\u00f3\u017cniowego.<\/p>\n","protected":false},"featured_media":63632,"comment_status":"closed","ping_status":"closed","template":"","meta":{"_acf_changed":false},"product_brand":[],"product_cat":[706,713,697,565,712,699],"product_tag":[],"class_list":{"0":"post-63631","1":"product","2":"type-product","3":"status-publish","4":"has-post-thumbnail","6":"product_cat-accessories-varibox-cc-250-pl","7":"product_cat-accessories-pl","8":"product_cat-accessories-varibox-fc-800-pl","9":"product_cat-varibox-cc-250-pl","10":"product_cat-varibox-fc-1000-pl","11":"product_cat-varibox-fc-800-pl","12":"product_shipping_class-deventer-en","13":"pa_packaging-unit-50-pl","15":"first","16":"instock","17":"taxable","18":"shipping-taxable","19":"purchasable","20":"product-type-simple"},"featured_image_urls_v2":{"full":["https:\/\/varibox.best4u.dev\/wp-content\/uploads\/2022\/08\/labelvac.png",600,400,false],"thumbnail":["https:\/\/varibox.best4u.dev\/wp-content\/uploads\/2022\/08\/labelvac.png",256,171,false],"medium":["https:\/\/varibox.best4u.dev\/wp-content\/uploads\/2022\/08\/labelvac.png",512,341,false],"medium_large":["https:\/\/varibox.best4u.dev\/wp-content\/uploads\/2022\/08\/labelvac.png",600,400,false],"large":["https:\/\/varibox.best4u.dev\/wp-content\/uploads\/2022\/08\/labelvac.png",600,400,false],"1536x1536":["https:\/\/varibox.best4u.dev\/wp-content\/uploads\/2022\/08\/labelvac.png",600,400,false],"2048x2048":["https:\/\/varibox.best4u.dev\/wp-content\/uploads\/2022\/08\/labelvac.png",600,400,false],"woocommerce_archive_thumbnail":["https:\/\/varibox.best4u.dev\/wp-content\/uploads\/2022\/08\/labelvac-270x180.png",270,180,true],"gform-image-choice-sm":["https:\/\/varibox.best4u.dev\/wp-content\/uploads\/2022\/08\/labelvac.png",300,200,false],"gform-image-choice-md":["https:\/\/varibox.best4u.dev\/wp-content\/uploads\/2022\/08\/labelvac.png",400,267,false],"gform-image-choice-lg":["https:\/\/varibox.best4u.dev\/wp-content\/uploads\/2022\/08\/labelvac.png",600,400,false],"woocommerce_thumbnail":["https:\/\/varibox.best4u.dev\/wp-content\/uploads\/2022\/08\/labelvac.png",270,180,false],"woocommerce_single":["https:\/\/varibox.best4u.dev\/wp-content\/uploads\/2022\/08\/labelvac.png",600,400,false],"woocommerce_gallery_thumbnail":["https:\/\/varibox.best4u.dev\/wp-content\/uploads\/2022\/08\/labelvac-100x100.png",100,100,true],"variation_swatches_image_size":["https:\/\/varibox.best4u.dev\/wp-content\/uploads\/2022\/08\/labelvac.png",50,33,false],"variation_swatches_tooltip_size":["https:\/\/varibox.best4u.dev\/wp-content\/uploads\/2022\/08\/labelvac.png",100,67,false]},"post_excerpt_stackable_v2":"<p>Ka\u017cdy VARIBOX posiada automatyczny odpowietrznik. Naklejk\u0119 VARIBOX mo\u017cna przyklei\u0107 na pokrywie odpowietrznika pr\u00f3\u017cniowego.<\/p>\n","category_list_v2":"","author_info_v2":{"name":"","url":""},"comments_num_v2":"0 comments","acf":[],"_links":{"self":[{"href":"https:\/\/varibox.best4u.dev\/pl\/wp-json\/wp\/v2\/product\/63631","targetHints":{"allow":["GET"]}}],"collection":[{"href":"https:\/\/varibox.best4u.dev\/pl\/wp-json\/wp\/v2\/product"}],"about":[{"href":"https:\/\/varibox.best4u.dev\/pl\/wp-json\/wp\/v2\/types\/product"}],"replies":[{"embeddable":true,"href":"https:\/\/varibox.best4u.dev\/pl\/wp-json\/wp\/v2\/comments?post=63631"}],"wp:featuredmedia":[{"embeddable":true,"href":"https:\/\/varibox.best4u.dev\/pl\/wp-json\/wp\/v2\/media\/63632"}],"wp:attachment":[{"href":"https:\/\/varibox.best4u.dev\/pl\/wp-json\/wp\/v2\/media?parent=63631"}],"wp:term":[{"taxonomy":"product_brand","embeddable":true,"href":"https:\/\/varibox.best4u.dev\/pl\/wp-json\/wp\/v2\/product_brand?post=63631"},{"taxonomy":"product_cat","embeddable":true,"href":"https:\/\/varibox.best4u.dev\/pl\/wp-json\/wp\/v2\/product_cat?post=63631"},{"taxonomy":"product_tag","embeddable":true,"href":"https:\/\/varibox.best4u.dev\/pl\/wp-json\/wp\/v2\/product_tag?post=63631"}],"curies":[{"name":"wp","href":"https:\/\/api.w.org\/{rel}","templated":true}]}}