{"id":63619,"date":"2022-08-10T10:53:12","date_gmt":"2022-08-10T08:53:12","guid":{"rendered":"https:\/\/varibox.best4u.dev\/product\/varibox-fc-800-cc-250-low-level-sensor-viton\/"},"modified":"2025-07-17T09:51:45","modified_gmt":"2025-07-17T07:51:45","slug":"varibox-fc-800-cc-250-low-level-sensor-viton","status":"publish","type":"product","link":"https:\/\/varibox.best4u.dev\/pl\/produkt\/varibox-fc-800-cc-250-low-level-sensor-viton\/","title":{"rendered":"VARIBOX FC 800 i CC 250 czujnik niskiego poziomu Viton"},"content":{"rendered":"<p>Czujnik niskiego poziomu VARIBOX FC 800 i CC 250 Viton jest wykonany z VITONU, PE, PP i PVC, a jego kolor jest czarny. Czujnik niskiego poziomu posiada wy\u0142\u0105cznik p\u0142ywakowy umieszczany w najni\u017cszym punkcie w VARIBOX. Je\u015bli w VARIBOX znajduje si\u0119 ciecz, p\u0142ywak b\u0119dzie unosi\u0142 si\u0119, a obw\u00f3d elektryczny zostanie zamkni\u0119ty. Je\u015bli w VARIBOX pozosta\u0142o tylko oko\u0142o 50 litr\u00f3w (FC800) lub 30 litr\u00f3w (CC250), p\u0142ywak opadnie, a obw\u00f3d elektryczny zostanie przerwany.<\/p>\n","protected":false},"excerpt":{"rendered":"<p>Czujnik niskiego poziomu VARIBOX FC 800 i CC 250 Viton to czujnik w urz\u0105dzeniu VARIBOX, kt\u00f3ry sygnalizuje, kiedy w urz\u0105dzeniu VARIBOX pozosta\u0142o oko\u0142o 50 litr\u00f3w (FC800) lub 30 litr\u00f3w (CC250) zawarto\u015bci.<\/p>\n","protected":false},"featured_media":63620,"comment_status":"closed","ping_status":"closed","template":"","meta":{"_acf_changed":false},"product_brand":[],"product_cat":[738,692,565,699],"product_tag":[],"class_list":{"0":"post-63619","1":"product","2":"type-product","3":"status-publish","4":"has-post-thumbnail","6":"product_cat-sensors-varibox-fc-800-pl","7":"product_cat-sensors-varibox-cc-250-pl","8":"product_cat-varibox-cc-250-pl","9":"product_cat-varibox-fc-800-pl","10":"product_shipping_class-deventer-en","11":"pa_packaging-unit-1-pl","13":"first","14":"instock","15":"taxable","16":"shipping-taxable","17":"purchasable","18":"product-type-simple"},"featured_image_urls_v2":{"full":["https:\/\/varibox.best4u.dev\/wp-content\/uploads\/2022\/08\/llea.png",600,400,false],"thumbnail":["https:\/\/varibox.best4u.dev\/wp-content\/uploads\/2022\/08\/llea-256x256.png",256,256,true],"medium":["https:\/\/varibox.best4u.dev\/wp-content\/uploads\/2022\/08\/llea-512x341.png",512,341,true],"medium_large":["https:\/\/varibox.best4u.dev\/wp-content\/uploads\/2022\/08\/llea.png",600,400,false],"large":["https:\/\/varibox.best4u.dev\/wp-content\/uploads\/2022\/08\/llea.png",600,400,false],"1536x1536":["https:\/\/varibox.best4u.dev\/wp-content\/uploads\/2022\/08\/llea.png",600,400,false],"2048x2048":["https:\/\/varibox.best4u.dev\/wp-content\/uploads\/2022\/08\/llea.png",600,400,false],"woocommerce_archive_thumbnail":["https:\/\/varibox.best4u.dev\/wp-content\/uploads\/2022\/08\/llea-270x180.png",270,180,true],"gform-image-choice-sm":["https:\/\/varibox.best4u.dev\/wp-content\/uploads\/2022\/08\/llea.png",300,200,false],"gform-image-choice-md":["https:\/\/varibox.best4u.dev\/wp-content\/uploads\/2022\/08\/llea.png",400,267,false],"gform-image-choice-lg":["https:\/\/varibox.best4u.dev\/wp-content\/uploads\/2022\/08\/llea.png",600,400,false],"woocommerce_thumbnail":["https:\/\/varibox.best4u.dev\/wp-content\/uploads\/2022\/08\/llea-270x180.png",270,180,true],"woocommerce_single":["https:\/\/varibox.best4u.dev\/wp-content\/uploads\/2022\/08\/llea.png",600,400,false],"woocommerce_gallery_thumbnail":["https:\/\/varibox.best4u.dev\/wp-content\/uploads\/2022\/08\/llea-100x100.png",100,100,true],"variation_swatches_image_size":["https:\/\/varibox.best4u.dev\/wp-content\/uploads\/2022\/08\/llea-50x50.png",50,50,true],"variation_swatches_tooltip_size":["https:\/\/varibox.best4u.dev\/wp-content\/uploads\/2022\/08\/llea-100x100.png",100,100,true]},"post_excerpt_stackable_v2":"<p>Czujnik niskiego poziomu VARIBOX FC 800 i CC 250 Viton to czujnik w urz\u0105dzeniu VARIBOX, kt\u00f3ry sygnalizuje, kiedy w urz\u0105dzeniu VARIBOX pozosta\u0142o oko\u0142o 50 litr\u00f3w (FC800) lub 30 litr\u00f3w (CC250) zawarto\u015bci.<\/p>\n","category_list_v2":"","author_info_v2":{"name":"","url":""},"comments_num_v2":"0 comments","acf":[],"_links":{"self":[{"href":"https:\/\/varibox.best4u.dev\/pl\/wp-json\/wp\/v2\/product\/63619","targetHints":{"allow":["GET"]}}],"collection":[{"href":"https:\/\/varibox.best4u.dev\/pl\/wp-json\/wp\/v2\/product"}],"about":[{"href":"https:\/\/varibox.best4u.dev\/pl\/wp-json\/wp\/v2\/types\/product"}],"replies":[{"embeddable":true,"href":"https:\/\/varibox.best4u.dev\/pl\/wp-json\/wp\/v2\/comments?post=63619"}],"wp:featuredmedia":[{"embeddable":true,"href":"https:\/\/varibox.best4u.dev\/pl\/wp-json\/wp\/v2\/media\/63620"}],"wp:attachment":[{"href":"https:\/\/varibox.best4u.dev\/pl\/wp-json\/wp\/v2\/media?parent=63619"}],"wp:term":[{"taxonomy":"product_brand","embeddable":true,"href":"https:\/\/varibox.best4u.dev\/pl\/wp-json\/wp\/v2\/product_brand?post=63619"},{"taxonomy":"product_cat","embeddable":true,"href":"https:\/\/varibox.best4u.dev\/pl\/wp-json\/wp\/v2\/product_cat?post=63619"},{"taxonomy":"product_tag","embeddable":true,"href":"https:\/\/varibox.best4u.dev\/pl\/wp-json\/wp\/v2\/product_tag?post=63619"}],"curies":[{"name":"wp","href":"https:\/\/api.w.org\/{rel}","templated":true}]}}