{"id":63616,"date":"2022-08-10T10:53:12","date_gmt":"2022-08-10T08:53:12","guid":{"rendered":"https:\/\/varibox.best4u.dev\/product\/varibox-full-level-sensor-viton\/"},"modified":"2025-07-17T09:41:33","modified_gmt":"2025-07-17T07:41:33","slug":"varibox-full-level-sensor-viton","status":"publish","type":"product","link":"https:\/\/varibox.best4u.dev\/pl\/produkt\/varibox-full-level-sensor-viton\/","title":{"rendered":"Czujnik poziomu pe\u0142nego VARIBOX Viton"},"content":{"rendered":"<p>Czujnik pe\u0142nego zbiornika VARIBOX Viton jest wykonany z Vitonu, PE, PP i PVC. Specjalny czujnik w VARIBOX wskazuje, kiedy pojemnik jest pe\u0142ny. Tw\u00f3j system\/pompa mo\u017ce by\u0107 pod\u0142\u0105czona do czujnika pe\u0142nego zbiornika za pomoc\u0105 wtyczki. CZujnik wysy\u0142a sygna\u0142, w momencie gdy VARIBOX jest pe\u0142ny, i np. wy\u0142\u0105cza pomp\u0119. Czujnik pe\u0142nego zbiornika posiada wy\u0142\u0105cznik p\u0142ywakowy umieszczany w najwy\u017cszym punkcie VARIBOX. Je\u015bli VARIBOX b\u0119dzie wype\u0142niony ciecz\u0105, podniesie on p\u0142ywak, a obw\u00f3d elektryczny zostanie przerwany.<\/p>\n","protected":false},"excerpt":{"rendered":"<p>Czujnik VARIBOX full sensor Viton to specjalny czujnik w urz\u0105dzeniu VARIBOX, kt\u00f3ry sygnalizuje, kiedy pojemnik jest pe\u0142ny.<\/p>\n","protected":false},"featured_media":63617,"comment_status":"closed","ping_status":"closed","template":"","meta":{"_acf_changed":false},"product_brand":[],"product_cat":[719,738,692,565,712,699],"product_tag":[],"class_list":{"0":"post-63616","1":"product","2":"type-product","3":"status-publish","4":"has-post-thumbnail","6":"product_cat-sensors-pl","7":"product_cat-sensors-varibox-fc-800-pl","8":"product_cat-sensors-varibox-cc-250-pl","9":"product_cat-varibox-cc-250-pl","10":"product_cat-varibox-fc-1000-pl","11":"product_cat-varibox-fc-800-pl","12":"product_shipping_class-deventer-en","13":"pa_packaging-unit-1-pl","15":"first","16":"instock","17":"taxable","18":"shipping-taxable","19":"purchasable","20":"product-type-simple"},"featured_image_urls_v2":{"full":["https:\/\/varibox.best4u.dev\/wp-content\/uploads\/2022\/08\/fulla-1.png",600,400,false],"thumbnail":["https:\/\/varibox.best4u.dev\/wp-content\/uploads\/2022\/08\/fulla-1-256x256.png",256,256,true],"medium":["https:\/\/varibox.best4u.dev\/wp-content\/uploads\/2022\/08\/fulla-1-512x341.png",512,341,true],"medium_large":["https:\/\/varibox.best4u.dev\/wp-content\/uploads\/2022\/08\/fulla-1.png",600,400,false],"large":["https:\/\/varibox.best4u.dev\/wp-content\/uploads\/2022\/08\/fulla-1.png",600,400,false],"1536x1536":["https:\/\/varibox.best4u.dev\/wp-content\/uploads\/2022\/08\/fulla-1.png",600,400,false],"2048x2048":["https:\/\/varibox.best4u.dev\/wp-content\/uploads\/2022\/08\/fulla-1.png",600,400,false],"woocommerce_archive_thumbnail":["https:\/\/varibox.best4u.dev\/wp-content\/uploads\/2022\/08\/fulla-1-270x180.png",270,180,true],"gform-image-choice-sm":["https:\/\/varibox.best4u.dev\/wp-content\/uploads\/2022\/08\/fulla-1.png",300,200,false],"gform-image-choice-md":["https:\/\/varibox.best4u.dev\/wp-content\/uploads\/2022\/08\/fulla-1.png",400,267,false],"gform-image-choice-lg":["https:\/\/varibox.best4u.dev\/wp-content\/uploads\/2022\/08\/fulla-1.png",600,400,false],"woocommerce_thumbnail":["https:\/\/varibox.best4u.dev\/wp-content\/uploads\/2022\/08\/fulla-1-270x180.png",270,180,true],"woocommerce_single":["https:\/\/varibox.best4u.dev\/wp-content\/uploads\/2022\/08\/fulla-1.png",600,400,false],"woocommerce_gallery_thumbnail":["https:\/\/varibox.best4u.dev\/wp-content\/uploads\/2022\/08\/fulla-1-100x100.png",100,100,true],"variation_swatches_image_size":["https:\/\/varibox.best4u.dev\/wp-content\/uploads\/2022\/08\/fulla-1-50x50.png",50,50,true],"variation_swatches_tooltip_size":["https:\/\/varibox.best4u.dev\/wp-content\/uploads\/2022\/08\/fulla-1-100x100.png",100,100,true]},"post_excerpt_stackable_v2":"<p>Czujnik VARIBOX full sensor Viton to specjalny czujnik w urz\u0105dzeniu VARIBOX, kt\u00f3ry sygnalizuje, kiedy pojemnik jest pe\u0142ny.<\/p>\n","category_list_v2":"","author_info_v2":{"name":"","url":""},"comments_num_v2":"0 comments","acf":[],"_links":{"self":[{"href":"https:\/\/varibox.best4u.dev\/pl\/wp-json\/wp\/v2\/product\/63616","targetHints":{"allow":["GET"]}}],"collection":[{"href":"https:\/\/varibox.best4u.dev\/pl\/wp-json\/wp\/v2\/product"}],"about":[{"href":"https:\/\/varibox.best4u.dev\/pl\/wp-json\/wp\/v2\/types\/product"}],"replies":[{"embeddable":true,"href":"https:\/\/varibox.best4u.dev\/pl\/wp-json\/wp\/v2\/comments?post=63616"}],"wp:featuredmedia":[{"embeddable":true,"href":"https:\/\/varibox.best4u.dev\/pl\/wp-json\/wp\/v2\/media\/63617"}],"wp:attachment":[{"href":"https:\/\/varibox.best4u.dev\/pl\/wp-json\/wp\/v2\/media?parent=63616"}],"wp:term":[{"taxonomy":"product_brand","embeddable":true,"href":"https:\/\/varibox.best4u.dev\/pl\/wp-json\/wp\/v2\/product_brand?post=63616"},{"taxonomy":"product_cat","embeddable":true,"href":"https:\/\/varibox.best4u.dev\/pl\/wp-json\/wp\/v2\/product_cat?post=63616"},{"taxonomy":"product_tag","embeddable":true,"href":"https:\/\/varibox.best4u.dev\/pl\/wp-json\/wp\/v2\/product_tag?post=63616"}],"curies":[{"name":"wp","href":"https:\/\/api.w.org\/{rel}","templated":true}]}}