{"id":63612,"date":"2022-08-10T10:53:12","date_gmt":"2022-08-10T08:53:12","guid":{"rendered":"https:\/\/varibox.best4u.dev\/product\/varibox-fc-1000-empty-level-sensor-viton\/"},"modified":"2025-07-17T09:41:48","modified_gmt":"2025-07-17T07:41:48","slug":"varibox-fc-1000-empty-level-sensor-viton","status":"publish","type":"product","link":"https:\/\/varibox.best4u.dev\/pl\/produkt\/varibox-fc-1000-empty-level-sensor-viton\/","title":{"rendered":"VARIBOX FC 1000 czujnik poziomu pustki Viton"},"content":{"rendered":"<p>Czujnik pustego zbiornika Viton VARIBOX FC 1000 wykonany jest z Vitonu, PE, PP i PVC. Specjalny czujnik w VARIBOX FC wskazuje, kiedy pojemnik jest pusty: pozosta\u0142o\u015b\u0107 to ok. 1\/2 litra p\u0142ynu. Tw\u00f3j system\/pompa mo\u017ce by\u0107 pod\u0142\u0105czona do czujnika pustego zbiornika za pomoca wtyczki. Czujnik wysy\u0142a sygna\u0142, w momencie gdy VARIBOX FC jest pusty, kt\u00f3ry np. wy\u0142\u0105cza pomp\u0119. Czujnik pustego zbiornika posiada wy\u0142\u0105cznik p\u0142ywakowy umieszczany w najni\u017cszym punkcie VARIBOX FC. Je\u017celi VARIBOX FC b\u0119dzie wype\u0142niony ciecz\u0105, p\u0142ywak b\u0119dzie unosi\u0142 si\u0119, a obw\u00f3d elektryczny zostanie zamkni\u0119ty. Po wympompowaniu cieczy z VARIBOX FC, p\u0142ywak opadnie, a obw\u00f3d elektryczny zostanie przerwany.<\/p>\n","protected":false},"excerpt":{"rendered":"<p>Czujnik poziomu opr\u00f3\u017cnienia VARIBOX FC 1000 Viton to specjalny czujnik w urz\u0105dzeniu VARIBOX FC, kt\u00f3ry sygnalizuje, kiedy pojemnik jest pusty.<\/p>\n","protected":false},"featured_media":63613,"comment_status":"closed","ping_status":"closed","template":"","meta":{"_acf_changed":false},"product_brand":[],"product_cat":[719,712],"product_tag":[603],"class_list":{"0":"post-63612","1":"product","2":"type-product","3":"status-publish","4":"has-post-thumbnail","6":"product_cat-sensors-pl","7":"product_cat-varibox-fc-1000-pl","8":"product_tag-ecolab-pl","9":"product_shipping_class-deventer-en","10":"pa_packaging-unit-1-pl","12":"first","13":"instock","14":"taxable","15":"shipping-taxable","16":"purchasable","17":"product-type-simple"},"featured_image_urls_v2":{"full":["https:\/\/varibox.best4u.dev\/wp-content\/uploads\/2022\/08\/ela-1.png",600,400,false],"thumbnail":["https:\/\/varibox.best4u.dev\/wp-content\/uploads\/2022\/08\/ela-1-256x256.png",256,256,true],"medium":["https:\/\/varibox.best4u.dev\/wp-content\/uploads\/2022\/08\/ela-1-512x341.png",512,341,true],"medium_large":["https:\/\/varibox.best4u.dev\/wp-content\/uploads\/2022\/08\/ela-1.png",600,400,false],"large":["https:\/\/varibox.best4u.dev\/wp-content\/uploads\/2022\/08\/ela-1.png",600,400,false],"1536x1536":["https:\/\/varibox.best4u.dev\/wp-content\/uploads\/2022\/08\/ela-1.png",600,400,false],"2048x2048":["https:\/\/varibox.best4u.dev\/wp-content\/uploads\/2022\/08\/ela-1.png",600,400,false],"woocommerce_archive_thumbnail":["https:\/\/varibox.best4u.dev\/wp-content\/uploads\/2022\/08\/ela-1-270x180.png",270,180,true],"gform-image-choice-sm":["https:\/\/varibox.best4u.dev\/wp-content\/uploads\/2022\/08\/ela-1.png",300,200,false],"gform-image-choice-md":["https:\/\/varibox.best4u.dev\/wp-content\/uploads\/2022\/08\/ela-1.png",400,267,false],"gform-image-choice-lg":["https:\/\/varibox.best4u.dev\/wp-content\/uploads\/2022\/08\/ela-1.png",600,400,false],"woocommerce_thumbnail":["https:\/\/varibox.best4u.dev\/wp-content\/uploads\/2022\/08\/ela-1-270x180.png",270,180,true],"woocommerce_single":["https:\/\/varibox.best4u.dev\/wp-content\/uploads\/2022\/08\/ela-1.png",600,400,false],"woocommerce_gallery_thumbnail":["https:\/\/varibox.best4u.dev\/wp-content\/uploads\/2022\/08\/ela-1-100x100.png",100,100,true],"variation_swatches_image_size":["https:\/\/varibox.best4u.dev\/wp-content\/uploads\/2022\/08\/ela-1-50x50.png",50,50,true],"variation_swatches_tooltip_size":["https:\/\/varibox.best4u.dev\/wp-content\/uploads\/2022\/08\/ela-1-100x100.png",100,100,true]},"post_excerpt_stackable_v2":"<p>Czujnik poziomu opr\u00f3\u017cnienia VARIBOX FC 1000 Viton to specjalny czujnik w urz\u0105dzeniu VARIBOX FC, kt\u00f3ry sygnalizuje, kiedy pojemnik jest pusty.<\/p>\n","category_list_v2":"","author_info_v2":{"name":"","url":""},"comments_num_v2":"0 comments","acf":[],"_links":{"self":[{"href":"https:\/\/varibox.best4u.dev\/pl\/wp-json\/wp\/v2\/product\/63612","targetHints":{"allow":["GET"]}}],"collection":[{"href":"https:\/\/varibox.best4u.dev\/pl\/wp-json\/wp\/v2\/product"}],"about":[{"href":"https:\/\/varibox.best4u.dev\/pl\/wp-json\/wp\/v2\/types\/product"}],"replies":[{"embeddable":true,"href":"https:\/\/varibox.best4u.dev\/pl\/wp-json\/wp\/v2\/comments?post=63612"}],"wp:featuredmedia":[{"embeddable":true,"href":"https:\/\/varibox.best4u.dev\/pl\/wp-json\/wp\/v2\/media\/63613"}],"wp:attachment":[{"href":"https:\/\/varibox.best4u.dev\/pl\/wp-json\/wp\/v2\/media?parent=63612"}],"wp:term":[{"taxonomy":"product_brand","embeddable":true,"href":"https:\/\/varibox.best4u.dev\/pl\/wp-json\/wp\/v2\/product_brand?post=63612"},{"taxonomy":"product_cat","embeddable":true,"href":"https:\/\/varibox.best4u.dev\/pl\/wp-json\/wp\/v2\/product_cat?post=63612"},{"taxonomy":"product_tag","embeddable":true,"href":"https:\/\/varibox.best4u.dev\/pl\/wp-json\/wp\/v2\/product_tag?post=63612"}],"curies":[{"name":"wp","href":"https:\/\/api.w.org\/{rel}","templated":true}]}}