{"id":63597,"date":"2022-08-10T10:53:12","date_gmt":"2022-08-10T08:53:12","guid":{"rendered":"https:\/\/varibox.best4u.dev\/product\/varibox-full-level-sensor-epdm\/"},"modified":"2025-07-17T09:39:57","modified_gmt":"2025-07-17T07:39:57","slug":"varibox-full-level-sensor-epdm","status":"publish","type":"product","link":"https:\/\/varibox.best4u.dev\/pl\/produkt\/varibox-full-level-sensor-epdm\/","title":{"rendered":"Czujnik poziomu pe\u0142nego VARIBOX EPDM"},"content":{"rendered":"<p>Czujnik pe\u0142nego zbiornika VARIBOX EPDM jest wykonany z EPDM, PE, PP i PVC. Ten specjalny czujnik w VARIBOX wskazuje, kiedy pojemnik jest pe\u0142ny. System\/pompy mo\u017cna pod\u0142\u0105czy\u0107 do czujnika pe\u0142nego zbiornika za pomoc\u0105 wtyczki. Wysy\u0142a on sygna\u0142, gdy VARIBOX jest pe\u0142ny, kt\u00f3ry na przyk\u0142ad wy\u0142\u0105cza pomp\u0119. Czujnik pe\u0142nego zbiornika jest wyposa\u017cony w wy\u0142\u0105cznik p\u0142ywakowy w najwy\u017cszym punkcie VARIBOX. Je\u015bli w VARIBOX jest wystarczaj\u0105ca ilo\u015b\u0107 p\u0142ynu, p\u0142ywak podniesie si\u0119, a prze\u0142\u0105cznik przerwie obw\u00f3d elektryczny.<\/p>\n","protected":false},"excerpt":{"rendered":"<p>Czujnik VARIBOX full sensor EPDM to specjalny czujnik w urz\u0105dzeniu VARIBOX, kt\u00f3ry sygnalizuje, kiedy pojemnik jest pe\u0142ny.<\/p>\n","protected":false},"featured_media":63598,"comment_status":"closed","ping_status":"closed","template":"","meta":{"_acf_changed":false},"product_brand":[],"product_cat":[738,692,719,565,712,699],"product_tag":[],"class_list":{"0":"post-63597","1":"product","2":"type-product","3":"status-publish","4":"has-post-thumbnail","6":"product_cat-sensors-varibox-fc-800-pl","7":"product_cat-sensors-varibox-cc-250-pl","8":"product_cat-sensors-pl","9":"product_cat-varibox-cc-250-pl","10":"product_cat-varibox-fc-1000-pl","11":"product_cat-varibox-fc-800-pl","12":"product_shipping_class-deventer-en","13":"pa_packaging-unit-1-pl","15":"first","16":"instock","17":"taxable","18":"shipping-taxable","19":"purchasable","20":"product-type-simple"},"featured_image_urls_v2":{"full":["https:\/\/varibox.best4u.dev\/wp-content\/uploads\/2022\/08\/fulla.png",600,400,false],"thumbnail":["https:\/\/varibox.best4u.dev\/wp-content\/uploads\/2022\/08\/fulla-256x256.png",256,256,true],"medium":["https:\/\/varibox.best4u.dev\/wp-content\/uploads\/2022\/08\/fulla-512x341.png",512,341,true],"medium_large":["https:\/\/varibox.best4u.dev\/wp-content\/uploads\/2022\/08\/fulla.png",600,400,false],"large":["https:\/\/varibox.best4u.dev\/wp-content\/uploads\/2022\/08\/fulla.png",600,400,false],"1536x1536":["https:\/\/varibox.best4u.dev\/wp-content\/uploads\/2022\/08\/fulla.png",600,400,false],"2048x2048":["https:\/\/varibox.best4u.dev\/wp-content\/uploads\/2022\/08\/fulla.png",600,400,false],"woocommerce_archive_thumbnail":["https:\/\/varibox.best4u.dev\/wp-content\/uploads\/2022\/08\/fulla-270x180.png",270,180,true],"gform-image-choice-sm":["https:\/\/varibox.best4u.dev\/wp-content\/uploads\/2022\/08\/fulla.png",300,200,false],"gform-image-choice-md":["https:\/\/varibox.best4u.dev\/wp-content\/uploads\/2022\/08\/fulla.png",400,267,false],"gform-image-choice-lg":["https:\/\/varibox.best4u.dev\/wp-content\/uploads\/2022\/08\/fulla.png",600,400,false],"woocommerce_thumbnail":["https:\/\/varibox.best4u.dev\/wp-content\/uploads\/2022\/08\/fulla-270x180.png",270,180,true],"woocommerce_single":["https:\/\/varibox.best4u.dev\/wp-content\/uploads\/2022\/08\/fulla.png",600,400,false],"woocommerce_gallery_thumbnail":["https:\/\/varibox.best4u.dev\/wp-content\/uploads\/2022\/08\/fulla-100x100.png",100,100,true],"variation_swatches_image_size":["https:\/\/varibox.best4u.dev\/wp-content\/uploads\/2022\/08\/fulla-50x50.png",50,50,true],"variation_swatches_tooltip_size":["https:\/\/varibox.best4u.dev\/wp-content\/uploads\/2022\/08\/fulla-100x100.png",100,100,true]},"post_excerpt_stackable_v2":"<p>Czujnik VARIBOX full sensor EPDM to specjalny czujnik w urz\u0105dzeniu VARIBOX, kt\u00f3ry sygnalizuje, kiedy pojemnik jest pe\u0142ny.<\/p>\n","category_list_v2":"","author_info_v2":{"name":"","url":""},"comments_num_v2":"0 comments","acf":[],"_links":{"self":[{"href":"https:\/\/varibox.best4u.dev\/pl\/wp-json\/wp\/v2\/product\/63597","targetHints":{"allow":["GET"]}}],"collection":[{"href":"https:\/\/varibox.best4u.dev\/pl\/wp-json\/wp\/v2\/product"}],"about":[{"href":"https:\/\/varibox.best4u.dev\/pl\/wp-json\/wp\/v2\/types\/product"}],"replies":[{"embeddable":true,"href":"https:\/\/varibox.best4u.dev\/pl\/wp-json\/wp\/v2\/comments?post=63597"}],"wp:featuredmedia":[{"embeddable":true,"href":"https:\/\/varibox.best4u.dev\/pl\/wp-json\/wp\/v2\/media\/63598"}],"wp:attachment":[{"href":"https:\/\/varibox.best4u.dev\/pl\/wp-json\/wp\/v2\/media?parent=63597"}],"wp:term":[{"taxonomy":"product_brand","embeddable":true,"href":"https:\/\/varibox.best4u.dev\/pl\/wp-json\/wp\/v2\/product_brand?post=63597"},{"taxonomy":"product_cat","embeddable":true,"href":"https:\/\/varibox.best4u.dev\/pl\/wp-json\/wp\/v2\/product_cat?post=63597"},{"taxonomy":"product_tag","embeddable":true,"href":"https:\/\/varibox.best4u.dev\/pl\/wp-json\/wp\/v2\/product_tag?post=63597"}],"curies":[{"name":"wp","href":"https:\/\/api.w.org\/{rel}","templated":true}]}}