{"id":63575,"date":"2022-08-10T10:53:32","date_gmt":"2022-08-10T08:53:32","guid":{"rendered":"https:\/\/varibox.best4u.dev\/product\/varibox-cc-250-set-of-4-mounting-plugs\/"},"modified":"2025-07-17T10:05:22","modified_gmt":"2025-07-17T08:05:22","slug":"varibox-cc-250-set-of-4-mounting-plugs","status":"publish","type":"product","link":"https:\/\/varibox.best4u.dev\/pl\/produkt\/varibox-cc-250-set-of-4-mounting-plugs\/","title":{"rendered":"Zestaw 4 wtyczek monta\u017cowych VARIBOX CC 250"},"content":{"rendered":"<p>Zestaw monta\u017cowy (4 piny) do zabezpieczenia pokrywy VARIBOX CC 250 to specjalny zestaw cz\u0119\u015bci do mocowania pokrywy do VARIBOX CC 250. Cz\u0119\u015bci monta\u017cowe wykonane s\u0105 z PE, a kolor cz\u0119\u015bci jest czarny. Kszta\u0142t cz\u0119\u015bci jest okr\u0105g\u0142y i zapewnia, \u017ce pokrywa pozostaje przymocowana do pojemnika wychwytowego VARIBOX CC 250. Pokrywa zapobiega przedostawaniu si\u0119 wody deszczowej lub innych substancji do pojemnika na wycieki (przestrze\u0144 mi\u0119dzy zbiornikiem wewn\u0119trznym a pojemnikiem zewn\u0119trznym).<\/p>\n","protected":false},"excerpt":{"rendered":"<p>Zestaw 4 ko\u0142k\u00f3w monta\u017cowych VARIBOX CC 250 to specjalny zestaw element\u00f3w s\u0142u\u017c\u0105cych do zamocowania pokrywy do obudowy VARIBOX CC 250.<\/p>\n","protected":false},"featured_media":63576,"comment_status":"closed","ping_status":"closed","template":"","meta":{"_acf_changed":false},"product_brand":[],"product_cat":[706,565],"product_tag":[],"class_list":{"0":"post-63575","1":"product","2":"type-product","3":"status-publish","4":"has-post-thumbnail","6":"product_cat-accessories-varibox-cc-250-pl","7":"product_cat-varibox-cc-250-pl","8":"product_shipping_class-deventer-en","9":"pa_packaging-unit-4-pl","11":"first","12":"instock","13":"taxable","14":"shipping-taxable","15":"purchasable","16":"product-type-simple"},"featured_image_urls_v2":{"full":["https:\/\/varibox.best4u.dev\/wp-content\/uploads\/2022\/08\/holda.png",600,400,false],"thumbnail":["https:\/\/varibox.best4u.dev\/wp-content\/uploads\/2022\/08\/holda.png",256,171,false],"medium":["https:\/\/varibox.best4u.dev\/wp-content\/uploads\/2022\/08\/holda.png",512,341,false],"medium_large":["https:\/\/varibox.best4u.dev\/wp-content\/uploads\/2022\/08\/holda.png",600,400,false],"large":["https:\/\/varibox.best4u.dev\/wp-content\/uploads\/2022\/08\/holda.png",600,400,false],"1536x1536":["https:\/\/varibox.best4u.dev\/wp-content\/uploads\/2022\/08\/holda.png",600,400,false],"2048x2048":["https:\/\/varibox.best4u.dev\/wp-content\/uploads\/2022\/08\/holda.png",600,400,false],"woocommerce_archive_thumbnail":["https:\/\/varibox.best4u.dev\/wp-content\/uploads\/2022\/08\/holda-270x180.png",270,180,true],"gform-image-choice-sm":["https:\/\/varibox.best4u.dev\/wp-content\/uploads\/2022\/08\/holda.png",300,200,false],"gform-image-choice-md":["https:\/\/varibox.best4u.dev\/wp-content\/uploads\/2022\/08\/holda.png",400,267,false],"gform-image-choice-lg":["https:\/\/varibox.best4u.dev\/wp-content\/uploads\/2022\/08\/holda.png",600,400,false],"woocommerce_thumbnail":["https:\/\/varibox.best4u.dev\/wp-content\/uploads\/2022\/08\/holda-270x180.png",270,180,true],"woocommerce_single":["https:\/\/varibox.best4u.dev\/wp-content\/uploads\/2022\/08\/holda.png",600,400,false],"woocommerce_gallery_thumbnail":["https:\/\/varibox.best4u.dev\/wp-content\/uploads\/2022\/08\/holda-100x100.png",100,100,true],"variation_swatches_image_size":["https:\/\/varibox.best4u.dev\/wp-content\/uploads\/2022\/08\/holda.png",50,33,false],"variation_swatches_tooltip_size":["https:\/\/varibox.best4u.dev\/wp-content\/uploads\/2022\/08\/holda.png",100,67,false]},"post_excerpt_stackable_v2":"<p>Zestaw 4 ko\u0142k\u00f3w monta\u017cowych VARIBOX CC 250 to specjalny zestaw element\u00f3w s\u0142u\u017c\u0105cych do zamocowania pokrywy do obudowy VARIBOX CC 250.<\/p>\n","category_list_v2":"","author_info_v2":{"name":"","url":""},"comments_num_v2":"0 comments","acf":[],"_links":{"self":[{"href":"https:\/\/varibox.best4u.dev\/pl\/wp-json\/wp\/v2\/product\/63575","targetHints":{"allow":["GET"]}}],"collection":[{"href":"https:\/\/varibox.best4u.dev\/pl\/wp-json\/wp\/v2\/product"}],"about":[{"href":"https:\/\/varibox.best4u.dev\/pl\/wp-json\/wp\/v2\/types\/product"}],"replies":[{"embeddable":true,"href":"https:\/\/varibox.best4u.dev\/pl\/wp-json\/wp\/v2\/comments?post=63575"}],"wp:featuredmedia":[{"embeddable":true,"href":"https:\/\/varibox.best4u.dev\/pl\/wp-json\/wp\/v2\/media\/63576"}],"wp:attachment":[{"href":"https:\/\/varibox.best4u.dev\/pl\/wp-json\/wp\/v2\/media?parent=63575"}],"wp:term":[{"taxonomy":"product_brand","embeddable":true,"href":"https:\/\/varibox.best4u.dev\/pl\/wp-json\/wp\/v2\/product_brand?post=63575"},{"taxonomy":"product_cat","embeddable":true,"href":"https:\/\/varibox.best4u.dev\/pl\/wp-json\/wp\/v2\/product_cat?post=63575"},{"taxonomy":"product_tag","embeddable":true,"href":"https:\/\/varibox.best4u.dev\/pl\/wp-json\/wp\/v2\/product_tag?post=63575"}],"curies":[{"name":"wp","href":"https:\/\/api.w.org\/{rel}","templated":true}]}}