{"id":63546,"date":"2023-01-20T15:00:23","date_gmt":"2023-01-20T14:00:23","guid":{"rendered":"https:\/\/varibox.best4u.dev\/product\/varibox-fc-800-and-drumtainer-safeline-precision-epdm\/"},"modified":"2025-10-23T15:16:43","modified_gmt":"2025-10-23T13:16:43","slug":"varibox-fc-800-and-drumtainer-safeline-precision-epdm","status":"publish","type":"product","link":"https:\/\/varibox.best4u.dev\/pl\/produkt\/varibox-fc-800-and-drumtainer-safeline-precision-epdm\/","title":{"rendered":"VARIBOX FC 800 i Drumtainer Safeline Precision EPDM"},"content":{"rendered":"<p>Rurka ekstraktora VARIBOX FC 800 i Drumtainer Safeline Precision EPDM jest wykonana z EPDM, PE i Hastelloy. Rurka ma neutralny kolor, a punkt po\u0142\u0105czenia na g\u00f3rze jest czerwony. Rura wyci\u0105gowa jest cz\u0119\u015bci\u0105 \u0142atwego w u\u017cyciu systemu, kt\u00f3ry mo\u017cna pod\u0142\u0105czy\u0107 do systemu za pomoc\u0105 z\u0142\u0105cza Safeline. Umo\u017cliwia to wypompowanie produktu z pojemnika VARIBOX bez otwierania pojemnika IBC. Zapewnia to, \u017ce produkty chemiczne i toksyczne opary nie mog\u0105 wydosta\u0107 si\u0119 z pojemnika IBC.<\/p>\n","protected":false},"excerpt":{"rendered":"<p>Rurka ekstraktora VARIBOX FC 800 i Drumtainer Safeline Precision EPDM jest wykonana z EPDM, PE i stali nierdzewnej 316.<\/p>\n","protected":false},"featured_media":63547,"comment_status":"closed","ping_status":"closed","template":"","meta":{"_acf_changed":false},"product_brand":[],"product_cat":[695,735,702,699],"product_tag":[],"class_list":{"0":"post-63546","1":"product","2":"type-product","3":"status-publish","4":"has-post-thumbnail","6":"product_cat-varibox-drumtainer-pl","7":"product_cat-extractor-tubes-varibox-fc-800-pl","8":"product_cat-extractor-tubes-varibox-drumtainer-2-pl","9":"product_cat-varibox-fc-800-pl","10":"product_shipping_class-deventer-en","11":"pa_packaging-unit-1-pl","13":"first","14":"instock","15":"taxable","16":"shipping-taxable","17":"purchasable","18":"product-type-simple"},"featured_image_urls_v2":{"full":["https:\/\/varibox.best4u.dev\/wp-content\/uploads\/2022\/08\/slprea.png",600,400,false],"thumbnail":["https:\/\/varibox.best4u.dev\/wp-content\/uploads\/2022\/08\/slprea.png",256,171,false],"medium":["https:\/\/varibox.best4u.dev\/wp-content\/uploads\/2022\/08\/slprea.png",512,341,false],"medium_large":["https:\/\/varibox.best4u.dev\/wp-content\/uploads\/2022\/08\/slprea.png",600,400,false],"large":["https:\/\/varibox.best4u.dev\/wp-content\/uploads\/2022\/08\/slprea.png",600,400,false],"1536x1536":["https:\/\/varibox.best4u.dev\/wp-content\/uploads\/2022\/08\/slprea.png",600,400,false],"2048x2048":["https:\/\/varibox.best4u.dev\/wp-content\/uploads\/2022\/08\/slprea.png",600,400,false],"woocommerce_archive_thumbnail":["https:\/\/varibox.best4u.dev\/wp-content\/uploads\/2022\/08\/slprea-270x180.png",270,180,true],"gform-image-choice-sm":["https:\/\/varibox.best4u.dev\/wp-content\/uploads\/2022\/08\/slprea.png",300,200,false],"gform-image-choice-md":["https:\/\/varibox.best4u.dev\/wp-content\/uploads\/2022\/08\/slprea.png",400,267,false],"gform-image-choice-lg":["https:\/\/varibox.best4u.dev\/wp-content\/uploads\/2022\/08\/slprea.png",600,400,false],"woocommerce_thumbnail":["https:\/\/varibox.best4u.dev\/wp-content\/uploads\/2022\/08\/slprea.png",270,180,false],"woocommerce_single":["https:\/\/varibox.best4u.dev\/wp-content\/uploads\/2022\/08\/slprea.png",600,400,false],"woocommerce_gallery_thumbnail":["https:\/\/varibox.best4u.dev\/wp-content\/uploads\/2022\/08\/slprea-100x100.png",100,100,true],"variation_swatches_image_size":["https:\/\/varibox.best4u.dev\/wp-content\/uploads\/2022\/08\/slprea.png",50,33,false],"variation_swatches_tooltip_size":["https:\/\/varibox.best4u.dev\/wp-content\/uploads\/2022\/08\/slprea.png",100,67,false]},"post_excerpt_stackable_v2":"<p>Rurka ekstraktora VARIBOX FC 800 i Drumtainer Safeline Precision EPDM jest wykonana z EPDM, PE i stali nierdzewnej 316.<\/p>\n","category_list_v2":"","author_info_v2":{"name":"","url":""},"comments_num_v2":"0 comments","acf":[],"_links":{"self":[{"href":"https:\/\/varibox.best4u.dev\/pl\/wp-json\/wp\/v2\/product\/63546","targetHints":{"allow":["GET"]}}],"collection":[{"href":"https:\/\/varibox.best4u.dev\/pl\/wp-json\/wp\/v2\/product"}],"about":[{"href":"https:\/\/varibox.best4u.dev\/pl\/wp-json\/wp\/v2\/types\/product"}],"replies":[{"embeddable":true,"href":"https:\/\/varibox.best4u.dev\/pl\/wp-json\/wp\/v2\/comments?post=63546"}],"wp:featuredmedia":[{"embeddable":true,"href":"https:\/\/varibox.best4u.dev\/pl\/wp-json\/wp\/v2\/media\/63547"}],"wp:attachment":[{"href":"https:\/\/varibox.best4u.dev\/pl\/wp-json\/wp\/v2\/media?parent=63546"}],"wp:term":[{"taxonomy":"product_brand","embeddable":true,"href":"https:\/\/varibox.best4u.dev\/pl\/wp-json\/wp\/v2\/product_brand?post=63546"},{"taxonomy":"product_cat","embeddable":true,"href":"https:\/\/varibox.best4u.dev\/pl\/wp-json\/wp\/v2\/product_cat?post=63546"},{"taxonomy":"product_tag","embeddable":true,"href":"https:\/\/varibox.best4u.dev\/pl\/wp-json\/wp\/v2\/product_tag?post=63546"}],"curies":[{"name":"wp","href":"https:\/\/api.w.org\/{rel}","templated":true}]}}