{"id":63542,"date":"2023-01-23T10:35:29","date_gmt":"2023-01-23T09:35:29","guid":{"rendered":"https:\/\/varibox.best4u.dev\/product\/varibox-fc-800-drumtainer-safeline-precision-viton\/"},"modified":"2025-07-17T10:12:39","modified_gmt":"2025-07-17T08:12:39","slug":"varibox-fc-800-drumtainer-safeline-precision-viton","status":"publish","type":"product","link":"https:\/\/varibox.best4u.dev\/pl\/produkt\/varibox-fc-800-drumtainer-safeline-precision-viton\/","title":{"rendered":"VARIBOX FC 800 i Drumtainer Safeline Precision Viton"},"content":{"rendered":"<p>VARIBOX FC 800 &amp; Drumtainer Safeline Precision Viton extractor jest wykonany z materia\u0142\u00f3w Aflas, PE i Hastelloy. Rura ma neutralny kolor, a punkt po\u0142\u0105czenia na g\u00f3rze jest zielony. Rura ekstraktora jest cz\u0119\u015bci\u0105 \u0142atwego w u\u017cyciu systemu, kt\u00f3ry umo\u017cliwia pod\u0142\u0105czenie systemu do Varibox za pomoc\u0105 z\u0142\u0105cza Safeline. Dzi\u0119ki temu produkt mo\u017ce by\u0107 wypompowywany z VARIBOX bez otwierania pojemnika IBC. Zapewnia to, \u017ce produkty chemiczne i toksyczne opary nie mog\u0105 wydostawa\u0107 si\u0119 z pojemnika IBC.<\/p>\n","protected":false},"excerpt":{"rendered":"<p>VARIBOX FC 800 &amp; Drumtainer Safeline Precision Viton extractor jest wykonany z materia\u0142\u00f3w Aflas, PE i Hastelloy. Rura ma neutralny kolor, a punkt po\u0142\u0105czenia na g\u00f3rze jest zielony. Rura ekstraktora jest cz\u0119\u015bci\u0105 \u0142atwego w u\u017cyciu systemu, kt\u00f3ry umo\u017cliwia pod\u0142\u0105czenie systemu do Varibox za pomoc\u0105 z\u0142\u0105cza Safeline. Dzi\u0119ki temu produkt mo\u017ce by\u0107 wypompowywany z VARIBOX bez [&hellip;]<\/p>\n","protected":false},"featured_media":63543,"comment_status":"closed","ping_status":"closed","template":"","meta":{"_acf_changed":false},"product_brand":[],"product_cat":[695,735,702,699],"product_tag":[],"class_list":{"0":"post-63542","1":"product","2":"type-product","3":"status-publish","4":"has-post-thumbnail","6":"product_cat-varibox-drumtainer-pl","7":"product_cat-extractor-tubes-varibox-fc-800-pl","8":"product_cat-extractor-tubes-varibox-drumtainer-2-pl","9":"product_cat-varibox-fc-800-pl","10":"product_shipping_class-deventer-en","11":"pa_packaging-unit-1-pl","13":"first","14":"instock","15":"taxable","16":"shipping-taxable","17":"purchasable","18":"product-type-simple"},"featured_image_urls_v2":{"full":["https:\/\/varibox.best4u.dev\/wp-content\/uploads\/2022\/08\/slpreva-1.png",600,400,false],"thumbnail":["https:\/\/varibox.best4u.dev\/wp-content\/uploads\/2022\/08\/slpreva-1.png",256,171,false],"medium":["https:\/\/varibox.best4u.dev\/wp-content\/uploads\/2022\/08\/slpreva-1.png",512,341,false],"medium_large":["https:\/\/varibox.best4u.dev\/wp-content\/uploads\/2022\/08\/slpreva-1.png",600,400,false],"large":["https:\/\/varibox.best4u.dev\/wp-content\/uploads\/2022\/08\/slpreva-1.png",600,400,false],"1536x1536":["https:\/\/varibox.best4u.dev\/wp-content\/uploads\/2022\/08\/slpreva-1.png",600,400,false],"2048x2048":["https:\/\/varibox.best4u.dev\/wp-content\/uploads\/2022\/08\/slpreva-1.png",600,400,false],"woocommerce_archive_thumbnail":["https:\/\/varibox.best4u.dev\/wp-content\/uploads\/2022\/08\/slpreva-1-270x180.png",270,180,true],"gform-image-choice-sm":["https:\/\/varibox.best4u.dev\/wp-content\/uploads\/2022\/08\/slpreva-1.png",300,200,false],"gform-image-choice-md":["https:\/\/varibox.best4u.dev\/wp-content\/uploads\/2022\/08\/slpreva-1.png",400,267,false],"gform-image-choice-lg":["https:\/\/varibox.best4u.dev\/wp-content\/uploads\/2022\/08\/slpreva-1.png",600,400,false],"woocommerce_thumbnail":["https:\/\/varibox.best4u.dev\/wp-content\/uploads\/2022\/08\/slpreva-1-270x180.png",270,180,true],"woocommerce_single":["https:\/\/varibox.best4u.dev\/wp-content\/uploads\/2022\/08\/slpreva-1.png",600,400,false],"woocommerce_gallery_thumbnail":["https:\/\/varibox.best4u.dev\/wp-content\/uploads\/2022\/08\/slpreva-1-100x100.png",100,100,true],"variation_swatches_image_size":["https:\/\/varibox.best4u.dev\/wp-content\/uploads\/2022\/08\/slpreva-1.png",50,33,false],"variation_swatches_tooltip_size":["https:\/\/varibox.best4u.dev\/wp-content\/uploads\/2022\/08\/slpreva-1.png",100,67,false]},"post_excerpt_stackable_v2":"<p>VARIBOX FC 800 &amp; Drumtainer Safeline Precision Viton extractor jest wykonany z materia\u0142\u00f3w Aflas, PE i Hastelloy. Rura ma neutralny kolor, a punkt po\u0142\u0105czenia na g\u00f3rze jest zielony. Rura ekstraktora jest cz\u0119\u015bci\u0105 \u0142atwego w u\u017cyciu systemu, kt\u00f3ry umo\u017cliwia pod\u0142\u0105czenie systemu do Varibox za pomoc\u0105 z\u0142\u0105cza Safeline. Dzi\u0119ki temu produkt mo\u017ce by\u0107 wypompowywany z VARIBOX bez otwierania pojemnika IBC. Zapewnia to, \u017ce produkty chemiczne i toksyczne opary nie mog\u0105 wydostawa\u0107 si\u0119 z pojemnika IBC.<\/p>\n","category_list_v2":"","author_info_v2":{"name":"","url":""},"comments_num_v2":"0 comments","acf":[],"_links":{"self":[{"href":"https:\/\/varibox.best4u.dev\/pl\/wp-json\/wp\/v2\/product\/63542","targetHints":{"allow":["GET"]}}],"collection":[{"href":"https:\/\/varibox.best4u.dev\/pl\/wp-json\/wp\/v2\/product"}],"about":[{"href":"https:\/\/varibox.best4u.dev\/pl\/wp-json\/wp\/v2\/types\/product"}],"replies":[{"embeddable":true,"href":"https:\/\/varibox.best4u.dev\/pl\/wp-json\/wp\/v2\/comments?post=63542"}],"wp:featuredmedia":[{"embeddable":true,"href":"https:\/\/varibox.best4u.dev\/pl\/wp-json\/wp\/v2\/media\/63543"}],"wp:attachment":[{"href":"https:\/\/varibox.best4u.dev\/pl\/wp-json\/wp\/v2\/media?parent=63542"}],"wp:term":[{"taxonomy":"product_brand","embeddable":true,"href":"https:\/\/varibox.best4u.dev\/pl\/wp-json\/wp\/v2\/product_brand?post=63542"},{"taxonomy":"product_cat","embeddable":true,"href":"https:\/\/varibox.best4u.dev\/pl\/wp-json\/wp\/v2\/product_cat?post=63542"},{"taxonomy":"product_tag","embeddable":true,"href":"https:\/\/varibox.best4u.dev\/pl\/wp-json\/wp\/v2\/product_tag?post=63542"}],"curies":[{"name":"wp","href":"https:\/\/api.w.org\/{rel}","templated":true}]}}