{"id":63539,"date":"2023-03-22T13:50:00","date_gmt":"2023-03-22T12:50:00","guid":{"rendered":"https:\/\/varibox.best4u.dev\/product\/varibox-push-lock-r-cap-vacuum-combi-vent\/"},"modified":"2025-09-02T08:27:09","modified_gmt":"2025-09-02T06:27:09","slug":"varibox-push-lock-r-cap-vacuum-combi-vent","status":"publish","type":"product","link":"https:\/\/varibox.best4u.dev\/pl\/produkt\/varibox-push-lock-r-cap-vacuum-combi-vent\/","title":{"rendered":"Zestaw 50 sztuk VARIBOX Push-Lock cap r Pr\u00f3\u017cnia \/ Combi-vent"},"content":{"rendered":"<p>Aby chroni\u0107 ka\u017cdy VARIBOX przed wod\u0105 deszczow\u0105, nale\u017cy za\u0142o\u017cy\u0107 obowi\u0105zkow\u0105 nasadk\u0119 na odpowietrznik pr\u00f3\u017cniowy lub kombinowany. Specjalna nasadka jest wykonana z PE, a kolor ka\u017cdej nasadki jest bia\u0142y.<\/p>\n","protected":false},"excerpt":{"rendered":"<p>Aby zabezpieczy\u0107 ka\u017cdy VARIBOX przed wod\u0105 deszczow\u0105, nale\u017cy za\u0142o\u017cy\u0107 obowi\u0105zkow\u0105 nasadk\u0119 VARIBOX Push-Lock r Vacuum \/ Combi-vent na wentylator pr\u00f3\u017cniowy lub wentylator kombinowany.<\/p>\n","protected":false},"featured_media":63540,"comment_status":"closed","ping_status":"closed","template":"","meta":{"_acf_changed":false},"product_brand":[],"product_cat":[695,565,712,699,688,714,733,705],"product_tag":[],"class_list":{"0":"post-63539","1":"product","2":"type-product","3":"status-publish","4":"has-post-thumbnail","6":"product_cat-varibox-drumtainer-pl","7":"product_cat-varibox-cc-250-pl","8":"product_cat-varibox-fc-1000-pl","9":"product_cat-varibox-fc-800-pl","10":"product_cat-caps-varibox-cc-250-2-pl","11":"product_cat-caps-varibox-fc-1000-pl","12":"product_cat-caps-varibox-fc-800-pl","13":"product_cat-caps-pl","14":"product_shipping_class-deventer-en","15":"pa_packaging-unit-50-pl","17":"first","18":"instock","19":"taxable","20":"shipping-taxable","21":"purchasable","22":"product-type-simple"},"featured_image_urls_v2":{"full":["https:\/\/varibox.best4u.dev\/wp-content\/uploads\/2023\/03\/Push-Lock-r-1.png",2000,1402,false],"thumbnail":["https:\/\/varibox.best4u.dev\/wp-content\/uploads\/2023\/03\/Push-Lock-r-1-256x256.png",256,256,true],"medium":["https:\/\/varibox.best4u.dev\/wp-content\/uploads\/2023\/03\/Push-Lock-r-1-512x359.png",512,359,true],"medium_large":["https:\/\/varibox.best4u.dev\/wp-content\/uploads\/2023\/03\/Push-Lock-r-1-768x538.png",768,538,true],"large":["https:\/\/varibox.best4u.dev\/wp-content\/uploads\/2023\/03\/Push-Lock-r-1-1024x718.png",1024,718,true],"1536x1536":["https:\/\/varibox.best4u.dev\/wp-content\/uploads\/2023\/03\/Push-Lock-r-1-1536x1077.png",1536,1077,true],"2048x2048":["https:\/\/varibox.best4u.dev\/wp-content\/uploads\/2023\/03\/Push-Lock-r-1.png",2000,1402,false],"woocommerce_archive_thumbnail":["https:\/\/varibox.best4u.dev\/wp-content\/uploads\/2023\/03\/Push-Lock-r-1-270x189.png",270,189,true],"gform-image-choice-sm":["https:\/\/varibox.best4u.dev\/wp-content\/uploads\/2023\/03\/Push-Lock-r-1.png",300,210,false],"gform-image-choice-md":["https:\/\/varibox.best4u.dev\/wp-content\/uploads\/2023\/03\/Push-Lock-r-1.png",400,280,false],"gform-image-choice-lg":["https:\/\/varibox.best4u.dev\/wp-content\/uploads\/2023\/03\/Push-Lock-r-1.png",600,421,false],"woocommerce_thumbnail":["https:\/\/varibox.best4u.dev\/wp-content\/uploads\/2023\/03\/Push-Lock-r-1-270x189.png",270,189,true],"woocommerce_single":["https:\/\/varibox.best4u.dev\/wp-content\/uploads\/2023\/03\/Push-Lock-r-1-1200x841.png",1200,841,true],"woocommerce_gallery_thumbnail":["https:\/\/varibox.best4u.dev\/wp-content\/uploads\/2023\/03\/Push-Lock-r-1-100x100.png",100,100,true],"variation_swatches_image_size":["https:\/\/varibox.best4u.dev\/wp-content\/uploads\/2023\/03\/Push-Lock-r-1-50x50.png",50,50,true],"variation_swatches_tooltip_size":["https:\/\/varibox.best4u.dev\/wp-content\/uploads\/2023\/03\/Push-Lock-r-1-100x100.png",100,100,true]},"post_excerpt_stackable_v2":"<p>Aby zabezpieczy\u0107 ka\u017cdy VARIBOX przed wod\u0105 deszczow\u0105, nale\u017cy za\u0142o\u017cy\u0107 obowi\u0105zkow\u0105 nasadk\u0119 VARIBOX Push-Lock r Vacuum \/ Combi-vent na wentylator pr\u00f3\u017cniowy lub wentylator kombinowany.<\/p>\n","category_list_v2":"","author_info_v2":{"name":"","url":""},"comments_num_v2":"0 comments","acf":[],"_links":{"self":[{"href":"https:\/\/varibox.best4u.dev\/pl\/wp-json\/wp\/v2\/product\/63539","targetHints":{"allow":["GET"]}}],"collection":[{"href":"https:\/\/varibox.best4u.dev\/pl\/wp-json\/wp\/v2\/product"}],"about":[{"href":"https:\/\/varibox.best4u.dev\/pl\/wp-json\/wp\/v2\/types\/product"}],"replies":[{"embeddable":true,"href":"https:\/\/varibox.best4u.dev\/pl\/wp-json\/wp\/v2\/comments?post=63539"}],"wp:featuredmedia":[{"embeddable":true,"href":"https:\/\/varibox.best4u.dev\/pl\/wp-json\/wp\/v2\/media\/63540"}],"wp:attachment":[{"href":"https:\/\/varibox.best4u.dev\/pl\/wp-json\/wp\/v2\/media?parent=63539"}],"wp:term":[{"taxonomy":"product_brand","embeddable":true,"href":"https:\/\/varibox.best4u.dev\/pl\/wp-json\/wp\/v2\/product_brand?post=63539"},{"taxonomy":"product_cat","embeddable":true,"href":"https:\/\/varibox.best4u.dev\/pl\/wp-json\/wp\/v2\/product_cat?post=63539"},{"taxonomy":"product_tag","embeddable":true,"href":"https:\/\/varibox.best4u.dev\/pl\/wp-json\/wp\/v2\/product_tag?post=63539"}],"curies":[{"name":"wp","href":"https:\/\/api.w.org\/{rel}","templated":true}]}}