{"id":63536,"date":"2023-04-06T16:50:41","date_gmt":"2023-04-06T14:50:41","guid":{"rendered":"https:\/\/varibox.best4u.dev\/product\/wrench-for-the-screwcap\/"},"modified":"2025-07-17T10:15:27","modified_gmt":"2025-07-17T08:15:27","slug":"wrench-for-the-screwcap","status":"publish","type":"product","link":"https:\/\/varibox.best4u.dev\/pl\/produkt\/wrench-for-the-screwcap\/","title":{"rendered":"Klucz do nakr\u0119tki"},"content":{"rendered":"<p>Przedstawiamy najlepsze narz\u0119dzie do \u0142atwego otwierania i zamykania pojemnik\u00f3w do przewozu luzem (IBC) \u2013 klucz do nakr\u0119tek! Zaprojektowane z my\u015bl\u0105 o u\u0142atwieniu obs\u0142ugi pojemnik\u00f3w IBC, to innowacyjne narz\u0119dzie jest niezb\u0119dne dla ka\u017cdego, kto regularnie ma do czynienia z pojemnikami IBC.<\/p>\n<p>Dzi\u0119ki solidnej konstrukcji i ergonomicznej budowie klucz do nakr\u0119tek zapewnia wygodny uchwyt i optymaln\u0105 d\u017awigni\u0119, umo\u017cliwiaj\u0105c \u0142atwe odkr\u0119canie lub dokr\u0119canie nakr\u0119tek na pojemnikach VARIBOX.<\/p>\n<p>Klucz do nakr\u0119tek zosta\u0142 specjalnie zaprojektowany, aby pasowa\u0142 do szerokiej gamy rozmiar\u00f3w nakr\u0119tek IBC, zapewniaj\u0105c kompatybilno\u015b\u0107 z najcz\u0119\u015bciej u\u017cywanymi pojemnikami IBC w bran\u017cy.<br \/>\nJego wszechstronna konstrukcja pozwala na u\u017cycie go do ka\u017cdego pojemnika IBC VARIBOX, co czyni go uniwersalnym narz\u0119dziem do wszelkich zastosowa\u0144 zwi\u0105zanych z obs\u0142ug\u0105 pojemnik\u00f3w IBC.<\/p>\n<p>Klucz do nakr\u0119tek<\/p>\n<p>Oszcz\u0119dzaj czas i wysi\u0142ek dzi\u0119ki kluczowi do nakr\u0119tek! Niezale\u017cnie od tego, czy otwierasz pojemniki IBC, aby uzyska\u0107 dost\u0119p do zawarto\u015bci, czy zamykasz je w celu transportu lub przechowywania, to por\u0119czne narz\u0119dzie usprawni Twoje dzia\u0142ania i sprawi, \u017ce obs\u0142uga pojemnik\u00f3w IBC b\u0119dzie dziecinnie prosta.<br \/>\nJego wytrzyma\u0142a konstrukcja zapewnia d\u0142ugotrwa\u0142\u0105 wydajno\u015b\u0107, dzi\u0119ki czemu jest niezawodnym towarzyszem wszystkich Twoich potrzeb zwi\u0105zanych z obs\u0142ug\u0105 pojemnik\u00f3w IBC.<\/p>\n","protected":false},"excerpt":{"rendered":"<p>Dzi\u0119ki solidnej konstrukcji i ergonomicznej budowie klucz do nakr\u0119tek zapewnia wygodny uchwyt i optymaln\u0105 si\u0142\u0119 nacisku, umo\u017cliwiaj\u0105c \u0142atwe odkr\u0119canie lub dokr\u0119canie nakr\u0119tek w skrzynkach VARIBOX.<\/p>\n","protected":false},"featured_media":63537,"comment_status":"closed","ping_status":"closed","template":"","meta":{"_acf_changed":false},"product_brand":[],"product_cat":[706,713,697,718,737,691,565,712,699],"product_tag":[],"class_list":{"0":"post-63536","1":"product","2":"type-product","3":"status-publish","4":"has-post-thumbnail","6":"product_cat-accessories-varibox-cc-250-pl","7":"product_cat-accessories-pl","8":"product_cat-accessories-varibox-fc-800-pl","9":"product_cat-screwcaps-varibox-fc-1000-pl","10":"product_cat-screwcaps-varibox-fc-800-2-pl","11":"product_cat-screwcaps-varibox-cc-250-2-pl","12":"product_cat-varibox-cc-250-pl","13":"product_cat-varibox-fc-1000-pl","14":"product_cat-varibox-fc-800-pl","15":"product_shipping_class-deventer-en","17":"first","18":"instock","19":"taxable","20":"shipping-taxable","21":"purchasable","22":"product-type-simple"},"featured_image_urls_v2":{"full":["https:\/\/varibox.best4u.dev\/wp-content\/uploads\/2023\/04\/Wrench-for-the-Screwcap.png",1980,1320,false],"thumbnail":["https:\/\/varibox.best4u.dev\/wp-content\/uploads\/2023\/04\/Wrench-for-the-Screwcap-256x256.png",256,256,true],"medium":["https:\/\/varibox.best4u.dev\/wp-content\/uploads\/2023\/04\/Wrench-for-the-Screwcap-512x341.png",512,341,true],"medium_large":["https:\/\/varibox.best4u.dev\/wp-content\/uploads\/2023\/04\/Wrench-for-the-Screwcap-768x512.png",768,512,true],"large":["https:\/\/varibox.best4u.dev\/wp-content\/uploads\/2023\/04\/Wrench-for-the-Screwcap-1024x683.png",1024,683,true],"1536x1536":["https:\/\/varibox.best4u.dev\/wp-content\/uploads\/2023\/04\/Wrench-for-the-Screwcap-1536x1024.png",1536,1024,true],"2048x2048":["https:\/\/varibox.best4u.dev\/wp-content\/uploads\/2023\/04\/Wrench-for-the-Screwcap.png",1980,1320,false],"woocommerce_archive_thumbnail":["https:\/\/varibox.best4u.dev\/wp-content\/uploads\/2023\/04\/Wrench-for-the-Screwcap-270x180.png",270,180,true],"gform-image-choice-sm":["https:\/\/varibox.best4u.dev\/wp-content\/uploads\/2023\/04\/Wrench-for-the-Screwcap.png",300,200,false],"gform-image-choice-md":["https:\/\/varibox.best4u.dev\/wp-content\/uploads\/2023\/04\/Wrench-for-the-Screwcap.png",400,267,false],"gform-image-choice-lg":["https:\/\/varibox.best4u.dev\/wp-content\/uploads\/2023\/04\/Wrench-for-the-Screwcap.png",600,400,false],"woocommerce_thumbnail":["https:\/\/varibox.best4u.dev\/wp-content\/uploads\/2023\/04\/Wrench-for-the-Screwcap-270x180.png",270,180,true],"woocommerce_single":["https:\/\/varibox.best4u.dev\/wp-content\/uploads\/2023\/04\/Wrench-for-the-Screwcap-1200x800.png",1200,800,true],"woocommerce_gallery_thumbnail":["https:\/\/varibox.best4u.dev\/wp-content\/uploads\/2023\/04\/Wrench-for-the-Screwcap-100x100.png",100,100,true],"variation_swatches_image_size":["https:\/\/varibox.best4u.dev\/wp-content\/uploads\/2023\/04\/Wrench-for-the-Screwcap-50x50.png",50,50,true],"variation_swatches_tooltip_size":["https:\/\/varibox.best4u.dev\/wp-content\/uploads\/2023\/04\/Wrench-for-the-Screwcap-100x100.png",100,100,true]},"post_excerpt_stackable_v2":"<p>Dzi\u0119ki solidnej konstrukcji i ergonomicznej budowie klucz do nakr\u0119tek zapewnia wygodny uchwyt i optymaln\u0105 si\u0142\u0119 nacisku, umo\u017cliwiaj\u0105c \u0142atwe odkr\u0119canie lub dokr\u0119canie nakr\u0119tek w skrzynkach VARIBOX.<\/p>\n","category_list_v2":"","author_info_v2":{"name":"","url":""},"comments_num_v2":"0 comments","acf":[],"_links":{"self":[{"href":"https:\/\/varibox.best4u.dev\/pl\/wp-json\/wp\/v2\/product\/63536","targetHints":{"allow":["GET"]}}],"collection":[{"href":"https:\/\/varibox.best4u.dev\/pl\/wp-json\/wp\/v2\/product"}],"about":[{"href":"https:\/\/varibox.best4u.dev\/pl\/wp-json\/wp\/v2\/types\/product"}],"replies":[{"embeddable":true,"href":"https:\/\/varibox.best4u.dev\/pl\/wp-json\/wp\/v2\/comments?post=63536"}],"wp:featuredmedia":[{"embeddable":true,"href":"https:\/\/varibox.best4u.dev\/pl\/wp-json\/wp\/v2\/media\/63537"}],"wp:attachment":[{"href":"https:\/\/varibox.best4u.dev\/pl\/wp-json\/wp\/v2\/media?parent=63536"}],"wp:term":[{"taxonomy":"product_brand","embeddable":true,"href":"https:\/\/varibox.best4u.dev\/pl\/wp-json\/wp\/v2\/product_brand?post=63536"},{"taxonomy":"product_cat","embeddable":true,"href":"https:\/\/varibox.best4u.dev\/pl\/wp-json\/wp\/v2\/product_cat?post=63536"},{"taxonomy":"product_tag","embeddable":true,"href":"https:\/\/varibox.best4u.dev\/pl\/wp-json\/wp\/v2\/product_tag?post=63536"}],"curies":[{"name":"wp","href":"https:\/\/api.w.org\/{rel}","templated":true}]}}