{"id":63533,"date":"2023-04-06T17:27:59","date_gmt":"2023-04-06T15:27:59","guid":{"rendered":"https:\/\/varibox.best4u.dev\/product\/wrench-for-safeline\/"},"modified":"2025-07-17T10:17:05","modified_gmt":"2025-07-17T08:17:05","slug":"wrench-for-safeline","status":"publish","type":"product","link":"https:\/\/varibox.best4u.dev\/pl\/produkt\/wrench-for-safeline\/","title":{"rendered":"Klucz do Safeline"},"content":{"rendered":"<p>Poniewa\u017c dystrybutorzy chemikali\u00f3w na ca\u0142ym \u015bwiecie priorytetowo traktuj\u0105 bezpiecze\u0144stwo i zgodno\u015b\u0107 z przepisami w swojej dzia\u0142alno\u015bci, VARIBOX, wiod\u0105cy producent pojemnik\u00f3w do transportu luzem (IBC), oferuje rozwi\u0105zanie u\u0142atwiaj\u0105ce wymian\u0119 rur wyci\u0105gowych Safeline w pojemnikach VARIBOX IBC.<br \/>\nKlucz Safeline to narz\u0119dzie, kt\u00f3re zapewnia p\u0142ynn\u0105 i bezpieczn\u0105 wymian\u0119 rur wyci\u0105gowych podczas przegl\u0105du po 2,5 roku, wymiany wewn\u0119trznej po 5 latach oraz konserwacji po 10 latach, co czyni go niezb\u0119dnym akcesorium dla dystrybutor\u00f3w chemikali\u00f3w, kt\u00f3rzy priorytetowo traktuj\u0105 bezpiecze\u0144stwo i wydajno\u015b\u0107.<\/p>\n<p>Rury wyci\u0105gowe Safeline s\u0105 kluczowymi elementami pojemnik\u00f3w IBC VARIBOX, poniewa\u017c odpowiadaj\u0105 za wyci\u0105ganie chemikali\u00f3w z pojemnika. Z biegiem czasu rurki te mog\u0105 ulec zu\u017cyciu lub zanieczyszczeniu, co wymaga ich wymiany w celu zachowania integralno\u015bci pojemnika IBC i zapewnienia bezpiecznego obchodzenia si\u0119 z chemikaliami. Jednak wymiana rur wyci\u0105gowych mo\u017ce by\u0107 z\u0142o\u017conym i niebezpiecznym procesem, wymagaj\u0105cym specjalistycznej wiedzy i narz\u0119dzi. W tym miejscu pojawia si\u0119 klucz Safeline, stanowi\u0105cy innowacyjne rozwi\u0105zanie upraszczaj\u0105ce proces wymiany i zwi\u0119kszaj\u0105ce bezpiecze\u0144stwo.<\/p>\n<p>Jedn\u0105 z kluczowych cech klucza Safeline Wrench jest jego przyjazna dla u\u017cytkownika konstrukcja, kt\u00f3ra u\u0142atwia obs\u0142ug\u0119 i u\u017cytkowanie. Klucz ma ergonomiczn\u0105 konstrukcj\u0119 z wygodnym uchwytem, co pozwala operatorom z \u0142atwo\u015bci\u0105 zastosowa\u0107 niezb\u0119dny moment obrotowy. Konstrukcja zapewnia r\u00f3wnie\u017c bezpieczne dopasowanie klucza do rurki wyci\u0105gowej, zapobiegaj\u0105c \u015blizganiu si\u0119 podczas pracy i minimalizuj\u0105c ryzyko wypadk\u00f3w.<\/p>\n<p>Ponadto klucz Safeline posiada unikalny mechanizm blokuj\u0105cy, kt\u00f3ry zapewnia bezpieczny i stabilny uchwyt na rurze wyci\u0105gaj\u0105cej. Mechanizm ten zapobiega niezamierzonym ruchom podczas procesu wymiany, zmniejszaj\u0105c ryzyko uraz\u00f3w spowodowanych nag\u0142ym ze\u015blizgni\u0119ciem si\u0119 lub zwolnieniem. Klucz posiada r\u00f3wnie\u017c wyra\u017ane oznaczenia i wska\u017aniki, kt\u00f3re wskazuj\u0105 operatorom prawid\u0142owy kierunek i obr\u00f3t, zapewniaj\u0105c p\u0142ynn\u0105 i bezb\u0142\u0119dn\u0105 prac\u0119.<\/p>\n<p>Jedn\u0105 z kluczowych zalet klucza Safeline jest jego kompatybilno\u015b\u0107 ze wszystkimi rurami wyci\u0105gowymi VARIBOX Safeline, niezale\u017cnie od ich rozmiaru lub konfiguracji. Dzi\u0119ki temu jest to wszechstronne narz\u0119dzie, kt\u00f3re mo\u017ce by\u0107 u\u017cywane do szerokiej gamy modeli i zastosowa\u0144 IBC. Klucz jest r\u00f3wnie\u017c wykonany z trwa\u0142ych materia\u0142\u00f3w odpornych na chemikalia, co zapewnia jego d\u0142ug\u0105 \u017cywotno\u015b\u0107 i niezawodno\u015b\u0107 nawet w trudnych warunkach chemicznych.<\/p>\n<p>Bezpiecze\u0144stwo jest najwy\u017cszym priorytetem w bran\u017cy dystrybucji chemikali\u00f3w, a klucz Safeline zosta\u0142 zaprojektowany z my\u015bl\u0105 o tym. Klucz jest wyposa\u017cony w funkcje bezpiecze\u0144stwa, kt\u00f3re chroni\u0105 operator\u00f3w przed potencjalnymi zagro\u017ceniami podczas procesu wymiany. Na przyk\u0142ad klucz posiada wbudowan\u0105 blokad\u0119 bezpiecze\u0144stwa, kt\u00f3ra zapobiega przypadkowemu zwolnieniu rury wyci\u0105gowej, zapewniaj\u0105c kontrol\u0119 i bezpiecze\u0144stwo procesu wymiany. Klucz posiada r\u00f3wnie\u017c przycisk bezpiecze\u0144stwa, kt\u00f3ry pozwala operatorom na kontrolowane zwolnienie rurki wyci\u0105gaj\u0105cej, minimalizuj\u0105c ryzyko nag\u0142ych ruch\u00f3w lub uraz\u00f3w.<\/p>\n<p>Wydajno\u015b\u0107 to kolejna kluczowa zaleta klucza Safeline. Klucz zosta\u0142 zaprojektowany tak, aby oszcz\u0119dza\u0107 czas i wysi\u0142ek podczas procesu wymiany, zmniejszaj\u0105c przestoje i zwi\u0119kszaj\u0105c produktywno\u015b\u0107. Wyra\u017ane oznaczenia i wska\u017aniki na kluczu umo\u017cliwiaj\u0105 operatorom szybkie i dok\u0142adne wykonanie procesu wymiany, bez konieczno\u015bci stosowania metody pr\u00f3b i b\u0142\u0119d\u00f3w. Przyjazna dla u\u017cytkownika konstrukcja klucza minimalizuje r\u00f3wnie\u017c krzyw\u0105 uczenia si\u0119, umo\u017cliwiaj\u0105c operatorom szybkie opanowanie jego obs\u0142ugi.<\/p>\n","protected":false},"excerpt":{"rendered":"<p>Klucz Safeline to narz\u0119dzie, kt\u00f3re zapewnia p\u0142ynn\u0105 i bezpieczn\u0105 wymian\u0119 rur wyci\u0105gowych podczas przegl\u0105du po 2,5 roku, wymiany wewn\u0119trznej po 5 latach oraz konserwacji po 10 latach, co czyni go niezb\u0119dnym akcesorium dla dystrybutor\u00f3w chemikali\u00f3w, kt\u00f3rzy stawiaj\u0105 na bezpiecze\u0144stwo i wydajno\u015b\u0107.<\/p>\n","protected":false},"featured_media":63534,"comment_status":"closed","ping_status":"closed","template":"","meta":{"_acf_changed":false},"product_brand":[],"product_cat":[713,706,697,695,716,702,735,690,565,712,699],"product_tag":[],"class_list":{"0":"post-63533","1":"product","2":"type-product","3":"status-publish","4":"has-post-thumbnail","6":"product_cat-accessories-pl","7":"product_cat-accessories-varibox-cc-250-pl","8":"product_cat-accessories-varibox-fc-800-pl","9":"product_cat-varibox-drumtainer-pl","10":"product_cat-extractor-tubes-pl","11":"product_cat-extractor-tubes-varibox-drumtainer-2-pl","12":"product_cat-extractor-tubes-varibox-fc-800-pl","13":"product_cat-extractor-tubes-varibox-cc-250-pl","14":"product_cat-varibox-cc-250-pl","15":"product_cat-varibox-fc-1000-pl","16":"product_cat-varibox-fc-800-pl","17":"product_shipping_class-deventer-en","19":"first","20":"instock","21":"taxable","22":"shipping-taxable","23":"purchasable","24":"product-type-simple"},"featured_image_urls_v2":{"full":["https:\/\/varibox.best4u.dev\/wp-content\/uploads\/2023\/04\/Wrench-for-Safeline.png",1980,1320,false],"thumbnail":["https:\/\/varibox.best4u.dev\/wp-content\/uploads\/2023\/04\/Wrench-for-Safeline-256x256.png",256,256,true],"medium":["https:\/\/varibox.best4u.dev\/wp-content\/uploads\/2023\/04\/Wrench-for-Safeline-512x341.png",512,341,true],"medium_large":["https:\/\/varibox.best4u.dev\/wp-content\/uploads\/2023\/04\/Wrench-for-Safeline-768x512.png",768,512,true],"large":["https:\/\/varibox.best4u.dev\/wp-content\/uploads\/2023\/04\/Wrench-for-Safeline-1024x683.png",1024,683,true],"1536x1536":["https:\/\/varibox.best4u.dev\/wp-content\/uploads\/2023\/04\/Wrench-for-Safeline-1536x1024.png",1536,1024,true],"2048x2048":["https:\/\/varibox.best4u.dev\/wp-content\/uploads\/2023\/04\/Wrench-for-Safeline.png",1980,1320,false],"woocommerce_archive_thumbnail":["https:\/\/varibox.best4u.dev\/wp-content\/uploads\/2023\/04\/Wrench-for-Safeline-270x180.png",270,180,true],"gform-image-choice-sm":["https:\/\/varibox.best4u.dev\/wp-content\/uploads\/2023\/04\/Wrench-for-Safeline.png",300,200,false],"gform-image-choice-md":["https:\/\/varibox.best4u.dev\/wp-content\/uploads\/2023\/04\/Wrench-for-Safeline.png",400,267,false],"gform-image-choice-lg":["https:\/\/varibox.best4u.dev\/wp-content\/uploads\/2023\/04\/Wrench-for-Safeline.png",600,400,false],"woocommerce_thumbnail":["https:\/\/varibox.best4u.dev\/wp-content\/uploads\/2023\/04\/Wrench-for-Safeline-270x180.png",270,180,true],"woocommerce_single":["https:\/\/varibox.best4u.dev\/wp-content\/uploads\/2023\/04\/Wrench-for-Safeline-1200x800.png",1200,800,true],"woocommerce_gallery_thumbnail":["https:\/\/varibox.best4u.dev\/wp-content\/uploads\/2023\/04\/Wrench-for-Safeline-100x100.png",100,100,true],"variation_swatches_image_size":["https:\/\/varibox.best4u.dev\/wp-content\/uploads\/2023\/04\/Wrench-for-Safeline-50x50.png",50,50,true],"variation_swatches_tooltip_size":["https:\/\/varibox.best4u.dev\/wp-content\/uploads\/2023\/04\/Wrench-for-Safeline-100x100.png",100,100,true]},"post_excerpt_stackable_v2":"<p>Klucz Safeline to narz\u0119dzie, kt\u00f3re zapewnia p\u0142ynn\u0105 i bezpieczn\u0105 wymian\u0119 rur wyci\u0105gowych podczas przegl\u0105du po 2,5 roku, wymiany wewn\u0119trznej po 5 latach oraz konserwacji po 10 latach, co czyni go niezb\u0119dnym akcesorium dla dystrybutor\u00f3w chemikali\u00f3w, kt\u00f3rzy stawiaj\u0105 na bezpiecze\u0144stwo i wydajno\u015b\u0107.<\/p>\n","category_list_v2":"","author_info_v2":{"name":"","url":""},"comments_num_v2":"0 comments","acf":[],"_links":{"self":[{"href":"https:\/\/varibox.best4u.dev\/pl\/wp-json\/wp\/v2\/product\/63533","targetHints":{"allow":["GET"]}}],"collection":[{"href":"https:\/\/varibox.best4u.dev\/pl\/wp-json\/wp\/v2\/product"}],"about":[{"href":"https:\/\/varibox.best4u.dev\/pl\/wp-json\/wp\/v2\/types\/product"}],"replies":[{"embeddable":true,"href":"https:\/\/varibox.best4u.dev\/pl\/wp-json\/wp\/v2\/comments?post=63533"}],"wp:featuredmedia":[{"embeddable":true,"href":"https:\/\/varibox.best4u.dev\/pl\/wp-json\/wp\/v2\/media\/63534"}],"wp:attachment":[{"href":"https:\/\/varibox.best4u.dev\/pl\/wp-json\/wp\/v2\/media?parent=63533"}],"wp:term":[{"taxonomy":"product_brand","embeddable":true,"href":"https:\/\/varibox.best4u.dev\/pl\/wp-json\/wp\/v2\/product_brand?post=63533"},{"taxonomy":"product_cat","embeddable":true,"href":"https:\/\/varibox.best4u.dev\/pl\/wp-json\/wp\/v2\/product_cat?post=63533"},{"taxonomy":"product_tag","embeddable":true,"href":"https:\/\/varibox.best4u.dev\/pl\/wp-json\/wp\/v2\/product_tag?post=63533"}],"curies":[{"name":"wp","href":"https:\/\/api.w.org\/{rel}","templated":true}]}}