{"id":63532,"date":"2023-07-14T09:56:26","date_gmt":"2023-07-14T07:56:26","guid":{"rendered":"https:\/\/varibox.best4u.dev\/product\/varibox-cc-250-safeline-food-epdm\/"},"modified":"2025-07-17T10:17:28","modified_gmt":"2025-07-17T08:17:28","slug":"varibox-cc-250-safeline-food-epdm","status":"publish","type":"product","link":"https:\/\/varibox.best4u.dev\/pl\/produkt\/varibox-cc-250-safeline-food-epdm\/","title":{"rendered":"VARIBOX CC 250 Safeline Performance Food EPDM"},"content":{"rendered":"<p>Rurka ekstraktora VARIBOX CC 250 Safeline Food EPDM jest wykonana z EPDM, PE i stali nierdzewnej 316. Rurka ma neutralny kolor, a punkt po\u0142\u0105czenia na g\u00f3rze jest jasnoniebieski. Rurka ekstraktora jest cz\u0119\u015bci\u0105 \u0142atwego w u\u017cyciu systemu, kt\u00f3ry mo\u017cna pod\u0142\u0105czy\u0107 do systemu za pomoc\u0105 z\u0142\u0105cza Safeline do produkt\u00f3w spo\u017cywczych. Umo\u017cliwia to wypompowanie produktu z pojemnika VARIBOX bez otwierania pojemnika IBC. Zapewnia to, \u017ce produkty chemiczne i toksyczne opary nie mog\u0105 wydosta\u0107 si\u0119 z pojemnika IBC.<\/p>\n<p>Rurka i obudowa s\u0105 wykonane z polietylenu. Wersja EPDM posiada spr\u0119\u017cyn\u0119 ze stali nierdzewnej. Rurka wyci\u0105gowa Safeline Food EPDM ma \u015brednic\u0119 wewn\u0119trzn\u0105 24 mm. Wydajno\u015b\u0107 wynosi 20 litr\u00f3w\/minut\u0119.<\/p>\n","protected":false},"excerpt":{"rendered":"<p>Rurka wyci\u0105gowa VARIBOX CC 250 Safeline Food EPDM jest wykonana z EPDM, PE i stali nierdzewnej 316. Rurka ma neutralny kolor, a punkt po\u0142\u0105czenia na g\u00f3rze jest jasnoniebieski.<\/p>\n","protected":false},"featured_media":63528,"comment_status":"closed","ping_status":"closed","template":"","meta":{"_acf_changed":false},"product_brand":[],"product_cat":[690,565],"product_tag":[],"class_list":{"0":"post-63532","1":"product","2":"type-product","3":"status-publish","4":"has-post-thumbnail","6":"product_cat-extractor-tubes-varibox-cc-250-pl","7":"product_cat-varibox-cc-250-pl","8":"product_shipping_class-deventer-en","9":"pa_packaging-unit-1-pl","11":"first","12":"instock","13":"taxable","14":"shipping-taxable","15":"purchasable","16":"product-type-simple"},"featured_image_urls_v2":{"full":["https:\/\/varibox.best4u.dev\/wp-content\/uploads\/2023\/07\/VARIBOX-Safeline-Food-EPDM-extraction-point.png",1280,853,false],"thumbnail":["https:\/\/varibox.best4u.dev\/wp-content\/uploads\/2023\/07\/VARIBOX-Safeline-Food-EPDM-extraction-point-256x256.png",256,256,true],"medium":["https:\/\/varibox.best4u.dev\/wp-content\/uploads\/2023\/07\/VARIBOX-Safeline-Food-EPDM-extraction-point-512x341.png",512,341,true],"medium_large":["https:\/\/varibox.best4u.dev\/wp-content\/uploads\/2023\/07\/VARIBOX-Safeline-Food-EPDM-extraction-point-768x512.png",768,512,true],"large":["https:\/\/varibox.best4u.dev\/wp-content\/uploads\/2023\/07\/VARIBOX-Safeline-Food-EPDM-extraction-point-1024x682.png",1024,682,true],"1536x1536":["https:\/\/varibox.best4u.dev\/wp-content\/uploads\/2023\/07\/VARIBOX-Safeline-Food-EPDM-extraction-point.png",1280,853,false],"2048x2048":["https:\/\/varibox.best4u.dev\/wp-content\/uploads\/2023\/07\/VARIBOX-Safeline-Food-EPDM-extraction-point.png",1280,853,false],"woocommerce_archive_thumbnail":["https:\/\/varibox.best4u.dev\/wp-content\/uploads\/2023\/07\/VARIBOX-Safeline-Food-EPDM-extraction-point-270x180.png",270,180,true],"gform-image-choice-sm":["https:\/\/varibox.best4u.dev\/wp-content\/uploads\/2023\/07\/VARIBOX-Safeline-Food-EPDM-extraction-point.png",300,200,false],"gform-image-choice-md":["https:\/\/varibox.best4u.dev\/wp-content\/uploads\/2023\/07\/VARIBOX-Safeline-Food-EPDM-extraction-point.png",400,267,false],"gform-image-choice-lg":["https:\/\/varibox.best4u.dev\/wp-content\/uploads\/2023\/07\/VARIBOX-Safeline-Food-EPDM-extraction-point.png",600,400,false],"woocommerce_thumbnail":["https:\/\/varibox.best4u.dev\/wp-content\/uploads\/2023\/07\/VARIBOX-Safeline-Food-EPDM-extraction-point-270x180.png",270,180,true],"woocommerce_single":["https:\/\/varibox.best4u.dev\/wp-content\/uploads\/2023\/07\/VARIBOX-Safeline-Food-EPDM-extraction-point-1200x800.png",1200,800,true],"woocommerce_gallery_thumbnail":["https:\/\/varibox.best4u.dev\/wp-content\/uploads\/2023\/07\/VARIBOX-Safeline-Food-EPDM-extraction-point-100x100.png",100,100,true],"variation_swatches_image_size":["https:\/\/varibox.best4u.dev\/wp-content\/uploads\/2023\/07\/VARIBOX-Safeline-Food-EPDM-extraction-point-50x50.png",50,50,true],"variation_swatches_tooltip_size":["https:\/\/varibox.best4u.dev\/wp-content\/uploads\/2023\/07\/VARIBOX-Safeline-Food-EPDM-extraction-point-100x100.png",100,100,true]},"post_excerpt_stackable_v2":"<p>Rurka wyci\u0105gowa VARIBOX CC 250 Safeline Food EPDM jest wykonana z EPDM, PE i stali nierdzewnej 316. Rurka ma neutralny kolor, a punkt po\u0142\u0105czenia na g\u00f3rze jest jasnoniebieski.<\/p>\n","category_list_v2":"","author_info_v2":{"name":"","url":""},"comments_num_v2":"0 comments","acf":[],"_links":{"self":[{"href":"https:\/\/varibox.best4u.dev\/pl\/wp-json\/wp\/v2\/product\/63532","targetHints":{"allow":["GET"]}}],"collection":[{"href":"https:\/\/varibox.best4u.dev\/pl\/wp-json\/wp\/v2\/product"}],"about":[{"href":"https:\/\/varibox.best4u.dev\/pl\/wp-json\/wp\/v2\/types\/product"}],"replies":[{"embeddable":true,"href":"https:\/\/varibox.best4u.dev\/pl\/wp-json\/wp\/v2\/comments?post=63532"}],"wp:featuredmedia":[{"embeddable":true,"href":"https:\/\/varibox.best4u.dev\/pl\/wp-json\/wp\/v2\/media\/63528"}],"wp:attachment":[{"href":"https:\/\/varibox.best4u.dev\/pl\/wp-json\/wp\/v2\/media?parent=63532"}],"wp:term":[{"taxonomy":"product_brand","embeddable":true,"href":"https:\/\/varibox.best4u.dev\/pl\/wp-json\/wp\/v2\/product_brand?post=63532"},{"taxonomy":"product_cat","embeddable":true,"href":"https:\/\/varibox.best4u.dev\/pl\/wp-json\/wp\/v2\/product_cat?post=63532"},{"taxonomy":"product_tag","embeddable":true,"href":"https:\/\/varibox.best4u.dev\/pl\/wp-json\/wp\/v2\/product_tag?post=63532"}],"curies":[{"name":"wp","href":"https:\/\/api.w.org\/{rel}","templated":true}]}}