{"id":63524,"date":"2023-07-14T10:05:48","date_gmt":"2023-07-14T08:05:48","guid":{"rendered":"https:\/\/varibox.best4u.dev\/product\/varibox-safeline-coupler-food-epdm\/"},"modified":"2025-07-17T10:25:56","modified_gmt":"2025-07-17T08:25:56","slug":"varibox-safeline-coupler-food-epdm","status":"publish","type":"product","link":"https:\/\/varibox.best4u.dev\/pl\/produkt\/varibox-safeline-coupler-food-epdm\/","title":{"rendered":"VARIBOX Safeline \u0141\u0105cznik do \u017cywno\u015bci EPDM"},"content":{"rendered":"<p>Z\u0142\u0105cze VARIBOX Safeline Coupler Food EPDM jest wykonane z EPDM, stali nierdzewnej i PVDF. Z\u0142\u0105cze VARIBOX Safeline Coupler Food EPDM mo\u017cna pod\u0142\u0105czy\u0107 do g\u00f3rnej cz\u0119\u015bci rury wyci\u0105gowej Safeline. Dzi\u0119ki zastosowaniu oryginalnego z\u0142\u0105cza Safeline Coupler pod\u0142\u0105czonego do systemu, rura wyci\u0105gowa VARIBOX Safeline i z\u0142\u0105cze Safeline Coupler s\u0105 otwierane jednocze\u015bnie. Produkt mo\u017ce teraz przep\u0142ywa\u0107, a powietrze mo\u017ce dosta\u0107 si\u0119 do \u015brodka. Opary i produkty nie mog\u0105 si\u0119 wydostawa\u0107. Ta unikalna konstrukcja chroni ludzi i \u015brodowisko podczas u\u017cytkowania.<\/p>\n","protected":false},"excerpt":{"rendered":"<p>Z\u0142\u0105cze VARIBOX Safeline Coupler Food EPDM jest wykonane z EPDM, stali nierdzewnej i PVDF. Z\u0142\u0105cze VARIBOX Safeline Coupler Food EPDM mo\u017cna pod\u0142\u0105czy\u0107 do g\u00f3rnej cz\u0119\u015bci rury wyci\u0105gowej Safeline.<\/p>\n","protected":false},"featured_media":63525,"comment_status":"closed","ping_status":"closed","template":"","meta":{"_acf_changed":false},"product_brand":[],"product_cat":[695,565,712,699,734,704,689,715],"product_tag":[],"class_list":{"0":"post-63524","1":"product","2":"type-product","3":"status-publish","4":"has-post-thumbnail","6":"product_cat-varibox-drumtainer-pl","7":"product_cat-varibox-cc-250-pl","8":"product_cat-varibox-fc-1000-pl","9":"product_cat-varibox-fc-800-pl","10":"product_cat-couplers-varibox-fc-800-2-pl","11":"product_cat-couplers-pl","12":"product_cat-couplers-varibox-cc-250-2-pl","13":"product_cat-couplers-varibox-fc-1000-pl","14":"product_shipping_class-deventer-en","15":"pa_packaging-unit-1-pl","17":"first","18":"instock","19":"taxable","20":"shipping-taxable","21":"purchasable","22":"product-type-simple"},"featured_image_urls_v2":{"full":["https:\/\/varibox.best4u.dev\/wp-content\/uploads\/2023\/07\/VARIBOX-Safeline-Food-Coupler-EPDM.png",1280,853,false],"thumbnail":["https:\/\/varibox.best4u.dev\/wp-content\/uploads\/2023\/07\/VARIBOX-Safeline-Food-Coupler-EPDM-256x256.png",256,256,true],"medium":["https:\/\/varibox.best4u.dev\/wp-content\/uploads\/2023\/07\/VARIBOX-Safeline-Food-Coupler-EPDM-512x341.png",512,341,true],"medium_large":["https:\/\/varibox.best4u.dev\/wp-content\/uploads\/2023\/07\/VARIBOX-Safeline-Food-Coupler-EPDM-768x512.png",768,512,true],"large":["https:\/\/varibox.best4u.dev\/wp-content\/uploads\/2023\/07\/VARIBOX-Safeline-Food-Coupler-EPDM-1024x682.png",1024,682,true],"1536x1536":["https:\/\/varibox.best4u.dev\/wp-content\/uploads\/2023\/07\/VARIBOX-Safeline-Food-Coupler-EPDM.png",1280,853,false],"2048x2048":["https:\/\/varibox.best4u.dev\/wp-content\/uploads\/2023\/07\/VARIBOX-Safeline-Food-Coupler-EPDM.png",1280,853,false],"woocommerce_archive_thumbnail":["https:\/\/varibox.best4u.dev\/wp-content\/uploads\/2023\/07\/VARIBOX-Safeline-Food-Coupler-EPDM-270x180.png",270,180,true],"gform-image-choice-sm":["https:\/\/varibox.best4u.dev\/wp-content\/uploads\/2023\/07\/VARIBOX-Safeline-Food-Coupler-EPDM.png",300,200,false],"gform-image-choice-md":["https:\/\/varibox.best4u.dev\/wp-content\/uploads\/2023\/07\/VARIBOX-Safeline-Food-Coupler-EPDM.png",400,267,false],"gform-image-choice-lg":["https:\/\/varibox.best4u.dev\/wp-content\/uploads\/2023\/07\/VARIBOX-Safeline-Food-Coupler-EPDM.png",600,400,false],"woocommerce_thumbnail":["https:\/\/varibox.best4u.dev\/wp-content\/uploads\/2023\/07\/VARIBOX-Safeline-Food-Coupler-EPDM-270x180.png",270,180,true],"woocommerce_single":["https:\/\/varibox.best4u.dev\/wp-content\/uploads\/2023\/07\/VARIBOX-Safeline-Food-Coupler-EPDM-1200x800.png",1200,800,true],"woocommerce_gallery_thumbnail":["https:\/\/varibox.best4u.dev\/wp-content\/uploads\/2023\/07\/VARIBOX-Safeline-Food-Coupler-EPDM-100x100.png",100,100,true],"variation_swatches_image_size":["https:\/\/varibox.best4u.dev\/wp-content\/uploads\/2023\/07\/VARIBOX-Safeline-Food-Coupler-EPDM-50x50.png",50,50,true],"variation_swatches_tooltip_size":["https:\/\/varibox.best4u.dev\/wp-content\/uploads\/2023\/07\/VARIBOX-Safeline-Food-Coupler-EPDM-100x100.png",100,100,true]},"post_excerpt_stackable_v2":"<p>Z\u0142\u0105cze VARIBOX Safeline Coupler Food EPDM jest wykonane z EPDM, stali nierdzewnej i PVDF. Z\u0142\u0105cze VARIBOX Safeline Coupler Food EPDM mo\u017cna pod\u0142\u0105czy\u0107 do g\u00f3rnej cz\u0119\u015bci rury wyci\u0105gowej Safeline.<\/p>\n","category_list_v2":"","author_info_v2":{"name":"","url":""},"comments_num_v2":"0 comments","acf":[],"_links":{"self":[{"href":"https:\/\/varibox.best4u.dev\/pl\/wp-json\/wp\/v2\/product\/63524","targetHints":{"allow":["GET"]}}],"collection":[{"href":"https:\/\/varibox.best4u.dev\/pl\/wp-json\/wp\/v2\/product"}],"about":[{"href":"https:\/\/varibox.best4u.dev\/pl\/wp-json\/wp\/v2\/types\/product"}],"replies":[{"embeddable":true,"href":"https:\/\/varibox.best4u.dev\/pl\/wp-json\/wp\/v2\/comments?post=63524"}],"wp:featuredmedia":[{"embeddable":true,"href":"https:\/\/varibox.best4u.dev\/pl\/wp-json\/wp\/v2\/media\/63525"}],"wp:attachment":[{"href":"https:\/\/varibox.best4u.dev\/pl\/wp-json\/wp\/v2\/media?parent=63524"}],"wp:term":[{"taxonomy":"product_brand","embeddable":true,"href":"https:\/\/varibox.best4u.dev\/pl\/wp-json\/wp\/v2\/product_brand?post=63524"},{"taxonomy":"product_cat","embeddable":true,"href":"https:\/\/varibox.best4u.dev\/pl\/wp-json\/wp\/v2\/product_cat?post=63524"},{"taxonomy":"product_tag","embeddable":true,"href":"https:\/\/varibox.best4u.dev\/pl\/wp-json\/wp\/v2\/product_tag?post=63524"}],"curies":[{"name":"wp","href":"https:\/\/api.w.org\/{rel}","templated":true}]}}