{"id":63521,"date":"2024-03-08T14:03:25","date_gmt":"2024-03-08T13:03:25","guid":{"rendered":"https:\/\/varibox.best4u.dev\/product\/varibox-cc-250-cds-extractor-tube-viton\/"},"modified":"2025-07-17T10:26:18","modified_gmt":"2025-07-17T08:26:18","slug":"varibox-cc-250-cds-extractor-tube-viton","status":"publish","type":"product","link":"https:\/\/varibox.best4u.dev\/pl\/produkt\/varibox-cc-250-cds-extractor-tube-viton\/","title":{"rendered":"VARIBOX CC 250 CDS rura wyci\u0105gowa Viton"},"content":{"rendered":"<p>Rurka wyci\u0105gowa VARIBOX CC 250 CDS Rurki wyci\u0105gowe Viton s\u0105 wykonane z materia\u0142\u00f3w Aflas, PE i Hastelloy. Rurka ma neutralny kolor, a punkt po\u0142\u0105czenia na g\u00f3rze jest neutralny. Rura wyci\u0105gowa jest cz\u0119\u015bci\u0105 \u0142atwego w u\u017cyciu systemu, kt\u00f3ry umo\u017cliwia pod\u0142\u0105czenie systemu do VARIBOX za pomoc\u0105 z\u0142\u0105cza CDS. Dzi\u0119ki temu produkt mo\u017ce by\u0107 wypompowywany z VARIBOX bez otwierania pojemnika IBC. Zapewnia to, \u017ce produkty chemiczne i toksyczne opary nie mog\u0105 wydostawa\u0107 si\u0119 z pojemnika IBC.<\/p>\n","protected":false},"excerpt":{"rendered":"<p>Rurka wyci\u0105gowa VARIBOX CC 250 CDS Viton to rurka w urz\u0105dzeniu VARIBOX, kt\u00f3ra si\u0119ga najni\u017cszego punktu pojemnika wewn\u0119trznego.<\/p>\n","protected":false},"featured_media":63522,"comment_status":"closed","ping_status":"closed","template":"","meta":{"_acf_changed":false},"product_brand":[],"product_cat":[690,565],"product_tag":[],"class_list":{"0":"post-63521","1":"product","2":"type-product","3":"status-publish","4":"has-post-thumbnail","6":"product_cat-extractor-tubes-varibox-cc-250-pl","7":"product_cat-varibox-cc-250-pl","8":"product_shipping_class-deventer-en","9":"pa_packaging-unit-1-pl","11":"first","12":"instock","13":"taxable","14":"shipping-taxable","15":"purchasable","16":"product-type-simple"},"featured_image_urls_v2":{"full":["https:\/\/varibox.best4u.dev\/wp-content\/uploads\/2022\/08\/cdsa.png",600,400,false],"thumbnail":["https:\/\/varibox.best4u.dev\/wp-content\/uploads\/2022\/08\/cdsa.png",256,171,false],"medium":["https:\/\/varibox.best4u.dev\/wp-content\/uploads\/2022\/08\/cdsa.png",512,341,false],"medium_large":["https:\/\/varibox.best4u.dev\/wp-content\/uploads\/2022\/08\/cdsa.png",600,400,false],"large":["https:\/\/varibox.best4u.dev\/wp-content\/uploads\/2022\/08\/cdsa.png",600,400,false],"1536x1536":["https:\/\/varibox.best4u.dev\/wp-content\/uploads\/2022\/08\/cdsa.png",600,400,false],"2048x2048":["https:\/\/varibox.best4u.dev\/wp-content\/uploads\/2022\/08\/cdsa.png",600,400,false],"woocommerce_archive_thumbnail":["https:\/\/varibox.best4u.dev\/wp-content\/uploads\/2022\/08\/cdsa-270x180.png",270,180,true],"gform-image-choice-sm":["https:\/\/varibox.best4u.dev\/wp-content\/uploads\/2022\/08\/cdsa.png",300,200,false],"gform-image-choice-md":["https:\/\/varibox.best4u.dev\/wp-content\/uploads\/2022\/08\/cdsa.png",400,267,false],"gform-image-choice-lg":["https:\/\/varibox.best4u.dev\/wp-content\/uploads\/2022\/08\/cdsa.png",600,400,false],"woocommerce_thumbnail":["https:\/\/varibox.best4u.dev\/wp-content\/uploads\/2022\/08\/cdsa.png",270,180,false],"woocommerce_single":["https:\/\/varibox.best4u.dev\/wp-content\/uploads\/2022\/08\/cdsa.png",600,400,false],"woocommerce_gallery_thumbnail":["https:\/\/varibox.best4u.dev\/wp-content\/uploads\/2022\/08\/cdsa-100x100.png",100,100,true],"variation_swatches_image_size":["https:\/\/varibox.best4u.dev\/wp-content\/uploads\/2022\/08\/cdsa.png",50,33,false],"variation_swatches_tooltip_size":["https:\/\/varibox.best4u.dev\/wp-content\/uploads\/2022\/08\/cdsa.png",100,67,false]},"post_excerpt_stackable_v2":"<p>Rurka wyci\u0105gowa VARIBOX CC 250 CDS Viton to rurka w urz\u0105dzeniu VARIBOX, kt\u00f3ra si\u0119ga najni\u017cszego punktu pojemnika wewn\u0119trznego.<\/p>\n","category_list_v2":"","author_info_v2":{"name":"","url":""},"comments_num_v2":"0 comments","acf":[],"_links":{"self":[{"href":"https:\/\/varibox.best4u.dev\/pl\/wp-json\/wp\/v2\/product\/63521","targetHints":{"allow":["GET"]}}],"collection":[{"href":"https:\/\/varibox.best4u.dev\/pl\/wp-json\/wp\/v2\/product"}],"about":[{"href":"https:\/\/varibox.best4u.dev\/pl\/wp-json\/wp\/v2\/types\/product"}],"replies":[{"embeddable":true,"href":"https:\/\/varibox.best4u.dev\/pl\/wp-json\/wp\/v2\/comments?post=63521"}],"wp:featuredmedia":[{"embeddable":true,"href":"https:\/\/varibox.best4u.dev\/pl\/wp-json\/wp\/v2\/media\/63522"}],"wp:attachment":[{"href":"https:\/\/varibox.best4u.dev\/pl\/wp-json\/wp\/v2\/media?parent=63521"}],"wp:term":[{"taxonomy":"product_brand","embeddable":true,"href":"https:\/\/varibox.best4u.dev\/pl\/wp-json\/wp\/v2\/product_brand?post=63521"},{"taxonomy":"product_cat","embeddable":true,"href":"https:\/\/varibox.best4u.dev\/pl\/wp-json\/wp\/v2\/product_cat?post=63521"},{"taxonomy":"product_tag","embeddable":true,"href":"https:\/\/varibox.best4u.dev\/pl\/wp-json\/wp\/v2\/product_tag?post=63521"}],"curies":[{"name":"wp","href":"https:\/\/api.w.org\/{rel}","templated":true}]}}