{"id":63515,"date":"2024-04-08T13:12:31","date_gmt":"2024-04-08T11:12:31","guid":{"rendered":"https:\/\/varibox.best4u.dev\/product\/varibox-sc-screwcap-viton-black\/"},"modified":"2025-07-17T10:46:07","modified_gmt":"2025-07-17T08:46:07","slug":"varibox-sc-screwcap-viton-black","status":"publish","type":"product","link":"https:\/\/varibox.best4u.dev\/pl\/produkt\/varibox-sc-screwcap-viton-black\/","title":{"rendered":"Zakr\u0119tka VARIBOX SC Viton czarna"},"content":{"rendered":"<p>Zakr\u0119tka VARIBOX SC D160 Viton bez odpowietrznika do rurki odsysaj\u0105cej Safeline. Ta nakr\u0119tka jest wykonana z Vitonu, PE, PTFE i PP, a jej kolor jest czarny.<\/p>\n","protected":false},"excerpt":{"rendered":"<p>Zakr\u0119tka VARIBOX SC D160 Viton bez odpowietrznika jest przeznaczona do rurki odsysaj\u0105cej Safeline.<\/p>\n","protected":false},"featured_media":63516,"comment_status":"closed","ping_status":"closed","template":"","meta":{"_acf_changed":false},"product_brand":[],"product_cat":[730,724,726,720],"product_tag":[],"class_list":{"0":"post-63515","1":"product","2":"type-product","3":"status-publish","4":"has-post-thumbnail","6":"product_cat-screwcaps-pl","7":"product_cat-screwcaps-varibox-sc-800-pl","8":"product_cat-varibox-sc-1000-pl","9":"product_cat-varibox-sc-800-pl","10":"product_shipping_class-montoir","11":"pa_packaging-unit-1-pl","13":"first","14":"instock","15":"taxable","16":"shipping-taxable","17":"purchasable","18":"product-type-simple"},"featured_image_urls_v2":{"full":["https:\/\/varibox.best4u.dev\/wp-content\/uploads\/2024\/04\/VARIBOX-SC-screwcap-Viton-black-1.jpg",600,400,false],"thumbnail":["https:\/\/varibox.best4u.dev\/wp-content\/uploads\/2024\/04\/VARIBOX-SC-screwcap-Viton-black-1-256x256.jpg",256,256,true],"medium":["https:\/\/varibox.best4u.dev\/wp-content\/uploads\/2024\/04\/VARIBOX-SC-screwcap-Viton-black-1-512x341.jpg",512,341,true],"medium_large":["https:\/\/varibox.best4u.dev\/wp-content\/uploads\/2024\/04\/VARIBOX-SC-screwcap-Viton-black-1.jpg",600,400,false],"large":["https:\/\/varibox.best4u.dev\/wp-content\/uploads\/2024\/04\/VARIBOX-SC-screwcap-Viton-black-1.jpg",600,400,false],"1536x1536":["https:\/\/varibox.best4u.dev\/wp-content\/uploads\/2024\/04\/VARIBOX-SC-screwcap-Viton-black-1.jpg",600,400,false],"2048x2048":["https:\/\/varibox.best4u.dev\/wp-content\/uploads\/2024\/04\/VARIBOX-SC-screwcap-Viton-black-1.jpg",600,400,false],"woocommerce_archive_thumbnail":["https:\/\/varibox.best4u.dev\/wp-content\/uploads\/2024\/04\/VARIBOX-SC-screwcap-Viton-black-1-270x180.jpg",270,180,true],"gform-image-choice-sm":["https:\/\/varibox.best4u.dev\/wp-content\/uploads\/2024\/04\/VARIBOX-SC-screwcap-Viton-black-1.jpg",300,200,false],"gform-image-choice-md":["https:\/\/varibox.best4u.dev\/wp-content\/uploads\/2024\/04\/VARIBOX-SC-screwcap-Viton-black-1.jpg",400,267,false],"gform-image-choice-lg":["https:\/\/varibox.best4u.dev\/wp-content\/uploads\/2024\/04\/VARIBOX-SC-screwcap-Viton-black-1.jpg",600,400,false],"woocommerce_thumbnail":["https:\/\/varibox.best4u.dev\/wp-content\/uploads\/2024\/04\/VARIBOX-SC-screwcap-Viton-black-1-270x180.jpg",270,180,true],"woocommerce_single":["https:\/\/varibox.best4u.dev\/wp-content\/uploads\/2024\/04\/VARIBOX-SC-screwcap-Viton-black-1.jpg",600,400,false],"woocommerce_gallery_thumbnail":["https:\/\/varibox.best4u.dev\/wp-content\/uploads\/2024\/04\/VARIBOX-SC-screwcap-Viton-black-1-100x100.jpg",100,100,true],"variation_swatches_image_size":["https:\/\/varibox.best4u.dev\/wp-content\/uploads\/2024\/04\/VARIBOX-SC-screwcap-Viton-black-1-50x50.jpg",50,50,true],"variation_swatches_tooltip_size":["https:\/\/varibox.best4u.dev\/wp-content\/uploads\/2024\/04\/VARIBOX-SC-screwcap-Viton-black-1-100x100.jpg",100,100,true]},"post_excerpt_stackable_v2":"<p>Zakr\u0119tka VARIBOX SC D160 Viton bez odpowietrznika jest przeznaczona do rurki odsysaj\u0105cej Safeline.<\/p>\n","category_list_v2":"","author_info_v2":{"name":"","url":""},"comments_num_v2":"0 comments","acf":[],"_links":{"self":[{"href":"https:\/\/varibox.best4u.dev\/pl\/wp-json\/wp\/v2\/product\/63515","targetHints":{"allow":["GET"]}}],"collection":[{"href":"https:\/\/varibox.best4u.dev\/pl\/wp-json\/wp\/v2\/product"}],"about":[{"href":"https:\/\/varibox.best4u.dev\/pl\/wp-json\/wp\/v2\/types\/product"}],"replies":[{"embeddable":true,"href":"https:\/\/varibox.best4u.dev\/pl\/wp-json\/wp\/v2\/comments?post=63515"}],"wp:featuredmedia":[{"embeddable":true,"href":"https:\/\/varibox.best4u.dev\/pl\/wp-json\/wp\/v2\/media\/63516"}],"wp:attachment":[{"href":"https:\/\/varibox.best4u.dev\/pl\/wp-json\/wp\/v2\/media?parent=63515"}],"wp:term":[{"taxonomy":"product_brand","embeddable":true,"href":"https:\/\/varibox.best4u.dev\/pl\/wp-json\/wp\/v2\/product_brand?post=63515"},{"taxonomy":"product_cat","embeddable":true,"href":"https:\/\/varibox.best4u.dev\/pl\/wp-json\/wp\/v2\/product_cat?post=63515"},{"taxonomy":"product_tag","embeddable":true,"href":"https:\/\/varibox.best4u.dev\/pl\/wp-json\/wp\/v2\/product_tag?post=63515"}],"curies":[{"name":"wp","href":"https:\/\/api.w.org\/{rel}","templated":true}]}}