{"id":63500,"date":"2024-04-08T13:12:31","date_gmt":"2024-04-08T11:12:31","guid":{"rendered":"https:\/\/varibox.best4u.dev\/product\/varibox-sc-pp-dn50-ball-valve-inner-thread-epdm\/"},"modified":"2025-07-17T10:54:39","modified_gmt":"2025-07-17T08:54:39","slug":"varibox-sc-pp-dn50-ball-valve-inner-thread-epdm","status":"publish","type":"product","link":"https:\/\/varibox.best4u.dev\/pl\/produkt\/varibox-sc-pp-dn50-ball-valve-inner-thread-epdm\/","title":{"rendered":"VARIBOX SC PP DN50 Zaw\u00f3r kulowy gwint wewn\u0119trzny EPDM"},"content":{"rendered":"<p>Aby chroni\u0107 u\u017cytkownika i \u015brodowisko podczas korzystania z pojemnik\u00f3w VARIBOX SC, s\u0105 one wyposa\u017cone w zaw\u00f3r kulowy VARIBOX. Ten wytrzyma\u0142y zaw\u00f3r monoblokowy z gwintem wewn\u0119trznym EPDM 2&#8243;, o \u017cywotno\u015bci do 5 lat, zapewnia, \u017ce produkt pozostaje bezpiecznie wewn\u0105trz pojemnika VARIBOX podczas transportu i przechowywania. Zaw\u00f3r jest wykonany z PP z uszczelkami EPDM, a uchwyt jest czerwony.<\/p>\n","protected":false},"excerpt":{"rendered":"<p>Aby chroni\u0107 u\u017cytkownika i \u015brodowisko podczas korzystania z naszych pojemnik\u00f3w VARIBOX SC, s\u0105 one zawsze wyposa\u017cone w wytrzyma\u0142y zaw\u00f3r kulowy VARIBOX.<\/p>\n","protected":false},"featured_media":63501,"comment_status":"closed","ping_status":"closed","template":"","meta":{"_acf_changed":false},"product_brand":[],"product_cat":[726,720,731,725],"product_tag":[],"class_list":{"0":"post-63500","1":"product","2":"type-product","3":"status-publish","4":"has-post-thumbnail","6":"product_cat-varibox-sc-1000-pl","7":"product_cat-varibox-sc-800-pl","8":"product_cat-valves-pl","9":"product_cat-valves-varibox-sc-800-pl","10":"product_shipping_class-montoir","11":"pa_packaging-unit-1-pl","13":"first","14":"instock","15":"taxable","16":"shipping-taxable","17":"purchasable","18":"product-type-simple"},"featured_image_urls_v2":{"full":["https:\/\/varibox.best4u.dev\/wp-content\/uploads\/2024\/04\/DN50-Ball-valve-inner-thread-Red-1.jpg",600,400,false],"thumbnail":["https:\/\/varibox.best4u.dev\/wp-content\/uploads\/2024\/04\/DN50-Ball-valve-inner-thread-Red-1-256x256.jpg",256,256,true],"medium":["https:\/\/varibox.best4u.dev\/wp-content\/uploads\/2024\/04\/DN50-Ball-valve-inner-thread-Red-1-512x341.jpg",512,341,true],"medium_large":["https:\/\/varibox.best4u.dev\/wp-content\/uploads\/2024\/04\/DN50-Ball-valve-inner-thread-Red-1.jpg",600,400,false],"large":["https:\/\/varibox.best4u.dev\/wp-content\/uploads\/2024\/04\/DN50-Ball-valve-inner-thread-Red-1.jpg",600,400,false],"1536x1536":["https:\/\/varibox.best4u.dev\/wp-content\/uploads\/2024\/04\/DN50-Ball-valve-inner-thread-Red-1.jpg",600,400,false],"2048x2048":["https:\/\/varibox.best4u.dev\/wp-content\/uploads\/2024\/04\/DN50-Ball-valve-inner-thread-Red-1.jpg",600,400,false],"woocommerce_archive_thumbnail":["https:\/\/varibox.best4u.dev\/wp-content\/uploads\/2024\/04\/DN50-Ball-valve-inner-thread-Red-1-270x180.jpg",270,180,true],"gform-image-choice-sm":["https:\/\/varibox.best4u.dev\/wp-content\/uploads\/2024\/04\/DN50-Ball-valve-inner-thread-Red-1.jpg",300,200,false],"gform-image-choice-md":["https:\/\/varibox.best4u.dev\/wp-content\/uploads\/2024\/04\/DN50-Ball-valve-inner-thread-Red-1.jpg",400,267,false],"gform-image-choice-lg":["https:\/\/varibox.best4u.dev\/wp-content\/uploads\/2024\/04\/DN50-Ball-valve-inner-thread-Red-1.jpg",600,400,false],"woocommerce_thumbnail":["https:\/\/varibox.best4u.dev\/wp-content\/uploads\/2024\/04\/DN50-Ball-valve-inner-thread-Red-1-270x180.jpg",270,180,true],"woocommerce_single":["https:\/\/varibox.best4u.dev\/wp-content\/uploads\/2024\/04\/DN50-Ball-valve-inner-thread-Red-1.jpg",600,400,false],"woocommerce_gallery_thumbnail":["https:\/\/varibox.best4u.dev\/wp-content\/uploads\/2024\/04\/DN50-Ball-valve-inner-thread-Red-1-100x100.jpg",100,100,true],"variation_swatches_image_size":["https:\/\/varibox.best4u.dev\/wp-content\/uploads\/2024\/04\/DN50-Ball-valve-inner-thread-Red-1-50x50.jpg",50,50,true],"variation_swatches_tooltip_size":["https:\/\/varibox.best4u.dev\/wp-content\/uploads\/2024\/04\/DN50-Ball-valve-inner-thread-Red-1-100x100.jpg",100,100,true]},"post_excerpt_stackable_v2":"<p>Aby chroni\u0107 u\u017cytkownika i \u015brodowisko podczas korzystania z naszych pojemnik\u00f3w VARIBOX SC, s\u0105 one zawsze wyposa\u017cone w wytrzyma\u0142y zaw\u00f3r kulowy VARIBOX.<\/p>\n","category_list_v2":"","author_info_v2":{"name":"","url":""},"comments_num_v2":"0 comments","acf":[],"_links":{"self":[{"href":"https:\/\/varibox.best4u.dev\/pl\/wp-json\/wp\/v2\/product\/63500","targetHints":{"allow":["GET"]}}],"collection":[{"href":"https:\/\/varibox.best4u.dev\/pl\/wp-json\/wp\/v2\/product"}],"about":[{"href":"https:\/\/varibox.best4u.dev\/pl\/wp-json\/wp\/v2\/types\/product"}],"replies":[{"embeddable":true,"href":"https:\/\/varibox.best4u.dev\/pl\/wp-json\/wp\/v2\/comments?post=63500"}],"wp:featuredmedia":[{"embeddable":true,"href":"https:\/\/varibox.best4u.dev\/pl\/wp-json\/wp\/v2\/media\/63501"}],"wp:attachment":[{"href":"https:\/\/varibox.best4u.dev\/pl\/wp-json\/wp\/v2\/media?parent=63500"}],"wp:term":[{"taxonomy":"product_brand","embeddable":true,"href":"https:\/\/varibox.best4u.dev\/pl\/wp-json\/wp\/v2\/product_brand?post=63500"},{"taxonomy":"product_cat","embeddable":true,"href":"https:\/\/varibox.best4u.dev\/pl\/wp-json\/wp\/v2\/product_cat?post=63500"},{"taxonomy":"product_tag","embeddable":true,"href":"https:\/\/varibox.best4u.dev\/pl\/wp-json\/wp\/v2\/product_tag?post=63500"}],"curies":[{"name":"wp","href":"https:\/\/api.w.org\/{rel}","templated":true}]}}