{"id":63487,"date":"2024-04-08T13:12:31","date_gmt":"2024-04-08T11:12:31","guid":{"rendered":"https:\/\/varibox.best4u.dev\/product\/sealing-plug-screw-fastener-d40\/"},"modified":"2025-07-17T11:08:05","modified_gmt":"2025-07-17T09:08:05","slug":"sealing-plug-screw-fastener-d40","status":"publish","type":"product","link":"https:\/\/varibox.best4u.dev\/pl\/produkt\/sealing-plug-screw-fastener-d40\/","title":{"rendered":"Zestaw 25 \u015brub mocuj\u0105cych korek uszczelniaj\u0105cy D40"},"content":{"rendered":"<p>Korek uszczelniaj\u0105cy VARIBOX SC do \u0142\u0105cznika \u015brubowego. Korek jest wykonany z PE.<\/p>\n","protected":false},"excerpt":{"rendered":"<p>Za\u015blepka uszczelniaj\u0105ca VARIBOX SC do \u0142\u0105cznika \u015brubowego.<\/p>\n","protected":false},"featured_media":63488,"comment_status":"closed","ping_status":"closed","template":"","meta":{"_acf_changed":false},"product_brand":[],"product_cat":[727,721,726,720],"product_tag":[],"class_list":{"0":"post-63487","1":"product","2":"type-product","3":"status-publish","4":"has-post-thumbnail","6":"product_cat-accessories-varibox-sc-1000-pl","7":"product_cat-accessories-varibox-sc-800-pl","8":"product_cat-varibox-sc-1000-pl","9":"product_cat-varibox-sc-800-pl","10":"product_shipping_class-montoir","11":"pa_packaging-unit-25-en-pl","13":"first","14":"instock","15":"taxable","16":"shipping-taxable","17":"purchasable","18":"product-type-simple"},"featured_image_urls_v2":{"full":["https:\/\/varibox.best4u.dev\/wp-content\/uploads\/2024\/04\/Sealing-plug-screw-fastener-D40-1.jpg",600,369,false],"thumbnail":["https:\/\/varibox.best4u.dev\/wp-content\/uploads\/2024\/04\/Sealing-plug-screw-fastener-D40-1-256x256.jpg",256,256,true],"medium":["https:\/\/varibox.best4u.dev\/wp-content\/uploads\/2024\/04\/Sealing-plug-screw-fastener-D40-1-512x315.jpg",512,315,true],"medium_large":["https:\/\/varibox.best4u.dev\/wp-content\/uploads\/2024\/04\/Sealing-plug-screw-fastener-D40-1.jpg",600,369,false],"large":["https:\/\/varibox.best4u.dev\/wp-content\/uploads\/2024\/04\/Sealing-plug-screw-fastener-D40-1.jpg",600,369,false],"1536x1536":["https:\/\/varibox.best4u.dev\/wp-content\/uploads\/2024\/04\/Sealing-plug-screw-fastener-D40-1.jpg",600,369,false],"2048x2048":["https:\/\/varibox.best4u.dev\/wp-content\/uploads\/2024\/04\/Sealing-plug-screw-fastener-D40-1.jpg",600,369,false],"woocommerce_archive_thumbnail":["https:\/\/varibox.best4u.dev\/wp-content\/uploads\/2024\/04\/Sealing-plug-screw-fastener-D40-1-270x166.jpg",270,166,true],"gform-image-choice-sm":["https:\/\/varibox.best4u.dev\/wp-content\/uploads\/2024\/04\/Sealing-plug-screw-fastener-D40-1.jpg",300,185,false],"gform-image-choice-md":["https:\/\/varibox.best4u.dev\/wp-content\/uploads\/2024\/04\/Sealing-plug-screw-fastener-D40-1.jpg",400,246,false],"gform-image-choice-lg":["https:\/\/varibox.best4u.dev\/wp-content\/uploads\/2024\/04\/Sealing-plug-screw-fastener-D40-1.jpg",600,369,false],"woocommerce_thumbnail":["https:\/\/varibox.best4u.dev\/wp-content\/uploads\/2024\/04\/Sealing-plug-screw-fastener-D40-1-270x166.jpg",270,166,true],"woocommerce_single":["https:\/\/varibox.best4u.dev\/wp-content\/uploads\/2024\/04\/Sealing-plug-screw-fastener-D40-1.jpg",600,369,false],"woocommerce_gallery_thumbnail":["https:\/\/varibox.best4u.dev\/wp-content\/uploads\/2024\/04\/Sealing-plug-screw-fastener-D40-1-100x100.jpg",100,100,true],"variation_swatches_image_size":["https:\/\/varibox.best4u.dev\/wp-content\/uploads\/2024\/04\/Sealing-plug-screw-fastener-D40-1-50x50.jpg",50,50,true],"variation_swatches_tooltip_size":["https:\/\/varibox.best4u.dev\/wp-content\/uploads\/2024\/04\/Sealing-plug-screw-fastener-D40-1-100x100.jpg",100,100,true]},"post_excerpt_stackable_v2":"<p>Za\u015blepka uszczelniaj\u0105ca VARIBOX SC do \u0142\u0105cznika \u015brubowego.<\/p>\n","category_list_v2":"","author_info_v2":{"name":"","url":""},"comments_num_v2":"0 comments","acf":[],"_links":{"self":[{"href":"https:\/\/varibox.best4u.dev\/pl\/wp-json\/wp\/v2\/product\/63487","targetHints":{"allow":["GET"]}}],"collection":[{"href":"https:\/\/varibox.best4u.dev\/pl\/wp-json\/wp\/v2\/product"}],"about":[{"href":"https:\/\/varibox.best4u.dev\/pl\/wp-json\/wp\/v2\/types\/product"}],"replies":[{"embeddable":true,"href":"https:\/\/varibox.best4u.dev\/pl\/wp-json\/wp\/v2\/comments?post=63487"}],"wp:featuredmedia":[{"embeddable":true,"href":"https:\/\/varibox.best4u.dev\/pl\/wp-json\/wp\/v2\/media\/63488"}],"wp:attachment":[{"href":"https:\/\/varibox.best4u.dev\/pl\/wp-json\/wp\/v2\/media?parent=63487"}],"wp:term":[{"taxonomy":"product_brand","embeddable":true,"href":"https:\/\/varibox.best4u.dev\/pl\/wp-json\/wp\/v2\/product_brand?post=63487"},{"taxonomy":"product_cat","embeddable":true,"href":"https:\/\/varibox.best4u.dev\/pl\/wp-json\/wp\/v2\/product_cat?post=63487"},{"taxonomy":"product_tag","embeddable":true,"href":"https:\/\/varibox.best4u.dev\/pl\/wp-json\/wp\/v2\/product_tag?post=63487"}],"curies":[{"name":"wp","href":"https:\/\/api.w.org\/{rel}","templated":true}]}}