{"id":63484,"date":"2024-04-08T13:12:31","date_gmt":"2024-04-08T11:12:31","guid":{"rendered":"https:\/\/varibox.best4u.dev\/product\/screw-fastener-g-11-2\/"},"modified":"2025-07-17T11:09:01","modified_gmt":"2025-07-17T09:09:01","slug":"screw-fastener-g-11-2","status":"publish","type":"product","link":"https:\/\/varibox.best4u.dev\/pl\/produkt\/screw-fastener-g-11-2\/","title":{"rendered":"Zestaw 25 \u0142\u0105cznik\u00f3w \u015brubowych G 1&#8217;1\/2"},"content":{"rendered":"<p>Zapi\u0119cie \u015brubowe VARIOBX SC do mocowania butelki wewn\u0119trznej do pokrywy. Zapi\u0119cie \u015brubowe G 1&#8217;1\/2 jest wykonane z PP.<\/p>\n","protected":false},"excerpt":{"rendered":"<p>Zapi\u0119cie \u015brubowe VARIBOX SC do mocowania butelki wewn\u0119trznej do pokrywy.<\/p>\n","protected":false},"featured_media":63485,"comment_status":"closed","ping_status":"closed","template":"","meta":{"_acf_changed":false},"product_brand":[],"product_cat":[727,721,726,720],"product_tag":[],"class_list":{"0":"post-63484","1":"product","2":"type-product","3":"status-publish","4":"has-post-thumbnail","6":"product_cat-accessories-varibox-sc-1000-pl","7":"product_cat-accessories-varibox-sc-800-pl","8":"product_cat-varibox-sc-1000-pl","9":"product_cat-varibox-sc-800-pl","10":"product_shipping_class-montoir","11":"pa_packaging-unit-25-en-pl","13":"first","14":"instock","15":"taxable","16":"shipping-taxable","17":"purchasable","18":"product-type-simple"},"featured_image_urls_v2":{"full":["https:\/\/varibox.best4u.dev\/wp-content\/uploads\/2024\/04\/Screw-fastener-1.jpg",600,400,false],"thumbnail":["https:\/\/varibox.best4u.dev\/wp-content\/uploads\/2024\/04\/Screw-fastener-1-256x256.jpg",256,256,true],"medium":["https:\/\/varibox.best4u.dev\/wp-content\/uploads\/2024\/04\/Screw-fastener-1-512x341.jpg",512,341,true],"medium_large":["https:\/\/varibox.best4u.dev\/wp-content\/uploads\/2024\/04\/Screw-fastener-1.jpg",600,400,false],"large":["https:\/\/varibox.best4u.dev\/wp-content\/uploads\/2024\/04\/Screw-fastener-1.jpg",600,400,false],"1536x1536":["https:\/\/varibox.best4u.dev\/wp-content\/uploads\/2024\/04\/Screw-fastener-1.jpg",600,400,false],"2048x2048":["https:\/\/varibox.best4u.dev\/wp-content\/uploads\/2024\/04\/Screw-fastener-1.jpg",600,400,false],"woocommerce_archive_thumbnail":["https:\/\/varibox.best4u.dev\/wp-content\/uploads\/2024\/04\/Screw-fastener-1-270x180.jpg",270,180,true],"gform-image-choice-sm":["https:\/\/varibox.best4u.dev\/wp-content\/uploads\/2024\/04\/Screw-fastener-1.jpg",300,200,false],"gform-image-choice-md":["https:\/\/varibox.best4u.dev\/wp-content\/uploads\/2024\/04\/Screw-fastener-1.jpg",400,267,false],"gform-image-choice-lg":["https:\/\/varibox.best4u.dev\/wp-content\/uploads\/2024\/04\/Screw-fastener-1.jpg",600,400,false],"woocommerce_thumbnail":["https:\/\/varibox.best4u.dev\/wp-content\/uploads\/2024\/04\/Screw-fastener-1-270x180.jpg",270,180,true],"woocommerce_single":["https:\/\/varibox.best4u.dev\/wp-content\/uploads\/2024\/04\/Screw-fastener-1.jpg",600,400,false],"woocommerce_gallery_thumbnail":["https:\/\/varibox.best4u.dev\/wp-content\/uploads\/2024\/04\/Screw-fastener-1-100x100.jpg",100,100,true],"variation_swatches_image_size":["https:\/\/varibox.best4u.dev\/wp-content\/uploads\/2024\/04\/Screw-fastener-1-50x50.jpg",50,50,true],"variation_swatches_tooltip_size":["https:\/\/varibox.best4u.dev\/wp-content\/uploads\/2024\/04\/Screw-fastener-1-100x100.jpg",100,100,true]},"post_excerpt_stackable_v2":"<p>Zapi\u0119cie \u015brubowe VARIBOX SC do mocowania butelki wewn\u0119trznej do pokrywy.<\/p>\n","category_list_v2":"","author_info_v2":{"name":"","url":""},"comments_num_v2":"0 comments","acf":[],"_links":{"self":[{"href":"https:\/\/varibox.best4u.dev\/pl\/wp-json\/wp\/v2\/product\/63484","targetHints":{"allow":["GET"]}}],"collection":[{"href":"https:\/\/varibox.best4u.dev\/pl\/wp-json\/wp\/v2\/product"}],"about":[{"href":"https:\/\/varibox.best4u.dev\/pl\/wp-json\/wp\/v2\/types\/product"}],"replies":[{"embeddable":true,"href":"https:\/\/varibox.best4u.dev\/pl\/wp-json\/wp\/v2\/comments?post=63484"}],"wp:featuredmedia":[{"embeddable":true,"href":"https:\/\/varibox.best4u.dev\/pl\/wp-json\/wp\/v2\/media\/63485"}],"wp:attachment":[{"href":"https:\/\/varibox.best4u.dev\/pl\/wp-json\/wp\/v2\/media?parent=63484"}],"wp:term":[{"taxonomy":"product_brand","embeddable":true,"href":"https:\/\/varibox.best4u.dev\/pl\/wp-json\/wp\/v2\/product_brand?post=63484"},{"taxonomy":"product_cat","embeddable":true,"href":"https:\/\/varibox.best4u.dev\/pl\/wp-json\/wp\/v2\/product_cat?post=63484"},{"taxonomy":"product_tag","embeddable":true,"href":"https:\/\/varibox.best4u.dev\/pl\/wp-json\/wp\/v2\/product_tag?post=63484"}],"curies":[{"name":"wp","href":"https:\/\/api.w.org\/{rel}","templated":true}]}}