{"id":63480,"date":"2024-04-08T13:12:38","date_gmt":"2024-04-08T11:12:38","guid":{"rendered":"https:\/\/varibox.best4u.dev\/product\/plastic-wrench-for-the-screwcap\/"},"modified":"2025-07-17T10:40:14","modified_gmt":"2025-07-17T08:40:14","slug":"plastic-wrench-for-the-screwcap","status":"publish","type":"product","link":"https:\/\/varibox.best4u.dev\/pl\/produkt\/plastic-wrench-for-the-screwcap\/","title":{"rendered":"Plastikowy klucz do nakr\u0119tek"},"content":{"rendered":"<p>Przedstawiamy najlepsze narz\u0119dzie do \u0142atwego otwierania i zamykania pojemnik\u00f3w do przewozu luzem (IBC) \u2013 klucz do nakr\u0119tek! Zaprojektowane z my\u015bl\u0105 o u\u0142atwieniu obs\u0142ugi pojemnik\u00f3w IBC, to innowacyjne narz\u0119dzie jest niezb\u0119dne dla ka\u017cdego, kto regularnie ma do czynienia z pojemnikami IBC.<\/p>\n<p>Dzi\u0119ki solidnej konstrukcji i ergonomicznej budowie klucz do nakr\u0119tek zapewnia wygodny uchwyt i optymaln\u0105 d\u017awigni\u0119, umo\u017cliwiaj\u0105c \u0142atwe odkr\u0119canie lub dokr\u0119canie nakr\u0119tek na pojemnikach VARIBOX.<\/p>\n<p>Klucz do nakr\u0119tek zosta\u0142 specjalnie zaprojektowany, aby pasowa\u0142 do szerokiej gamy rozmiar\u00f3w nakr\u0119tek IBC, zapewniaj\u0105c kompatybilno\u015b\u0107 z najcz\u0119\u015bciej u\u017cywanymi pojemnikami IBC w bran\u017cy.<br \/>\nJego wszechstronna konstrukcja pozwala na u\u017cycie go do ka\u017cdego pojemnika IBC VARIBOX, co czyni go uniwersalnym narz\u0119dziem do wszelkich zastosowa\u0144 zwi\u0105zanych z obs\u0142ug\u0105 pojemnik\u00f3w IBC.<\/p>\n","protected":false},"excerpt":{"rendered":"<p>Dzi\u0119ki solidnej konstrukcji i ergonomicznej budowie klucz do nakr\u0119tek zapewnia wygodny uchwyt i optymaln\u0105 si\u0142\u0119 nacisku, umo\u017cliwiaj\u0105c \u0142atwe odkr\u0119canie lub dokr\u0119canie nakr\u0119tek w skrzynkach VARIBOX.<\/p>\n","protected":false},"featured_media":63481,"comment_status":"closed","ping_status":"closed","template":"","meta":{"_acf_changed":false},"product_brand":[],"product_cat":[730,724,726,720],"product_tag":[],"class_list":{"0":"post-63480","1":"product","2":"type-product","3":"status-publish","4":"has-post-thumbnail","6":"product_cat-screwcaps-pl","7":"product_cat-screwcaps-varibox-sc-800-pl","8":"product_cat-varibox-sc-1000-pl","9":"product_cat-varibox-sc-800-pl","10":"product_shipping_class-montoir","11":"pa_packaging-unit-1-pl","13":"first","14":"instock","15":"taxable","16":"shipping-taxable","17":"purchasable","18":"product-type-simple"},"featured_image_urls_v2":{"full":["https:\/\/varibox.best4u.dev\/wp-content\/uploads\/2024\/04\/Plastic-wrench-for-the-Screwcap-1.jpg",600,400,false],"thumbnail":["https:\/\/varibox.best4u.dev\/wp-content\/uploads\/2024\/04\/Plastic-wrench-for-the-Screwcap-1-256x256.jpg",256,256,true],"medium":["https:\/\/varibox.best4u.dev\/wp-content\/uploads\/2024\/04\/Plastic-wrench-for-the-Screwcap-1-512x341.jpg",512,341,true],"medium_large":["https:\/\/varibox.best4u.dev\/wp-content\/uploads\/2024\/04\/Plastic-wrench-for-the-Screwcap-1.jpg",600,400,false],"large":["https:\/\/varibox.best4u.dev\/wp-content\/uploads\/2024\/04\/Plastic-wrench-for-the-Screwcap-1.jpg",600,400,false],"1536x1536":["https:\/\/varibox.best4u.dev\/wp-content\/uploads\/2024\/04\/Plastic-wrench-for-the-Screwcap-1.jpg",600,400,false],"2048x2048":["https:\/\/varibox.best4u.dev\/wp-content\/uploads\/2024\/04\/Plastic-wrench-for-the-Screwcap-1.jpg",600,400,false],"woocommerce_archive_thumbnail":["https:\/\/varibox.best4u.dev\/wp-content\/uploads\/2024\/04\/Plastic-wrench-for-the-Screwcap-1-270x180.jpg",270,180,true],"gform-image-choice-sm":["https:\/\/varibox.best4u.dev\/wp-content\/uploads\/2024\/04\/Plastic-wrench-for-the-Screwcap-1.jpg",300,200,false],"gform-image-choice-md":["https:\/\/varibox.best4u.dev\/wp-content\/uploads\/2024\/04\/Plastic-wrench-for-the-Screwcap-1.jpg",400,267,false],"gform-image-choice-lg":["https:\/\/varibox.best4u.dev\/wp-content\/uploads\/2024\/04\/Plastic-wrench-for-the-Screwcap-1.jpg",600,400,false],"woocommerce_thumbnail":["https:\/\/varibox.best4u.dev\/wp-content\/uploads\/2024\/04\/Plastic-wrench-for-the-Screwcap-1-270x180.jpg",270,180,true],"woocommerce_single":["https:\/\/varibox.best4u.dev\/wp-content\/uploads\/2024\/04\/Plastic-wrench-for-the-Screwcap-1.jpg",600,400,false],"woocommerce_gallery_thumbnail":["https:\/\/varibox.best4u.dev\/wp-content\/uploads\/2024\/04\/Plastic-wrench-for-the-Screwcap-1-100x100.jpg",100,100,true],"variation_swatches_image_size":["https:\/\/varibox.best4u.dev\/wp-content\/uploads\/2024\/04\/Plastic-wrench-for-the-Screwcap-1-50x50.jpg",50,50,true],"variation_swatches_tooltip_size":["https:\/\/varibox.best4u.dev\/wp-content\/uploads\/2024\/04\/Plastic-wrench-for-the-Screwcap-1-100x100.jpg",100,100,true]},"post_excerpt_stackable_v2":"<p>Dzi\u0119ki solidnej konstrukcji i ergonomicznej budowie klucz do nakr\u0119tek zapewnia wygodny uchwyt i optymaln\u0105 si\u0142\u0119 nacisku, umo\u017cliwiaj\u0105c \u0142atwe odkr\u0119canie lub dokr\u0119canie nakr\u0119tek w skrzynkach VARIBOX.<\/p>\n","category_list_v2":"","author_info_v2":{"name":"","url":""},"comments_num_v2":"0 comments","acf":[],"_links":{"self":[{"href":"https:\/\/varibox.best4u.dev\/pl\/wp-json\/wp\/v2\/product\/63480","targetHints":{"allow":["GET"]}}],"collection":[{"href":"https:\/\/varibox.best4u.dev\/pl\/wp-json\/wp\/v2\/product"}],"about":[{"href":"https:\/\/varibox.best4u.dev\/pl\/wp-json\/wp\/v2\/types\/product"}],"replies":[{"embeddable":true,"href":"https:\/\/varibox.best4u.dev\/pl\/wp-json\/wp\/v2\/comments?post=63480"}],"wp:featuredmedia":[{"embeddable":true,"href":"https:\/\/varibox.best4u.dev\/pl\/wp-json\/wp\/v2\/media\/63481"}],"wp:attachment":[{"href":"https:\/\/varibox.best4u.dev\/pl\/wp-json\/wp\/v2\/media?parent=63480"}],"wp:term":[{"taxonomy":"product_brand","embeddable":true,"href":"https:\/\/varibox.best4u.dev\/pl\/wp-json\/wp\/v2\/product_brand?post=63480"},{"taxonomy":"product_cat","embeddable":true,"href":"https:\/\/varibox.best4u.dev\/pl\/wp-json\/wp\/v2\/product_cat?post=63480"},{"taxonomy":"product_tag","embeddable":true,"href":"https:\/\/varibox.best4u.dev\/pl\/wp-json\/wp\/v2\/product_tag?post=63480"}],"curies":[{"name":"wp","href":"https:\/\/api.w.org\/{rel}","templated":true}]}}