{"id":63472,"date":"2024-04-08T13:23:36","date_gmt":"2024-04-08T11:23:36","guid":{"rendered":"https:\/\/varibox.best4u.dev\/product\/set-of-8-varibox-sc-1000-wall-reinforcement-bars\/"},"modified":"2025-07-17T10:41:40","modified_gmt":"2025-07-17T08:41:40","slug":"set-of-8-varibox-sc-1000-wall-reinforcement-bars","status":"publish","type":"product","link":"https:\/\/varibox.best4u.dev\/pl\/produkt\/set-of-8-varibox-sc-1000-wall-reinforcement-bars\/","title":{"rendered":"Zestaw 8 pr\u0119t\u00f3w wzmacniaj\u0105cych \u015bciany VARIBOX SC 1000"},"content":{"rendered":"<p>Wzmocnienie \u015bcianki VARIBOX SC 1000 to ocynkowana metalowa listwa zabezpieczaj\u0105ca, kt\u00f3ra zapewnia bezpiecze\u0144stwo konstrukcji VARIBOX. Kolor tych listew to srebrny. Ka\u017cdy VARIBOX posiada 8 listew wzmacniaj\u0105cych.<\/p>\n","protected":false},"excerpt":{"rendered":"<p>Wzmocnienie \u015bcianki VARIBOX SC 1000 to ocynkowana metalowa listwa zabezpieczaj\u0105ca, kt\u00f3ra zapewnia bezpiecze\u0144stwo konstrukcji VARIBOX.<\/p>\n","protected":false},"featured_media":63443,"comment_status":"closed","ping_status":"closed","template":"","meta":{"_acf_changed":false},"product_brand":[],"product_cat":[729,726],"product_tag":[],"class_list":{"0":"post-63472","1":"product","2":"type-product","3":"status-publish","4":"has-post-thumbnail","6":"product_cat-metal-bars-varibox-sc-1000-pl","7":"product_cat-varibox-sc-1000-pl","8":"product_shipping_class-montoir","9":"pa_packaging-unit-8-pl","11":"first","12":"instock","13":"taxable","14":"shipping-taxable","15":"purchasable","16":"product-type-simple"},"featured_image_urls_v2":{"full":["https:\/\/varibox.best4u.dev\/wp-content\/uploads\/2022\/08\/bar.png",600,400,false],"thumbnail":["https:\/\/varibox.best4u.dev\/wp-content\/uploads\/2022\/08\/bar.png",256,171,false],"medium":["https:\/\/varibox.best4u.dev\/wp-content\/uploads\/2022\/08\/bar.png",512,341,false],"medium_large":["https:\/\/varibox.best4u.dev\/wp-content\/uploads\/2022\/08\/bar.png",600,400,false],"large":["https:\/\/varibox.best4u.dev\/wp-content\/uploads\/2022\/08\/bar.png",600,400,false],"1536x1536":["https:\/\/varibox.best4u.dev\/wp-content\/uploads\/2022\/08\/bar.png",600,400,false],"2048x2048":["https:\/\/varibox.best4u.dev\/wp-content\/uploads\/2022\/08\/bar.png",600,400,false],"woocommerce_archive_thumbnail":["https:\/\/varibox.best4u.dev\/wp-content\/uploads\/2022\/08\/bar-270x180.png",270,180,true],"gform-image-choice-sm":["https:\/\/varibox.best4u.dev\/wp-content\/uploads\/2022\/08\/bar.png",300,200,false],"gform-image-choice-md":["https:\/\/varibox.best4u.dev\/wp-content\/uploads\/2022\/08\/bar.png",400,267,false],"gform-image-choice-lg":["https:\/\/varibox.best4u.dev\/wp-content\/uploads\/2022\/08\/bar.png",600,400,false],"woocommerce_thumbnail":["https:\/\/varibox.best4u.dev\/wp-content\/uploads\/2022\/08\/bar.png",270,180,false],"woocommerce_single":["https:\/\/varibox.best4u.dev\/wp-content\/uploads\/2022\/08\/bar.png",600,400,false],"woocommerce_gallery_thumbnail":["https:\/\/varibox.best4u.dev\/wp-content\/uploads\/2022\/08\/bar-100x100.png",100,100,true],"variation_swatches_image_size":["https:\/\/varibox.best4u.dev\/wp-content\/uploads\/2022\/08\/bar.png",50,33,false],"variation_swatches_tooltip_size":["https:\/\/varibox.best4u.dev\/wp-content\/uploads\/2022\/08\/bar.png",100,67,false]},"post_excerpt_stackable_v2":"<p>Wzmocnienie \u015bcianki VARIBOX SC 1000 to ocynkowana metalowa listwa zabezpieczaj\u0105ca, kt\u00f3ra zapewnia bezpiecze\u0144stwo konstrukcji VARIBOX.<\/p>\n","category_list_v2":"","author_info_v2":{"name":"","url":""},"comments_num_v2":"0 comments","acf":[],"_links":{"self":[{"href":"https:\/\/varibox.best4u.dev\/pl\/wp-json\/wp\/v2\/product\/63472","targetHints":{"allow":["GET"]}}],"collection":[{"href":"https:\/\/varibox.best4u.dev\/pl\/wp-json\/wp\/v2\/product"}],"about":[{"href":"https:\/\/varibox.best4u.dev\/pl\/wp-json\/wp\/v2\/types\/product"}],"replies":[{"embeddable":true,"href":"https:\/\/varibox.best4u.dev\/pl\/wp-json\/wp\/v2\/comments?post=63472"}],"wp:featuredmedia":[{"embeddable":true,"href":"https:\/\/varibox.best4u.dev\/pl\/wp-json\/wp\/v2\/media\/63443"}],"wp:attachment":[{"href":"https:\/\/varibox.best4u.dev\/pl\/wp-json\/wp\/v2\/media?parent=63472"}],"wp:term":[{"taxonomy":"product_brand","embeddable":true,"href":"https:\/\/varibox.best4u.dev\/pl\/wp-json\/wp\/v2\/product_brand?post=63472"},{"taxonomy":"product_cat","embeddable":true,"href":"https:\/\/varibox.best4u.dev\/pl\/wp-json\/wp\/v2\/product_cat?post=63472"},{"taxonomy":"product_tag","embeddable":true,"href":"https:\/\/varibox.best4u.dev\/pl\/wp-json\/wp\/v2\/product_tag?post=63472"}],"curies":[{"name":"wp","href":"https:\/\/api.w.org\/{rel}","templated":true}]}}