{"id":63460,"date":"2024-04-08T13:23:37","date_gmt":"2024-04-08T11:23:37","guid":{"rendered":"https:\/\/varibox.best4u.dev\/product\/varibox-overpressure-vent-2\/"},"modified":"2025-07-17T10:36:41","modified_gmt":"2025-07-17T08:36:41","slug":"zestaw-100-zaworow-nadcisnieniowych-varibox-sc","status":"publish","type":"product","link":"https:\/\/varibox.best4u.dev\/pl\/produkt\/zestaw-100-zaworow-nadcisnieniowych-varibox-sc\/","title":{"rendered":"Zestaw 100 zawor\u00f3w nadci\u015bnieniowych VARIBOX SC"},"content":{"rendered":"<p>Odpowietrznik nadci\u015bnieniowy VARIBOX jest wykonany z PTFE, PP i PE, ma kolor bia\u0142y. VARIBOX jest standardowo wyposa\u017cony w aerator i odpowietrznik nadci\u015bnieniowy. Odpowietrznik nadci\u015bnieniowy to membrana umieszczona w pokrywie VARIBOX. Membrana ta przepuszcza gaz, ale nie przepuszcza cieczy. Dzi\u0119ki temu zaw\u00f3r nadci\u015bnieniowy wyr\u00f3wnuje nadci\u015bnienie w pojemnikach VARIBOX. Je\u015bli w VARIBOX wyst\u0105pi nadci\u015bnienie, para b\u0119dzie stopniowo uchodzi\u0107 przez zaw\u00f3r nadci\u015bnieniowy, a\u017c nadci\u015bnienie zniknie. Je\u015bli wyst\u0105pi podci\u015bnienie, na przyk\u0142ad z powodu och\u0142odzenia pary w VARIBOX, powietrze mo\u017ce stopniowo wp\u0142ywa\u0107 przez zaw\u00f3r nadci\u015bnieniowy.<\/p>\n","protected":false},"excerpt":{"rendered":"<p>Nadci\u015bnieniowy zaw\u00f3r odpowietrzaj\u0105cy VARIBOX to membrana umieszczona w zakr\u0119tce pojemnik\u00f3w IBC VARIBOX.<\/p>\n","protected":false},"featured_media":63461,"comment_status":"closed","ping_status":"closed","template":"","meta":{"_acf_changed":false},"product_brand":[],"product_cat":[727,721,726,720],"product_tag":[],"class_list":{"0":"post-63460","1":"product","2":"type-product","3":"status-publish","4":"has-post-thumbnail","6":"product_cat-accessories-varibox-sc-1000-pl","7":"product_cat-accessories-varibox-sc-800-pl","8":"product_cat-varibox-sc-1000-pl","9":"product_cat-varibox-sc-800-pl","10":"product_shipping_class-montoir","11":"pa_packaging-unit-100-pl","13":"first","14":"instock","15":"taxable","16":"shipping-taxable","17":"purchasable","18":"product-type-simple"},"featured_image_urls_v2":{"full":["https:\/\/varibox.best4u.dev\/wp-content\/uploads\/2022\/08\/D38a.png",600,400,false],"thumbnail":["https:\/\/varibox.best4u.dev\/wp-content\/uploads\/2022\/08\/D38a.png",256,171,false],"medium":["https:\/\/varibox.best4u.dev\/wp-content\/uploads\/2022\/08\/D38a.png",512,341,false],"medium_large":["https:\/\/varibox.best4u.dev\/wp-content\/uploads\/2022\/08\/D38a.png",600,400,false],"large":["https:\/\/varibox.best4u.dev\/wp-content\/uploads\/2022\/08\/D38a.png",600,400,false],"1536x1536":["https:\/\/varibox.best4u.dev\/wp-content\/uploads\/2022\/08\/D38a.png",600,400,false],"2048x2048":["https:\/\/varibox.best4u.dev\/wp-content\/uploads\/2022\/08\/D38a.png",600,400,false],"woocommerce_archive_thumbnail":["https:\/\/varibox.best4u.dev\/wp-content\/uploads\/2022\/08\/D38a-270x180.png",270,180,true],"gform-image-choice-sm":["https:\/\/varibox.best4u.dev\/wp-content\/uploads\/2022\/08\/D38a.png",300,200,false],"gform-image-choice-md":["https:\/\/varibox.best4u.dev\/wp-content\/uploads\/2022\/08\/D38a.png",400,267,false],"gform-image-choice-lg":["https:\/\/varibox.best4u.dev\/wp-content\/uploads\/2022\/08\/D38a.png",600,400,false],"woocommerce_thumbnail":["https:\/\/varibox.best4u.dev\/wp-content\/uploads\/2022\/08\/D38a.png",270,180,false],"woocommerce_single":["https:\/\/varibox.best4u.dev\/wp-content\/uploads\/2022\/08\/D38a.png",600,400,false],"woocommerce_gallery_thumbnail":["https:\/\/varibox.best4u.dev\/wp-content\/uploads\/2022\/08\/D38a-100x100.png",100,100,true],"variation_swatches_image_size":["https:\/\/varibox.best4u.dev\/wp-content\/uploads\/2022\/08\/D38a.png",50,33,false],"variation_swatches_tooltip_size":["https:\/\/varibox.best4u.dev\/wp-content\/uploads\/2022\/08\/D38a.png",100,67,false]},"post_excerpt_stackable_v2":"<p>Nadci\u015bnieniowy zaw\u00f3r odpowietrzaj\u0105cy VARIBOX to membrana umieszczona w zakr\u0119tce pojemnik\u00f3w IBC VARIBOX.<\/p>\n","category_list_v2":"","author_info_v2":{"name":"","url":""},"comments_num_v2":"0 comments","acf":[],"_links":{"self":[{"href":"https:\/\/varibox.best4u.dev\/pl\/wp-json\/wp\/v2\/product\/63460","targetHints":{"allow":["GET"]}}],"collection":[{"href":"https:\/\/varibox.best4u.dev\/pl\/wp-json\/wp\/v2\/product"}],"about":[{"href":"https:\/\/varibox.best4u.dev\/pl\/wp-json\/wp\/v2\/types\/product"}],"replies":[{"embeddable":true,"href":"https:\/\/varibox.best4u.dev\/pl\/wp-json\/wp\/v2\/comments?post=63460"}],"wp:featuredmedia":[{"embeddable":true,"href":"https:\/\/varibox.best4u.dev\/pl\/wp-json\/wp\/v2\/media\/63461"}],"wp:attachment":[{"href":"https:\/\/varibox.best4u.dev\/pl\/wp-json\/wp\/v2\/media?parent=63460"}],"wp:term":[{"taxonomy":"product_brand","embeddable":true,"href":"https:\/\/varibox.best4u.dev\/pl\/wp-json\/wp\/v2\/product_brand?post=63460"},{"taxonomy":"product_cat","embeddable":true,"href":"https:\/\/varibox.best4u.dev\/pl\/wp-json\/wp\/v2\/product_cat?post=63460"},{"taxonomy":"product_tag","embeddable":true,"href":"https:\/\/varibox.best4u.dev\/pl\/wp-json\/wp\/v2\/product_tag?post=63460"}],"curies":[{"name":"wp","href":"https:\/\/api.w.org\/{rel}","templated":true}]}}