{"id":63445,"date":"2024-04-08T13:23:38","date_gmt":"2024-04-08T11:23:38","guid":{"rendered":"https:\/\/varibox.best4u.dev\/product\/set-of-4-varibox-sc-1000-stacking-pipes\/"},"modified":"2025-07-17T10:31:09","modified_gmt":"2025-07-17T08:31:09","slug":"set-of-4-varibox-sc-1000-stacking-pipes","status":"publish","type":"product","link":"https:\/\/varibox.best4u.dev\/pl\/produkt\/set-of-4-varibox-sc-1000-stacking-pipes\/","title":{"rendered":"Zestaw 4 rur do uk\u0142adania w stosy VARIBOX SC 1000"},"content":{"rendered":"<p>Rury do uk\u0142adania w stosy VARIBOX SC 1000 zapewniaj\u0105 bezpieczne uk\u0142adanie w stosy ka\u017cdego pojemnika IBC. Rury do uk\u0142adania w stosy VARIBOX SC 1000 s\u0105 wykonane ze stali ocynkowanej. Dno rury do uk\u0142adania w stosy jest zamkni\u0119te za pomoc\u0105 za\u015blepki wykonanej z PE. Ka\u017cdy VARIBOX SC 1000 posiada 4 rury do uk\u0142adania w stosy, kt\u00f3re s\u0105 umieszczone w ka\u017cdym rogu i zakryte czarn\u0105 za\u015blepk\u0105. Rury te stanowi\u0105 dodatkowe zabezpieczenie, gwarantuj\u0105ce bezpieczne uk\u0142adanie w stosy zar\u00f3wno przez dystrybutora, jak i u\u017cytkownik\u00f3w pojemnik\u00f3w do transportu luzem (IBC).<\/p>\n","protected":false},"excerpt":{"rendered":"<p>Rura do uk\u0142adania w stosy VARIBOX SC 1000 zapewnia bezpieczne uk\u0142adanie w stosy ka\u017cdego pojemnika IBC.<\/p>\n","protected":false},"featured_media":63446,"comment_status":"closed","ping_status":"closed","template":"","meta":{"_acf_changed":false},"product_brand":[],"product_cat":[729,726],"product_tag":[],"class_list":{"0":"post-63445","1":"product","2":"type-product","3":"status-publish","4":"has-post-thumbnail","6":"product_cat-metal-bars-varibox-sc-1000-pl","7":"product_cat-varibox-sc-1000-pl","8":"product_shipping_class-montoir","9":"pa_packaging-unit-4-pl","11":"first","12":"instock","13":"taxable","14":"shipping-taxable","15":"purchasable","16":"product-type-simple"},"featured_image_urls_v2":{"full":["https:\/\/varibox.best4u.dev\/wp-content\/uploads\/2022\/08\/stackc.png",600,400,false],"thumbnail":["https:\/\/varibox.best4u.dev\/wp-content\/uploads\/2022\/08\/stackc-256x256.png",256,256,true],"medium":["https:\/\/varibox.best4u.dev\/wp-content\/uploads\/2022\/08\/stackc-512x341.png",512,341,true],"medium_large":["https:\/\/varibox.best4u.dev\/wp-content\/uploads\/2022\/08\/stackc.png",600,400,false],"large":["https:\/\/varibox.best4u.dev\/wp-content\/uploads\/2022\/08\/stackc.png",600,400,false],"1536x1536":["https:\/\/varibox.best4u.dev\/wp-content\/uploads\/2022\/08\/stackc.png",600,400,false],"2048x2048":["https:\/\/varibox.best4u.dev\/wp-content\/uploads\/2022\/08\/stackc.png",600,400,false],"woocommerce_archive_thumbnail":["https:\/\/varibox.best4u.dev\/wp-content\/uploads\/2022\/08\/stackc-270x180.png",270,180,true],"gform-image-choice-sm":["https:\/\/varibox.best4u.dev\/wp-content\/uploads\/2022\/08\/stackc.png",300,200,false],"gform-image-choice-md":["https:\/\/varibox.best4u.dev\/wp-content\/uploads\/2022\/08\/stackc.png",400,267,false],"gform-image-choice-lg":["https:\/\/varibox.best4u.dev\/wp-content\/uploads\/2022\/08\/stackc.png",600,400,false],"woocommerce_thumbnail":["https:\/\/varibox.best4u.dev\/wp-content\/uploads\/2022\/08\/stackc-270x180.png",270,180,true],"woocommerce_single":["https:\/\/varibox.best4u.dev\/wp-content\/uploads\/2022\/08\/stackc.png",600,400,false],"woocommerce_gallery_thumbnail":["https:\/\/varibox.best4u.dev\/wp-content\/uploads\/2022\/08\/stackc-100x100.png",100,100,true],"variation_swatches_image_size":["https:\/\/varibox.best4u.dev\/wp-content\/uploads\/2022\/08\/stackc-50x50.png",50,50,true],"variation_swatches_tooltip_size":["https:\/\/varibox.best4u.dev\/wp-content\/uploads\/2022\/08\/stackc-100x100.png",100,100,true]},"post_excerpt_stackable_v2":"<p>Rura do uk\u0142adania w stosy VARIBOX SC 1000 zapewnia bezpieczne uk\u0142adanie w stosy ka\u017cdego pojemnika IBC.<\/p>\n","category_list_v2":"","author_info_v2":{"name":"","url":""},"comments_num_v2":"0 comments","acf":[],"_links":{"self":[{"href":"https:\/\/varibox.best4u.dev\/pl\/wp-json\/wp\/v2\/product\/63445","targetHints":{"allow":["GET"]}}],"collection":[{"href":"https:\/\/varibox.best4u.dev\/pl\/wp-json\/wp\/v2\/product"}],"about":[{"href":"https:\/\/varibox.best4u.dev\/pl\/wp-json\/wp\/v2\/types\/product"}],"replies":[{"embeddable":true,"href":"https:\/\/varibox.best4u.dev\/pl\/wp-json\/wp\/v2\/comments?post=63445"}],"wp:featuredmedia":[{"embeddable":true,"href":"https:\/\/varibox.best4u.dev\/pl\/wp-json\/wp\/v2\/media\/63446"}],"wp:attachment":[{"href":"https:\/\/varibox.best4u.dev\/pl\/wp-json\/wp\/v2\/media?parent=63445"}],"wp:term":[{"taxonomy":"product_brand","embeddable":true,"href":"https:\/\/varibox.best4u.dev\/pl\/wp-json\/wp\/v2\/product_brand?post=63445"},{"taxonomy":"product_cat","embeddable":true,"href":"https:\/\/varibox.best4u.dev\/pl\/wp-json\/wp\/v2\/product_cat?post=63445"},{"taxonomy":"product_tag","embeddable":true,"href":"https:\/\/varibox.best4u.dev\/pl\/wp-json\/wp\/v2\/product_tag?post=63445"}],"curies":[{"name":"wp","href":"https:\/\/api.w.org\/{rel}","templated":true}]}}