{"id":63441,"date":"2024-04-08T13:23:38","date_gmt":"2024-04-08T11:23:38","guid":{"rendered":"https:\/\/varibox.best4u.dev\/product\/set-of-8-varibox-sc-800-wall-reinforcement-bars\/"},"modified":"2025-07-17T10:31:31","modified_gmt":"2025-07-17T08:31:31","slug":"set-of-8-varibox-sc-800-wall-reinforcement-bars","status":"publish","type":"product","link":"https:\/\/varibox.best4u.dev\/pl\/produkt\/set-of-8-varibox-sc-800-wall-reinforcement-bars\/","title":{"rendered":"Zestaw 8 pr\u0119t\u00f3w wzmacniaj\u0105cych \u015bciany VARIBOX SC 800"},"content":{"rendered":"<p>Wzmocnienie \u015bcianki VARIBOX SC 800 to ocynkowana metalowa listwa zabezpieczaj\u0105ca, kt\u00f3ra zapewnia bezpiecze\u0144stwo konstrukcji VARIBOX. Jak wspomniano wcze\u015bniej, listwy wzmacniaj\u0105ce \u015bcianki s\u0105 wykonane z ocynkowanego metalu. Kolor tych listew to srebrny. Ka\u017cdy VARIBOX posiada 8 listew wzmacniaj\u0105cych.<\/p>\n","protected":false},"excerpt":{"rendered":"<p>Wzmocnienie \u015bcianki VARIBOX SC 800 to ocynkowana metalowa listwa zabezpieczaj\u0105ca, kt\u00f3ra zapewnia bezpiecze\u0144stwo konstrukcji VARIBOX.<\/p>\n","protected":false},"featured_media":63442,"comment_status":"closed","ping_status":"closed","template":"","meta":{"_acf_changed":false},"product_brand":[],"product_cat":[723,720],"product_tag":[],"class_list":{"0":"post-63441","1":"product","2":"type-product","3":"status-publish","4":"has-post-thumbnail","6":"product_cat-metal-bars-varibox-sc-800-pl","7":"product_cat-varibox-sc-800-pl","8":"product_shipping_class-montoir","9":"pa_packaging-unit-8-pl","11":"first","12":"instock","13":"taxable","14":"shipping-taxable","15":"purchasable","16":"product-type-simple"},"featured_image_urls_v2":{"full":["https:\/\/varibox.best4u.dev\/wp-content\/uploads\/2022\/08\/barsa-2.png",600,400,false],"thumbnail":["https:\/\/varibox.best4u.dev\/wp-content\/uploads\/2022\/08\/barsa-2-256x256.png",256,256,true],"medium":["https:\/\/varibox.best4u.dev\/wp-content\/uploads\/2022\/08\/barsa-2-512x341.png",512,341,true],"medium_large":["https:\/\/varibox.best4u.dev\/wp-content\/uploads\/2022\/08\/barsa-2.png",600,400,false],"large":["https:\/\/varibox.best4u.dev\/wp-content\/uploads\/2022\/08\/barsa-2.png",600,400,false],"1536x1536":["https:\/\/varibox.best4u.dev\/wp-content\/uploads\/2022\/08\/barsa-2.png",600,400,false],"2048x2048":["https:\/\/varibox.best4u.dev\/wp-content\/uploads\/2022\/08\/barsa-2.png",600,400,false],"woocommerce_archive_thumbnail":["https:\/\/varibox.best4u.dev\/wp-content\/uploads\/2022\/08\/barsa-2-270x180.png",270,180,true],"gform-image-choice-sm":["https:\/\/varibox.best4u.dev\/wp-content\/uploads\/2022\/08\/barsa-2.png",300,200,false],"gform-image-choice-md":["https:\/\/varibox.best4u.dev\/wp-content\/uploads\/2022\/08\/barsa-2.png",400,267,false],"gform-image-choice-lg":["https:\/\/varibox.best4u.dev\/wp-content\/uploads\/2022\/08\/barsa-2.png",600,400,false],"woocommerce_thumbnail":["https:\/\/varibox.best4u.dev\/wp-content\/uploads\/2022\/08\/barsa-2-270x180.png",270,180,true],"woocommerce_single":["https:\/\/varibox.best4u.dev\/wp-content\/uploads\/2022\/08\/barsa-2.png",600,400,false],"woocommerce_gallery_thumbnail":["https:\/\/varibox.best4u.dev\/wp-content\/uploads\/2022\/08\/barsa-2-100x100.png",100,100,true],"variation_swatches_image_size":["https:\/\/varibox.best4u.dev\/wp-content\/uploads\/2022\/08\/barsa-2-50x50.png",50,50,true],"variation_swatches_tooltip_size":["https:\/\/varibox.best4u.dev\/wp-content\/uploads\/2022\/08\/barsa-2-100x100.png",100,100,true]},"post_excerpt_stackable_v2":"<p>Wzmocnienie \u015bcianki VARIBOX SC 800 to ocynkowana metalowa listwa zabezpieczaj\u0105ca, kt\u00f3ra zapewnia bezpiecze\u0144stwo konstrukcji VARIBOX.<\/p>\n","category_list_v2":"","author_info_v2":{"name":"","url":""},"comments_num_v2":"0 comments","acf":[],"_links":{"self":[{"href":"https:\/\/varibox.best4u.dev\/pl\/wp-json\/wp\/v2\/product\/63441","targetHints":{"allow":["GET"]}}],"collection":[{"href":"https:\/\/varibox.best4u.dev\/pl\/wp-json\/wp\/v2\/product"}],"about":[{"href":"https:\/\/varibox.best4u.dev\/pl\/wp-json\/wp\/v2\/types\/product"}],"replies":[{"embeddable":true,"href":"https:\/\/varibox.best4u.dev\/pl\/wp-json\/wp\/v2\/comments?post=63441"}],"wp:featuredmedia":[{"embeddable":true,"href":"https:\/\/varibox.best4u.dev\/pl\/wp-json\/wp\/v2\/media\/63442"}],"wp:attachment":[{"href":"https:\/\/varibox.best4u.dev\/pl\/wp-json\/wp\/v2\/media?parent=63441"}],"wp:term":[{"taxonomy":"product_brand","embeddable":true,"href":"https:\/\/varibox.best4u.dev\/pl\/wp-json\/wp\/v2\/product_brand?post=63441"},{"taxonomy":"product_cat","embeddable":true,"href":"https:\/\/varibox.best4u.dev\/pl\/wp-json\/wp\/v2\/product_cat?post=63441"},{"taxonomy":"product_tag","embeddable":true,"href":"https:\/\/varibox.best4u.dev\/pl\/wp-json\/wp\/v2\/product_tag?post=63441"}],"curies":[{"name":"wp","href":"https:\/\/api.w.org\/{rel}","templated":true}]}}