{"id":63438,"date":"2024-06-14T09:44:22","date_gmt":"2024-06-14T07:44:22","guid":{"rendered":"https:\/\/varibox.best4u.dev\/product\/varibox-safeline-adapter-for-torque-wrench\/"},"modified":"2026-01-21T15:34:33","modified_gmt":"2026-01-21T14:34:33","slug":"varibox-safeline-adapter-for-torque-wrench","status":"publish","type":"product","link":"https:\/\/varibox.best4u.dev\/pl\/produkt\/varibox-safeline-adapter-for-torque-wrench\/","title":{"rendered":"Adapter VARIBOX Safeline do klucza dynamometrycznego"},"content":{"rendered":"<p>Ciesz si\u0119 bezpiecze\u0144stwem dzi\u0119ki adapterowi VARIBOX Safeline do klucza dynamometrycznego 3\/8&#8243;. Zaprojektowany zgodnie z najwy\u017cszymi standardami, ten adapter jest niezb\u0119dny dla profesjonalist\u00f3w. Wykonany z wysokiej jako\u015bci materia\u0142\u00f3w, gwarantuje d\u0142ugotrwa\u0142e u\u017cytkowanie. Bezpiecze\u0144stwo jest najwa\u017cniejsze, a adapter VARIBOX Safeline wyr\u00f3\u017cnia si\u0119 pod tym wzgl\u0119dem. Bezpieczny mechanizm blokuj\u0105cy zapewnia dodatkow\u0105 ochron\u0119, zapobiegaj\u0105c przypadkowym po\u015blizgom lub od\u0142\u0105czeniu podczas wykonywania zada\u0144.<\/p>\n","protected":false},"excerpt":{"rendered":"<p>Ciesz si\u0119 bezpiecze\u0144stwem dzi\u0119ki adapterowi VARIBOX Safeline do klucza dynamometrycznego 3\/8&#8243;. Zaprojektowany zgodnie z najwy\u017cszymi standardami, ten adapter jest niezb\u0119dny dla profesjonalist\u00f3w.<\/p>\n","protected":false},"featured_media":63440,"comment_status":"closed","ping_status":"closed","template":"","meta":{"_acf_changed":false},"product_brand":[],"product_cat":[697,713,706,696,695,716,690,702,735,565,712,699],"product_tag":[],"class_list":{"0":"post-63438","1":"product","2":"type-product","3":"status-publish","4":"has-post-thumbnail","6":"product_cat-accessories-varibox-fc-800-pl","7":"product_cat-accessories-pl","8":"product_cat-accessories-varibox-cc-250-pl","9":"product_cat-accessories-varibox-drumtainer-pl","10":"product_cat-varibox-drumtainer-pl","11":"product_cat-extractor-tubes-pl","12":"product_cat-extractor-tubes-varibox-cc-250-pl","13":"product_cat-extractor-tubes-varibox-drumtainer-2-pl","14":"product_cat-extractor-tubes-varibox-fc-800-pl","15":"product_cat-varibox-cc-250-pl","16":"product_cat-varibox-fc-1000-pl","17":"product_cat-varibox-fc-800-pl","18":"product_shipping_class-deventer-en","19":"pa_packaging-unit-1-pl","21":"first","22":"instock","23":"taxable","24":"shipping-taxable","25":"purchasable","26":"product-type-simple"},"featured_image_urls_v2":{"full":["https:\/\/varibox.best4u.dev\/wp-content\/uploads\/2024\/06\/Tool-top.png",6000,4000,false],"thumbnail":["https:\/\/varibox.best4u.dev\/wp-content\/uploads\/2024\/06\/Tool-top-256x256.png",256,256,true],"medium":["https:\/\/varibox.best4u.dev\/wp-content\/uploads\/2024\/06\/Tool-top-512x341.png",512,341,true],"medium_large":["https:\/\/varibox.best4u.dev\/wp-content\/uploads\/2024\/06\/Tool-top-768x512.png",768,512,true],"large":["https:\/\/varibox.best4u.dev\/wp-content\/uploads\/2024\/06\/Tool-top-1024x683.png",1024,683,true],"1536x1536":["https:\/\/varibox.best4u.dev\/wp-content\/uploads\/2024\/06\/Tool-top-1536x1024.png",1536,1024,true],"2048x2048":["https:\/\/varibox.best4u.dev\/wp-content\/uploads\/2024\/06\/Tool-top-2048x1365.png",2048,1365,true],"woocommerce_archive_thumbnail":["https:\/\/varibox.best4u.dev\/wp-content\/uploads\/2024\/06\/Tool-top-270x180.png",270,180,true],"gform-image-choice-sm":["https:\/\/varibox.best4u.dev\/wp-content\/uploads\/2024\/06\/Tool-top.png",300,200,false],"gform-image-choice-md":["https:\/\/varibox.best4u.dev\/wp-content\/uploads\/2024\/06\/Tool-top.png",400,267,false],"gform-image-choice-lg":["https:\/\/varibox.best4u.dev\/wp-content\/uploads\/2024\/06\/Tool-top.png",600,400,false],"woocommerce_thumbnail":["https:\/\/varibox.best4u.dev\/wp-content\/uploads\/2024\/06\/Tool-top-270x180.png",270,180,true],"woocommerce_single":["https:\/\/varibox.best4u.dev\/wp-content\/uploads\/2024\/06\/Tool-top-1200x800.png",1200,800,true],"woocommerce_gallery_thumbnail":["https:\/\/varibox.best4u.dev\/wp-content\/uploads\/2024\/06\/Tool-top-100x100.png",100,100,true],"variation_swatches_image_size":["https:\/\/varibox.best4u.dev\/wp-content\/uploads\/2024\/06\/Tool-top-50x50.png",50,50,true],"variation_swatches_tooltip_size":["https:\/\/varibox.best4u.dev\/wp-content\/uploads\/2024\/06\/Tool-top-100x100.png",100,100,true]},"post_excerpt_stackable_v2":"<p>Ciesz si\u0119 bezpiecze\u0144stwem dzi\u0119ki adapterowi VARIBOX Safeline do klucza dynamometrycznego 3\/8&#8243;. Zaprojektowany zgodnie z najwy\u017cszymi standardami, ten adapter jest niezb\u0119dny dla profesjonalist\u00f3w.<\/p>\n","category_list_v2":"","author_info_v2":{"name":"","url":""},"comments_num_v2":"0 comments","acf":[],"_links":{"self":[{"href":"https:\/\/varibox.best4u.dev\/pl\/wp-json\/wp\/v2\/product\/63438","targetHints":{"allow":["GET"]}}],"collection":[{"href":"https:\/\/varibox.best4u.dev\/pl\/wp-json\/wp\/v2\/product"}],"about":[{"href":"https:\/\/varibox.best4u.dev\/pl\/wp-json\/wp\/v2\/types\/product"}],"replies":[{"embeddable":true,"href":"https:\/\/varibox.best4u.dev\/pl\/wp-json\/wp\/v2\/comments?post=63438"}],"wp:featuredmedia":[{"embeddable":true,"href":"https:\/\/varibox.best4u.dev\/pl\/wp-json\/wp\/v2\/media\/63440"}],"wp:attachment":[{"href":"https:\/\/varibox.best4u.dev\/pl\/wp-json\/wp\/v2\/media?parent=63438"}],"wp:term":[{"taxonomy":"product_brand","embeddable":true,"href":"https:\/\/varibox.best4u.dev\/pl\/wp-json\/wp\/v2\/product_brand?post=63438"},{"taxonomy":"product_cat","embeddable":true,"href":"https:\/\/varibox.best4u.dev\/pl\/wp-json\/wp\/v2\/product_cat?post=63438"},{"taxonomy":"product_tag","embeddable":true,"href":"https:\/\/varibox.best4u.dev\/pl\/wp-json\/wp\/v2\/product_tag?post=63438"}],"curies":[{"name":"wp","href":"https:\/\/api.w.org\/{rel}","templated":true}]}}