{"id":63050,"date":"2024-11-19T15:34:47","date_gmt":"2024-11-19T14:34:47","guid":{"rendered":"https:\/\/varibox.best4u.dev\/product\/drumtainer\/"},"modified":"2025-09-01T11:43:42","modified_gmt":"2025-09-01T09:43:42","slug":"drumtainer","status":"publish","type":"product","link":"https:\/\/varibox.best4u.dev\/pl\/produkt\/drumtainer\/","title":{"rendered":"Drumtainer"},"content":{"rendered":"<p>VARIBOX Drumtainer to mobilna taca ociekowa do beczek o pojemno\u015bci 200 litr\u00f3w. Drumtainer zosta\u0142 specjalnie zaprojektowany do bezpiecznego i ergonomicznego transportu beczek. Wbudowane w Drumtainer zabezpieczenie przed rozlaniem eliminuje potrzeb\u0119 stosowania oddzielnej tacy ociekowej: Drumtainer mo\u017cna umie\u015bci\u0107 w dowolnym miejscu. Nie trzeba ju\u017c podnosi\u0107 ci\u0119\u017ckiego b\u0119bna do obowi\u0105zkowej tacy ociekowej.<\/p>\n<p><strong>Specjalnie zaprojektowany do \u0142atwego i wydajnego transportu<br \/>\n<\/strong>Drumtainer jest Overpack w rozumieniu ADR i posiada zatwierdzenie DIBt. Drumtainer spe\u0142nia krajowe i mi\u0119dzynarodowe przepisy dotycz\u0105ce przechowywania i transportu, takie jak ADR. Ale to nie wszystko. Na miejscu Drumtainer mo\u017ce by\u0107 przemieszczany za pomoc\u0105 w\u00f3zka wid\u0142owego, w\u00f3zka paletowego i r\u0119cznie. Du\u017ce ko\u0142a i solidne uchwyty u\u0142atwiaj\u0105 przemieszczanie Drumtainera we w\u0142a\u015bciwe miejsce. Pod\u0142\u0105cz, gotowe, start.<\/p>\n<p><strong>Dla \u015brodowiska<br \/>\n<\/strong>B\u0119ben w urz\u0105dzeniu Drumtainer jest lekko przechylony, co umo\u017cliwia prawie ca\u0142kowite opr\u00f3\u017cnienie. Zmniejsza to obj\u0119to\u015b\u0107 resztkow\u0105 w b\u0119bnie, zmniejsza ilo\u015b\u0107 odpad\u00f3w i u\u0142atwia czyszczenie. A wszystko to na powierzchni po\u0142owy palety. Niezale\u017cnie od tego, czy chodzi o detergenty, czy chemikalia &#8211; dzi\u0119ki Drumtainer mo\u017cesz pakowa\u0107 swoje produkty w najbardziej wydajny spos\u00f3b.<\/p>\n","protected":false},"excerpt":{"rendered":"<p>VARIBOX Drumtainer to mobilna taca ociekowa do beczek o pojemno\u015bci 200 litr\u00f3w. Drumtainer zosta\u0142 specjalnie zaprojektowany do bezpiecznego i ergonomicznego transportu beczek.<\/p>\n<p><strong>Dost\u0119pne tylko w wielokrotno\u015bciach 2<br \/>\n<\/strong><\/p>\n","protected":false},"featured_media":69307,"comment_status":"closed","ping_status":"closed","template":"","meta":{"_acf_changed":false},"product_brand":[],"product_cat":[703,695],"product_tag":[],"class_list":{"0":"post-63050","1":"product","2":"type-product","3":"status-publish","4":"has-post-thumbnail","6":"product_cat-drumtainer-pl-pl","7":"product_cat-varibox-drumtainer-pl","8":"product_shipping_class-deventer-en","10":"first","11":"instock","12":"taxable","13":"shipping-taxable","14":"purchasable","15":"product-type-variable"},"featured_image_urls_v2":{"full":["https:\/\/varibox.best4u.dev\/wp-content\/uploads\/2024\/11\/ADR-Drum-Container.jpg",1024,674,false],"thumbnail":["https:\/\/varibox.best4u.dev\/wp-content\/uploads\/2024\/11\/ADR-Drum-Container-256x256.jpg",256,256,true],"medium":["https:\/\/varibox.best4u.dev\/wp-content\/uploads\/2024\/11\/ADR-Drum-Container-512x337.jpg",512,337,true],"medium_large":["https:\/\/varibox.best4u.dev\/wp-content\/uploads\/2024\/11\/ADR-Drum-Container-768x506.jpg",768,506,true],"large":["https:\/\/varibox.best4u.dev\/wp-content\/uploads\/2024\/11\/ADR-Drum-Container.jpg",1024,674,false],"1536x1536":["https:\/\/varibox.best4u.dev\/wp-content\/uploads\/2024\/11\/ADR-Drum-Container.jpg",1024,674,false],"2048x2048":["https:\/\/varibox.best4u.dev\/wp-content\/uploads\/2024\/11\/ADR-Drum-Container.jpg",1024,674,false],"woocommerce_archive_thumbnail":["https:\/\/varibox.best4u.dev\/wp-content\/uploads\/2024\/11\/ADR-Drum-Container-270x178.jpg",270,178,true],"gform-image-choice-sm":["https:\/\/varibox.best4u.dev\/wp-content\/uploads\/2024\/11\/ADR-Drum-Container.jpg",300,197,false],"gform-image-choice-md":["https:\/\/varibox.best4u.dev\/wp-content\/uploads\/2024\/11\/ADR-Drum-Container.jpg",400,263,false],"gform-image-choice-lg":["https:\/\/varibox.best4u.dev\/wp-content\/uploads\/2024\/11\/ADR-Drum-Container.jpg",600,395,false],"woocommerce_thumbnail":["https:\/\/varibox.best4u.dev\/wp-content\/uploads\/2024\/11\/ADR-Drum-Container-270x178.jpg",270,178,true],"woocommerce_single":["https:\/\/varibox.best4u.dev\/wp-content\/uploads\/2024\/11\/ADR-Drum-Container.jpg",1024,674,false],"woocommerce_gallery_thumbnail":["https:\/\/varibox.best4u.dev\/wp-content\/uploads\/2024\/11\/ADR-Drum-Container-100x100.jpg",100,100,true],"variation_swatches_image_size":["https:\/\/varibox.best4u.dev\/wp-content\/uploads\/2024\/11\/ADR-Drum-Container-50x50.jpg",50,50,true],"variation_swatches_tooltip_size":["https:\/\/varibox.best4u.dev\/wp-content\/uploads\/2024\/11\/ADR-Drum-Container-100x100.jpg",100,100,true]},"post_excerpt_stackable_v2":"<p>VARIBOX Drumtainer to mobilna taca ociekowa do beczek o pojemno\u015bci 200 litr\u00f3w. Drumtainer zosta\u0142 specjalnie zaprojektowany do bezpiecznego i ergonomicznego transportu beczek.<\/p>\n<p><strong>Dost\u0119pne tylko w wielokrotno\u015bciach 2<br \/>\n<\/strong><\/p>\n","category_list_v2":"","author_info_v2":{"name":"","url":""},"comments_num_v2":"0 comments","acf":[],"_links":{"self":[{"href":"https:\/\/varibox.best4u.dev\/pl\/wp-json\/wp\/v2\/product\/63050","targetHints":{"allow":["GET"]}}],"collection":[{"href":"https:\/\/varibox.best4u.dev\/pl\/wp-json\/wp\/v2\/product"}],"about":[{"href":"https:\/\/varibox.best4u.dev\/pl\/wp-json\/wp\/v2\/types\/product"}],"replies":[{"embeddable":true,"href":"https:\/\/varibox.best4u.dev\/pl\/wp-json\/wp\/v2\/comments?post=63050"}],"wp:featuredmedia":[{"embeddable":true,"href":"https:\/\/varibox.best4u.dev\/pl\/wp-json\/wp\/v2\/media\/69307"}],"wp:attachment":[{"href":"https:\/\/varibox.best4u.dev\/pl\/wp-json\/wp\/v2\/media?parent=63050"}],"wp:term":[{"taxonomy":"product_brand","embeddable":true,"href":"https:\/\/varibox.best4u.dev\/pl\/wp-json\/wp\/v2\/product_brand?post=63050"},{"taxonomy":"product_cat","embeddable":true,"href":"https:\/\/varibox.best4u.dev\/pl\/wp-json\/wp\/v2\/product_cat?post=63050"},{"taxonomy":"product_tag","embeddable":true,"href":"https:\/\/varibox.best4u.dev\/pl\/wp-json\/wp\/v2\/product_tag?post=63050"}],"curies":[{"name":"wp","href":"https:\/\/api.w.org\/{rel}","templated":true}]}}