{"id":70712,"date":"2025-06-25T09:11:18","date_gmt":"2025-06-25T07:11:18","guid":{"rendered":"https:\/\/varibox.best4u.dev\/payment-conditions\/"},"modified":"2025-10-02T10:26:09","modified_gmt":"2025-10-02T08:26:09","slug":"polityka-platnosci","status":"publish","type":"page","link":"https:\/\/varibox.best4u.dev\/pl\/polityka-platnosci\/","title":{"rendered":"Polityka P\u0142atno\u015bci"},"content":{"rendered":"<div class=\"gb-container gb-container-f136fbdf\"><div class=\"gb-inside-container\">\n\n<h1 class=\"wp-block-heading\">Polityka P\u0142atno\u015bci<\/h1>\n\n\n\n<h2 class=\"wp-block-heading\">1. Og\u00f3lne Warunki P\u0142atno\u015bci<\/h2>\n\n\n\n<p>Wszystkie ceny w sklepie internetowym VARIBOX podawane s\u0105 w <strong>euro (\u20ac)<\/strong> i <strong>bez podatku VAT<\/strong>, chyba \u017ce zaznaczono inaczej. P\u0142atno\u015b\u0107 musi zosta\u0107 uregulowana w ca\u0142o\u015bci przed realizacj\u0105 i wysy\u0142k\u0105 zam\u00f3wienia, chyba \u017ce uzgodniono inaczej z VARIBOX.<\/p>\n\n\n\n<h2 class=\"wp-block-heading\">2. Akceptowane Metody P\u0142atno\u015bci<\/h2>\n\n\n\n<p>Oferujemy nast\u0119puj\u0105ce metody p\u0142atno\u015bci za po\u015brednictwem naszego operatora <strong>Mollie<\/strong>:<\/p>\n\n\n\n<ul class=\"wp-block-list\">\n<li><strong>iDEAL<\/strong> (dla klient\u00f3w z Holandii)<\/li>\n\n\n\n<li><strong>Karta kredytowa<\/strong> (wszystkie g\u0142\u00f3wne karty, w tym Visa, MasterCard i American Express)<\/li>\n<\/ul>\n\n\n\n<p><strong>Dla zweryfikowanych klient\u00f3w VARIBOX:<\/strong><\/p>\n\n\n\n<ul class=\"wp-block-list\">\n<li>Mo\u017cliwa jest p\u0142atno\u015b\u0107 przelewem z odroczonym terminem (na faktur\u0119), ale tylko po weryfikacji przez VARIBOX.<\/li>\n\n\n\n<li>Aktywacja p\u0142atno\u015bci na faktur\u0119 mo\u017ce by\u0107 dokonana wy\u0142\u0105cznie przez nas.<\/li>\n\n\n\n<li>W przypadku p\u0142atno\u015bci na faktur\u0119 obowi\u0105zuj\u0105 uzgodnione warunki p\u0142atno\u015bci, kt\u00f3re normalnie maj\u0105 zastosowanie przy zakupie produkt\u00f3w VARIBOX.<\/li>\n<\/ul>\n\n\n\n<p><strong>Dla klient\u00f3w niezweryfikowanych:<\/strong><\/p>\n\n\n\n<ul class=\"wp-block-list\">\n<li>Wymagana jest zawsze przedp\u0142ata. Zam\u00f3wienia b\u0119d\u0105 realizowane dopiero po zaksi\u0119gowaniu p\u0142atno\u015bci.<\/li>\n<\/ul>\n\n\n\n<h2 class=\"wp-block-heading\">3. Potwierdzenie Zam\u00f3wienia<\/h2>\n\n\n\n<p><strong>Kiedy otrzymam potwierdzenie zam\u00f3wienia?<\/strong><br>Automatyczne potwierdzenie zam\u00f3wienia otrzymasz przy ka\u017cdym zakupie w sklepie internetowym VARIBOX. Gdy zam\u00f3wienie zostanie przetworzone w naszym systemie, potwierdzenie zostanie wys\u0142ane na Tw\u00f3j adres e-mail.<\/p>\n\n\n\n<h2 class=\"wp-block-heading\">4. Terminy P\u0142atno\u015bci<\/h2>\n\n\n\n<ul class=\"wp-block-list\">\n<li>W przypadku p\u0142atno\u015bci iDEAL i kart\u0105 kredytow\u0105 p\u0142atno\u015b\u0107 pobierana jest natychmiast w momencie sk\u0142adania zam\u00f3wienia.<\/li>\n\n\n\n<li>W przypadku p\u0142atno\u015bci na faktur\u0119 obowi\u0105zuj\u0105 istniej\u0105ce warunki p\u0142atno\u015bci uzgodnione pomi\u0119dzy VARIBOX a klientem.<\/li>\n<\/ul>\n\n\n\n<h2 class=\"wp-block-heading\">5. Op\u0142aty Transakcyjne<\/h2>\n\n\n\n<ul class=\"wp-block-list\">\n<li>Wszelkie koszty transakcji s\u0105 przenoszone na klienta.<\/li>\n\n\n\n<li>W przypadku p\u0142atno\u015bci kart\u0105 kredytow\u0105 obowi\u0105zuj\u0105 dodatkowe op\u0142aty, kt\u00f3re s\u0105 zawsze wy\u015bwietlane podczas procesu zam\u00f3wienia przed finalizacj\u0105 p\u0142atno\u015bci.<\/li>\n<\/ul>\n\n\n\n<h2 class=\"wp-block-heading\">6. Bezpiecze\u0144stwo i Ochrona Danych<\/h2>\n\n\n\n<p>Wszystkie p\u0142atno\u015bci s\u0105 przetwarzane za po\u015brednictwem naszego operatora <strong>Mollie<\/strong>, kt\u00f3ry spe\u0142nia najwy\u017csze standardy bezpiecze\u0144stwa (PCI-DSS). Dane p\u0142atnicze s\u0105 szyfrowane protoko\u0142em SSL i nie s\u0105 przechowywane przez VARIBOX. Dane osobowe i p\u0142atnicze s\u0105 wykorzystywane wy\u0142\u0105cznie do realizacji zam\u00f3wienia i nie s\u0105 udost\u0119pniane osobom trzecim.<\/p>\n\n\n\n<p><strong>Oszustwa i Weryfikacja:<\/strong><br>Zastrzegamy sobie prawo do odrzucenia zam\u00f3wienia lub \u017c\u0105dania dodatkowej weryfikacji w przypadku podejrzenia oszustwa, nadu\u017cycia lub nieprawid\u0142owo\u015bci.<\/p>\n\n\n\n<h2 class=\"wp-block-heading\">7. VAT i Klienci Mi\u0119dzynarodowi<\/h2>\n\n\n\n<ul class=\"wp-block-list\">\n<li>Klienci z Holandii p\u0142ac\u0105 VAT za po\u015brednictwem <strong>Rotovia Deventer B.V. (21%)<\/strong>.<\/li>\n\n\n\n<li>Klienci z Francji p\u0142ac\u0105 VAT za po\u015brednictwem <strong>Rotovia France SAS (20%)<\/strong>.<\/li>\n\n\n\n<li>Klienci z innych kraj\u00f3w UE posiadaj\u0105cy wa\u017cny numer VAT mog\u0105 skorzysta\u0107 z mechanizmu odwrotnego obci\u0105\u017cenia (reverse charge). Jest to weryfikowane podczas procesu zam\u00f3wienia.<\/li>\n<\/ul>\n\n\n\n<h2 class=\"wp-block-heading\">8. Faktury<\/h2>\n\n\n\n<p>Po dokonaniu p\u0142atno\u015bci automatycznie otrzymasz <strong>faktur\u0119 e-mailem<\/strong>. Faktura zawiera wszystkie wymagane dane dotycz\u0105ce VAT i firmy. Je\u015bli masz specjalne wymagania dotycz\u0105ce faktury (np. numer PO), musz\u0105 one zosta\u0107 podane podczas procesu zam\u00f3wienia.<\/p>\n\n\n\n<p><strong>Co zrobi\u0107, je\u015bli moja faktura jest nieprawid\u0142owa?<\/strong><br>Je\u015bli Twoja faktura jest nieprawid\u0142owa, skontaktuj si\u0119 z naszym dzia\u0142em obs\u0142ugi klienta. Mo\u017cesz skorzysta\u0107 z formularza na stronie kontaktowej. Skontaktujemy si\u0119 z Tob\u0105 jak najszybciej w celu rozwi\u0105zania problemu.<\/p>\n\n\n\n<h2 class=\"wp-block-heading\">9. Zwroty i Anulacje<\/h2>\n\n\n\n<ul class=\"wp-block-list\">\n<li>Anulowanie jest mo\u017cliwe tylko wtedy, gdy zam\u00f3wienie nie zosta\u0142o jeszcze wys\u0142ane.<\/li>\n\n\n\n<li>W przypadku zwrotu pieni\u0119dzy (np. w przypadku zwrot\u00f3w lub anulacji) zwrot nast\u0105pi za pomoc\u0105 tej samej metody p\u0142atno\u015bci, kt\u00f3rej u\u017cyto przy zam\u00f3wieniu, chyba \u017ce uzgodniono inaczej.<\/li>\n\n\n\n<li>Zwroty s\u0105 realizowane w ci\u0105gu <strong>30 dni<\/strong>.<\/li>\n<\/ul>\n\n\n\n<h2 class=\"wp-block-heading\">10. Kontakt<\/h2>\n\n\n\n<p>W przypadku pyta\u0144 dotycz\u0105cych p\u0142atno\u015bci lub fakturowania prosimy o kontakt z naszym dzia\u0142em obs\u0142ugi klienta:<br><strong>E-mail:<\/strong> <a>info@varibox-ibc.com<\/a><br><strong>Telefon:<\/strong> +31 570 660 711<\/p>\n\n\n\n<hr class=\"wp-block-separator has-alpha-channel-opacity\"\/>\n\n\n\n<p><em>Ostatnia aktualizacja: 2 pa\u017adziernika 2025<\/em><\/p>\n\n<\/div><\/div>","protected":false},"excerpt":{"rendered":"<p>Polityka P\u0142atno\u015bci 1. Og\u00f3lne Warunki P\u0142atno\u015bci Wszystkie ceny w sklepie internetowym VARIBOX podawane s\u0105 w euro (\u20ac) i bez podatku VAT, chyba \u017ce zaznaczono inaczej. P\u0142atno\u015b\u0107 musi zosta\u0107 uregulowana w ca\u0142o\u015bci przed realizacj\u0105 i wysy\u0142k\u0105 zam\u00f3wienia, chyba \u017ce uzgodniono inaczej z VARIBOX. 2. Akceptowane Metody P\u0142atno\u015bci Oferujemy nast\u0119puj\u0105ce metody p\u0142atno\u015bci za po\u015brednictwem naszego operatora Mollie: [&hellip;]<\/p>\n","protected":false},"author":1,"featured_media":0,"parent":0,"menu_order":0,"comment_status":"closed","ping_status":"closed","template":"","meta":{"_acf_changed":false,"footnotes":""},"class_list":["post-70712","page","type-page","status-publish","hentry"],"blocksy_meta":[],"featured_image_urls_v2":{"full":"","thumbnail":"","medium":"","medium_large":"","large":"","1536x1536":"","2048x2048":"","woocommerce_archive_thumbnail":"","gform-image-choice-sm":"","gform-image-choice-md":"","gform-image-choice-lg":"","woocommerce_thumbnail":"","woocommerce_single":"","woocommerce_gallery_thumbnail":"","variation_swatches_image_size":"","variation_swatches_tooltip_size":""},"post_excerpt_stackable_v2":"<p>Polityka P\u0142atno\u015bci 1. Og\u00f3lne Warunki P\u0142atno\u015bci Wszystkie ceny w sklepie internetowym VARIBOX podawane s\u0105 w euro (\u20ac) i bez podatku VAT, chyba \u017ce zaznaczono inaczej. P\u0142atno\u015b\u0107 musi zosta\u0107 uregulowana w ca\u0142o\u015bci przed realizacj\u0105 i wysy\u0142k\u0105 zam\u00f3wienia, chyba \u017ce uzgodniono inaczej z VARIBOX. 2. Akceptowane Metody P\u0142atno\u015bci Oferujemy nast\u0119puj\u0105ce metody p\u0142atno\u015bci za po\u015brednictwem naszego operatora Mollie: iDEAL (dla klient\u00f3w z Holandii) Karta kredytowa (wszystkie g\u0142\u00f3wne karty, w tym Visa, MasterCard i American Express) Dla zweryfikowanych klient\u00f3w VARIBOX: Mo\u017cliwa jest p\u0142atno\u015b\u0107 przelewem z odroczonym terminem (na faktur\u0119), ale tylko po weryfikacji przez VARIBOX. Aktywacja p\u0142atno\u015bci na faktur\u0119 mo\u017ce by\u0107 dokonana wy\u0142\u0105cznie przez&hellip;<\/p>\n","category_list_v2":"","author_info_v2":{"name":"Best4u","url":"https:\/\/varibox.best4u.dev\/pl\/author\/best4u\/"},"comments_num_v2":"0 comments","acf":[],"_links":{"self":[{"href":"https:\/\/varibox.best4u.dev\/pl\/wp-json\/wp\/v2\/pages\/70712","targetHints":{"allow":["GET"]}}],"collection":[{"href":"https:\/\/varibox.best4u.dev\/pl\/wp-json\/wp\/v2\/pages"}],"about":[{"href":"https:\/\/varibox.best4u.dev\/pl\/wp-json\/wp\/v2\/types\/page"}],"author":[{"embeddable":true,"href":"https:\/\/varibox.best4u.dev\/pl\/wp-json\/wp\/v2\/users\/1"}],"replies":[{"embeddable":true,"href":"https:\/\/varibox.best4u.dev\/pl\/wp-json\/wp\/v2\/comments?post=70712"}],"version-history":[{"count":3,"href":"https:\/\/varibox.best4u.dev\/pl\/wp-json\/wp\/v2\/pages\/70712\/revisions"}],"predecessor-version":[{"id":70718,"href":"https:\/\/varibox.best4u.dev\/pl\/wp-json\/wp\/v2\/pages\/70712\/revisions\/70718"}],"wp:attachment":[{"href":"https:\/\/varibox.best4u.dev\/pl\/wp-json\/wp\/v2\/media?parent=70712"}],"curies":[{"name":"wp","href":"https:\/\/api.w.org\/{rel}","templated":true}]}}