{"id":70699,"date":"2025-06-25T09:08:42","date_gmt":"2025-06-25T07:08:42","guid":{"rendered":"https:\/\/varibox.best4u.dev\/warranty-conditions\/"},"modified":"2025-10-01T15:33:08","modified_gmt":"2025-10-01T13:33:08","slug":"warunki-gwarancji","status":"publish","type":"page","link":"https:\/\/varibox.best4u.dev\/pl\/warunki-gwarancji\/","title":{"rendered":"Warunki gwarancji"},"content":{"rendered":"\n<h1 class=\"wp-block-heading\">Warunki gwarancji<\/h1>\n\n\n\n<p><strong>Jakie warunki gwarancji maj\u0105 zastosowanie do zakup\u00f3w w sklepie internetowym VARIBOX?<\/strong><br>Wszystkie zakupy dokonane w sklepie internetowym VARIBOX podlegaj\u0105 og\u00f3lnym warunkom Rotovia Deventer bv oraz Rotovia France SAS.<\/p>\n\n\n\n<p><strong>Gwarancja i okres przydatno\u015bci do u\u017cycia<\/strong><br>Zdajemy sobie spraw\u0119, \u017ce zapewnienie bezwarunkowej gwarancji i okresu przydatno\u015bci komponent\u00f3w VARIBOX jest trudne ze wzgl\u0119du na liczne czynniki, kt\u00f3re pozostaj\u0105 poza nasz\u0105 kontrol\u0105. Czynniki te obejmuj\u0105 mi\u0119dzy innymi: obs\u0142ug\u0119, transport, nape\u0142nianie, przechowywanie oraz u\u017cytkowanie VARIBOX. Ponadto kryteria akceptacji i postrzeganie producent\u00f3w, nape\u0142niaczy i u\u017cytkownik\u00f3w mog\u0105 si\u0119 znacznie r\u00f3\u017cni\u0107. Dodatkowo, charakter produktu nape\u0142niaj\u0105cego mo\u017ce w istotny spos\u00f3b wp\u0142ywa\u0107 na \u017cywotno\u015b\u0107 komponent\u00f3w VARIBOX.<\/p>\n\n\n\n<p><strong>Okres przydatno\u015bci komponent\u00f3w VARIBOX<\/strong><\/p>\n\n\n\n<ul class=\"wp-block-list\">\n<li>VARIBOX Safeline Performance \u2013 rury ekstrakcyjne<\/li>\n\n\n\n<li>VARIBOX Safeline Precision \u2013 rury ekstrakcyjne<\/li>\n\n\n\n<li>VARIBOX Safeline Food \u2013 rury ekstrakcyjne<\/li>\n\n\n\n<li>VARIBOX Safeline \u2013 z\u0142\u0105cza przeciwstawne<\/li>\n\n\n\n<li>Rura ekstrakcyjna NS4<\/li>\n\n\n\n<li>Rury ekstrakcyjne CDS<\/li>\n\n\n\n<li>Zawory nadci\u015bnieniowe<\/li>\n\n\n\n<li>Nakr\u0119tki VARIBOX<\/li>\n\n\n\n<li>Czujniki poziomu<\/li>\n\n\n\n<li>Z\u0142\u0105cza przeciwstawne<\/li>\n<\/ul>\n\n\n\n<p>Pod warunkiem, \u017ce nasze produkty s\u0105 transportowane, przechowywane, stosowane i obs\u0142ugiwane w spos\u00f3b odpowiedzialny, szacujemy, \u017ce powinny one zachowa\u0107 przydatno\u015b\u0107 do zamierzonego u\u017cycia przez co najmniej nast\u0119puj\u0105ce okresy:<\/p>\n\n\n\n<ul class=\"wp-block-list\">\n<li><strong>Okres przydatno\u015bci komponent\u00f3w VARIBOX przed zastosowaniem: do 24 miesi\u0119cy.<\/strong><\/li>\n\n\n\n<li><strong>Okres przydatno\u015bci komponent\u00f3w VARIBOX zamontowanych w\/na VARIBOX\/w u\u017cyciu: do 12 miesi\u0119cy.<\/strong><\/li>\n<\/ul>\n\n\n\n<p>Okres przydatno\u015bci przed zastosowaniem zak\u0142ada, \u017ce komponenty s\u0105 przechowywane w oryginalnym opakowaniu, w suchym miejscu i bez skrajnych waha\u0144 temperatury. W praktyce okres ten mo\u017ce przekracza\u0107 wskazane warto\u015bci. Jednak warunki tropikalne (wilgotne) mog\u0105 skutkowa\u0107 kr\u00f3tszym okresem przydatno\u015bci komponent\u00f3w.<\/p>\n\n\n\n<p>\u017bywotno\u015b\u0107 komponent\u00f3w VARIBOX zale\u017cy od wyboru produktu. W typowych warunkach mo\u017ce przekracza\u0107 12 miesi\u0119cy. Niemniej jednak niew\u0142a\u015bciwa obs\u0142uga, kontakt z silnie korozyjnymi substancjami lub trudne warunki \u015brodowiskowe, takie jak klimat tropikalny, mog\u0105 znacz\u0105co skr\u00f3ci\u0107 okres przydatno\u015bci.<\/p>\n\n\n\n<p>Uszkodzenia mog\u0105 wynika\u0107 z naturalnego zu\u017cycia, degradacji chemicznej, niew\u0142a\u015bciwego u\u017cytkowania, nadu\u017cy\u0107, modyfikacji komponent\u00f3w lub nieautoryzowanych napraw.<\/p>\n\n\n\n<p><strong>Nieprawid\u0142owo zamontowa\u0142em lub u\u017cywa\u0142em cz\u0119\u015bci zamiennych, co powinienem zrobi\u0107?<\/strong><br>Rotovia Deventer bv oraz Rotovia France SAS wraz z mark\u0105 VARIBOX nie ponosz\u0105 odpowiedzialno\u015bci za niew\u0142a\u015bciwe u\u017cycie lub nieprawid\u0142owy monta\u017c cz\u0119\u015bci zamiennych. Wszelkie dodatkowe szkody lub problemy s\u0105 ca\u0142kowit\u0105 odpowiedzialno\u015bci\u0105 nabywcy. W razie w\u0105tpliwo\u015bci lub potrzeby porady nale\u017cy zawsze skontaktowa\u0107 si\u0119 z obs\u0142ug\u0105 klienta.<\/p>\n\n\n\n<p><strong>Czy s\u0105 inne czynniki, kt\u00f3re nale\u017cy wzi\u0105\u0107 pod uwag\u0119 w odniesieniu do \u017cywotno\u015bci produktu?<\/strong><br>Niekt\u00f3re cz\u0119\u015bci maj\u0105 kontakt z produktami chemicznymi podczas u\u017cytkowania. Mo\u017ce to mie\u0107 dzia\u0142anie korozyjne, powodowa\u0107 p\u0119cznienie lub inne negatywne skutki, kt\u00f3re skracaj\u0105 \u017cywotno\u015b\u0107 cz\u0119\u015bci do mniej ni\u017c 5 lat.<\/p>\n\n\n\n<p><strong>Gdzie mog\u0119 zg\u0142osi\u0107 si\u0119 z pytaniami dotycz\u0105cymi produkt\u00f3w?<\/strong><br>Wi\u0119cej informacji na temat u\u017cytkowania cz\u0119\u015bci mo\u017cna znale\u017a\u0107 na stronie internetowej VARIBOX w zak\u0142adce \u201ewsparcie\u201d. Ponadto w razie pyta\u0144 mo\u017cna zawsze skontaktowa\u0107 si\u0119 z nami, wype\u0142niaj\u0105c formularz na stronie kontaktowej.<\/p>\n","protected":false},"excerpt":{"rendered":"<p>Warunki gwarancji Jakie warunki gwarancji maj\u0105 zastosowanie do zakup\u00f3w w sklepie internetowym VARIBOX?Wszystkie zakupy dokonane w sklepie internetowym VARIBOX podlegaj\u0105 og\u00f3lnym warunkom Rotovia Deventer bv oraz Rotovia France SAS. Gwarancja i okres przydatno\u015bci do u\u017cyciaZdajemy sobie spraw\u0119, \u017ce zapewnienie bezwarunkowej gwarancji i okresu przydatno\u015bci komponent\u00f3w VARIBOX jest trudne ze wzgl\u0119du na liczne czynniki, kt\u00f3re pozostaj\u0105 [&hellip;]<\/p>\n","protected":false},"author":1,"featured_media":0,"parent":0,"menu_order":0,"comment_status":"closed","ping_status":"closed","template":"","meta":{"_acf_changed":false,"footnotes":""},"class_list":["post-70699","page","type-page","status-publish","hentry"],"blocksy_meta":[],"featured_image_urls_v2":{"full":"","thumbnail":"","medium":"","medium_large":"","large":"","1536x1536":"","2048x2048":"","woocommerce_archive_thumbnail":"","gform-image-choice-sm":"","gform-image-choice-md":"","gform-image-choice-lg":"","woocommerce_thumbnail":"","woocommerce_single":"","woocommerce_gallery_thumbnail":"","variation_swatches_image_size":"","variation_swatches_tooltip_size":""},"post_excerpt_stackable_v2":"<p>Warunki gwarancji Jakie warunki gwarancji maj\u0105 zastosowanie do zakup\u00f3w w sklepie internetowym VARIBOX?Wszystkie zakupy dokonane w sklepie internetowym VARIBOX podlegaj\u0105 og\u00f3lnym warunkom Rotovia Deventer bv oraz Rotovia France SAS. Gwarancja i okres przydatno\u015bci do u\u017cyciaZdajemy sobie spraw\u0119, \u017ce zapewnienie bezwarunkowej gwarancji i okresu przydatno\u015bci komponent\u00f3w VARIBOX jest trudne ze wzgl\u0119du na liczne czynniki, kt\u00f3re pozostaj\u0105 poza nasz\u0105 kontrol\u0105. Czynniki te obejmuj\u0105 mi\u0119dzy innymi: obs\u0142ug\u0119, transport, nape\u0142nianie, przechowywanie oraz u\u017cytkowanie VARIBOX. Ponadto kryteria akceptacji i postrzeganie producent\u00f3w, nape\u0142niaczy i u\u017cytkownik\u00f3w mog\u0105 si\u0119 znacznie r\u00f3\u017cni\u0107. Dodatkowo, charakter produktu nape\u0142niaj\u0105cego mo\u017ce w istotny spos\u00f3b wp\u0142ywa\u0107 na \u017cywotno\u015b\u0107 komponent\u00f3w VARIBOX. Okres przydatno\u015bci komponent\u00f3w VARIBOX&hellip;<\/p>\n","category_list_v2":"","author_info_v2":{"name":"Best4u","url":"https:\/\/varibox.best4u.dev\/pl\/author\/best4u\/"},"comments_num_v2":"0 comments","acf":[],"_links":{"self":[{"href":"https:\/\/varibox.best4u.dev\/pl\/wp-json\/wp\/v2\/pages\/70699","targetHints":{"allow":["GET"]}}],"collection":[{"href":"https:\/\/varibox.best4u.dev\/pl\/wp-json\/wp\/v2\/pages"}],"about":[{"href":"https:\/\/varibox.best4u.dev\/pl\/wp-json\/wp\/v2\/types\/page"}],"author":[{"embeddable":true,"href":"https:\/\/varibox.best4u.dev\/pl\/wp-json\/wp\/v2\/users\/1"}],"replies":[{"embeddable":true,"href":"https:\/\/varibox.best4u.dev\/pl\/wp-json\/wp\/v2\/comments?post=70699"}],"version-history":[{"count":2,"href":"https:\/\/varibox.best4u.dev\/pl\/wp-json\/wp\/v2\/pages\/70699\/revisions"}],"predecessor-version":[{"id":70708,"href":"https:\/\/varibox.best4u.dev\/pl\/wp-json\/wp\/v2\/pages\/70699\/revisions\/70708"}],"wp:attachment":[{"href":"https:\/\/varibox.best4u.dev\/pl\/wp-json\/wp\/v2\/media?parent=70699"}],"curies":[{"name":"wp","href":"https:\/\/api.w.org\/{rel}","templated":true}]}}